{"id":3003,"date":"2021-07-04T20:37:23","date_gmt":"2021-07-04T20:37:23","guid":{"rendered":"https:\/\/restly.themepul.com\/?post_type=product&amp;p=3003"},"modified":"2021-07-04T20:37:23","modified_gmt":"2021-07-04T20:37:23","slug":"sound-box","status":"publish","type":"product","link":"https:\/\/www.metroelektrik.com.tr\/en\/product\/sound-box\/","title":{"rendered":"Sound box"},"content":{"rendered":"<p>Fortunately, two seasoned digital marketers have a plan to make your brand succeed. In Faster, Smarter, Louder, Aaron Arius, and IAN Blanca share the secrets that transformed their two-person agency.<\/p>\n<p>In today\u2019s online world, a brand\u2019s success lies in combining technological planning and social strategies to draw customers in\u2013and keep them coming back for more. Without a strong digital platform, time and money are wasted, content sits unnoticed, and prospective clients disappear.<\/p>","protected":false},"excerpt":{"rendered":"<p>Fortunately, two seasoned digital marketers have a plan to make your brand succeed. In Faster, Smarter, Louder, Aaron Agius and Gi\u00e1n Clancey share the secrets that transformed their two-person agency<\/p>","protected":false},"author":7,"featured_media":2996,"comment_status":"open","ping_status":"closed","template":"","meta":{"_monsterinsights_skip_tracking":false,"_monsterinsights_sitenote_active":false,"_monsterinsights_sitenote_note":"","_monsterinsights_sitenote_category":0},"product_brand":[],"product_cat":[152,155,160],"product_tag":[148,154,157,159],"class_list":{"0":"post-3003","1":"product","2":"type-product","3":"status-publish","4":"has-post-thumbnail","6":"product_cat-lamp","7":"product_cat-sound","8":"product_cat-wireless","9":"product_tag-cooler","10":"product_tag-smart","11":"product_tag-white","12":"product_tag-wireless","14":"first","15":"instock","16":"shipping-taxable","17":"purchasable","18":"product-type-simple"},"yoast_head":"<!-- This site is optimized with the Yoast SEO plugin v27.6 - https:\/\/yoast.com\/product\/yoast-seo-wordpress\/ -->\n<title>Sound box - Metro Elektrik<\/title>\n<meta name=\"robots\" content=\"index, follow, max-snippet:-1, max-image-preview:large, max-video-preview:-1\" \/>\n<link rel=\"canonical\" href=\"https:\/\/www.metroelektrik.com.tr\/en\/product\/sound-box\/\" \/>\n<meta property=\"og:locale\" content=\"en_GB\" \/>\n<meta property=\"og:type\" content=\"article\" \/>\n<meta property=\"og:title\" content=\"Sound box - Metro Elektrik\" \/>\n<meta property=\"og:description\" content=\"Fortunately, two seasoned digital marketers have a plan to make your brand succeed. In Faster, Smarter, Louder, Aaron Agius and Gi\u00e1n Clancey share the secrets that transformed their two-person agency\" \/>\n<meta property=\"og:url\" content=\"https:\/\/www.metroelektrik.com.tr\/en\/product\/sound-box\/\" \/>\n<meta property=\"og:site_name\" content=\"Metro Elektrik\" \/>\n<meta property=\"article:publisher\" content=\"https:\/\/www.facebook.com\/metroelektrikgroup\" \/>\n<meta name=\"twitter:card\" content=\"summary_large_image\" \/>\n<script type=\"application\/ld+json\" class=\"yoast-schema-graph\">{\"@context\":\"https:\\\/\\\/schema.org\",\"@graph\":[{\"@type\":\"WebPage\",\"@id\":\"https:\\\/\\\/www.metroelektrik.com.tr\\\/product\\\/sound-box\\\/\",\"url\":\"https:\\\/\\\/www.metroelektrik.com.tr\\\/product\\\/sound-box\\\/\",\"name\":\"Sound box - Metro Elektrik\",\"isPartOf\":{\"@id\":\"https:\\\/\\\/www.metroelektrik.com.tr\\\/#website\"},\"primaryImageOfPage\":{\"@id\":\"https:\\\/\\\/www.metroelektrik.com.tr\\\/product\\\/sound-box\\\/#primaryimage\"},\"image\":{\"@id\":\"https:\\\/\\\/www.metroelektrik.com.tr\\\/product\\\/sound-box\\\/#primaryimage\"},\"thumbnailUrl\":\"https:\\\/\\\/www.metroelektrik.com.tr\\\/wp-content\\\/uploads\\\/2021\\\/07\\\/7.jpg\",\"datePublished\":\"2021-07-04T20:37:23+00:00\",\"breadcrumb\":{\"@id\":\"https:\\\/\\\/www.metroelektrik.com.tr\\\/product\\\/sound-box\\\/#breadcrumb\"},\"inLanguage\":\"en-GB\",\"potentialAction\":[{\"@type\":\"ReadAction\",\"target\":[\"https:\\\/\\\/www.metroelektrik.com.tr\\\/product\\\/sound-box\\\/\"]}]},{\"@type\":\"ImageObject\",\"inLanguage\":\"en-GB\",\"@id\":\"https:\\\/\\\/www.metroelektrik.com.tr\\\/product\\\/sound-box\\\/#primaryimage\",\"url\":\"https:\\\/\\\/www.metroelektrik.com.tr\\\/wp-content\\\/uploads\\\/2021\\\/07\\\/7.jpg\",\"contentUrl\":\"https:\\\/\\\/www.metroelektrik.com.tr\\\/wp-content\\\/uploads\\\/2021\\\/07\\\/7.jpg\",\"width\":800,\"height\":800},{\"@type\":\"BreadcrumbList\",\"@id\":\"https:\\\/\\\/www.metroelektrik.com.tr\\\/product\\\/sound-box\\\/#breadcrumb\",\"itemListElement\":[{\"@type\":\"ListItem\",\"position\":1,\"name\":\"\u00dcr\u00fcnler\",\"item\":\"https:\\\/\\\/www.metroelektrik.com.tr\\\/shop\\\/\"},{\"@type\":\"ListItem\",\"position\":2,\"name\":\"Sound box\"}]},{\"@type\":\"WebSite\",\"@id\":\"https:\\\/\\\/www.metroelektrik.com.tr\\\/#website\",\"url\":\"https:\\\/\\\/www.metroelektrik.com.tr\\\/\",\"name\":\"Metro Elektrik\",\"description\":\"G\u00fcc\u00fcm\u00fcz Tecr\u00fcbemizdir\",\"publisher\":{\"@id\":\"https:\\\/\\\/www.metroelektrik.com.tr\\\/#organization\"},\"potentialAction\":[{\"@type\":\"SearchAction\",\"target\":{\"@type\":\"EntryPoint\",\"urlTemplate\":\"https:\\\/\\\/www.metroelektrik.com.tr\\\/?s={search_term_string}\"},\"query-input\":{\"@type\":\"PropertyValueSpecification\",\"valueRequired\":true,\"valueName\":\"search_term_string\"}}],\"inLanguage\":\"en-GB\"},{\"@type\":\"Organization\",\"@id\":\"https:\\\/\\\/www.metroelektrik.com.tr\\\/#organization\",\"name\":\"Metro Elektrik\",\"url\":\"https:\\\/\\\/www.metroelektrik.com.tr\\\/\",\"logo\":{\"@type\":\"ImageObject\",\"inLanguage\":\"en-GB\",\"@id\":\"https:\\\/\\\/www.metroelektrik.com.tr\\\/#\\\/schema\\\/logo\\\/image\\\/\",\"url\":\"https:\\\/\\\/www.metroelektrik.com.tr\\\/wp-content\\\/uploads\\\/2024\\\/01\\\/Logo-metro-blck-75.png\",\"contentUrl\":\"https:\\\/\\\/www.metroelektrik.com.tr\\\/wp-content\\\/uploads\\\/2024\\\/01\\\/Logo-metro-blck-75.png\",\"width\":197,\"height\":75,\"caption\":\"Metro Elektrik\"},\"image\":{\"@id\":\"https:\\\/\\\/www.metroelektrik.com.tr\\\/#\\\/schema\\\/logo\\\/image\\\/\"},\"sameAs\":[\"https:\\\/\\\/www.facebook.com\\\/metroelektrikgroup\",\"https:\\\/\\\/www.linkedin.com\\\/company\\\/metroelektrikgroup\\\/\",\"https:\\\/\\\/www.instagram.com\\\/metroelektrikgroup\"]}]}<\/script>\n<!-- \/ Yoast SEO plugin. -->","yoast_head_json":{"title":"Sound box - Metro Elektrik","robots":{"index":"index","follow":"follow","max-snippet":"max-snippet:-1","max-image-preview":"max-image-preview:large","max-video-preview":"max-video-preview:-1"},"canonical":"https:\/\/www.metroelektrik.com.tr\/en\/product\/sound-box\/","og_locale":"en_GB","og_type":"article","og_title":"Sound box - Metro Elektrik","og_description":"Fortunately, two seasoned digital marketers have a plan to make your brand succeed. In Faster, Smarter, Louder, Aaron Agius and Gi\u00e1n Clancey share the secrets that transformed their two-person agency","og_url":"https:\/\/www.metroelektrik.com.tr\/en\/product\/sound-box\/","og_site_name":"Metro Elektrik","article_publisher":"https:\/\/www.facebook.com\/metroelektrikgroup","twitter_card":"summary_large_image","schema":{"@context":"https:\/\/schema.org","@graph":[{"@type":"WebPage","@id":"https:\/\/www.metroelektrik.com.tr\/product\/sound-box\/","url":"https:\/\/www.metroelektrik.com.tr\/product\/sound-box\/","name":"Sound box - Metro Elektrik","isPartOf":{"@id":"https:\/\/www.metroelektrik.com.tr\/#website"},"primaryImageOfPage":{"@id":"https:\/\/www.metroelektrik.com.tr\/product\/sound-box\/#primaryimage"},"image":{"@id":"https:\/\/www.metroelektrik.com.tr\/product\/sound-box\/#primaryimage"},"thumbnailUrl":"https:\/\/www.metroelektrik.com.tr\/wp-content\/uploads\/2021\/07\/7.jpg","datePublished":"2021-07-04T20:37:23+00:00","breadcrumb":{"@id":"https:\/\/www.metroelektrik.com.tr\/product\/sound-box\/#breadcrumb"},"inLanguage":"en-GB","potentialAction":[{"@type":"ReadAction","target":["https:\/\/www.metroelektrik.com.tr\/product\/sound-box\/"]}]},{"@type":"ImageObject","inLanguage":"en-GB","@id":"https:\/\/www.metroelektrik.com.tr\/product\/sound-box\/#primaryimage","url":"https:\/\/www.metroelektrik.com.tr\/wp-content\/uploads\/2021\/07\/7.jpg","contentUrl":"https:\/\/www.metroelektrik.com.tr\/wp-content\/uploads\/2021\/07\/7.jpg","width":800,"height":800},{"@type":"BreadcrumbList","@id":"https:\/\/www.metroelektrik.com.tr\/product\/sound-box\/#breadcrumb","itemListElement":[{"@type":"ListItem","position":1,"name":"\u00dcr\u00fcnler","item":"https:\/\/www.metroelektrik.com.tr\/shop\/"},{"@type":"ListItem","position":2,"name":"Sound box"}]},{"@type":"WebSite","@id":"https:\/\/www.metroelektrik.com.tr\/#website","url":"https:\/\/www.metroelektrik.com.tr\/","name":"Metro Elektrik","description":"G\u00fcc\u00fcm\u00fcz Tecr\u00fcbemizdir","publisher":{"@id":"https:\/\/www.metroelektrik.com.tr\/#organization"},"potentialAction":[{"@type":"SearchAction","target":{"@type":"EntryPoint","urlTemplate":"https:\/\/www.metroelektrik.com.tr\/?s={search_term_string}"},"query-input":{"@type":"PropertyValueSpecification","valueRequired":true,"valueName":"search_term_string"}}],"inLanguage":"en-GB"},{"@type":"Organization","@id":"https:\/\/www.metroelektrik.com.tr\/#organization","name":"Metro Elektrik","url":"https:\/\/www.metroelektrik.com.tr\/","logo":{"@type":"ImageObject","inLanguage":"en-GB","@id":"https:\/\/www.metroelektrik.com.tr\/#\/schema\/logo\/image\/","url":"https:\/\/www.metroelektrik.com.tr\/wp-content\/uploads\/2024\/01\/Logo-metro-blck-75.png","contentUrl":"https:\/\/www.metroelektrik.com.tr\/wp-content\/uploads\/2024\/01\/Logo-metro-blck-75.png","width":197,"height":75,"caption":"Metro Elektrik"},"image":{"@id":"https:\/\/www.metroelektrik.com.tr\/#\/schema\/logo\/image\/"},"sameAs":["https:\/\/www.facebook.com\/metroelektrikgroup","https:\/\/www.linkedin.com\/company\/metroelektrikgroup\/","https:\/\/www.instagram.com\/metroelektrikgroup"]}]}},"_links":{"self":[{"href":"https:\/\/www.metroelektrik.com.tr\/en\/wp-json\/wp\/v2\/product\/3003","targetHints":{"allow":["GET"]}}],"collection":[{"href":"https:\/\/www.metroelektrik.com.tr\/en\/wp-json\/wp\/v2\/product"}],"about":[{"href":"https:\/\/www.metroelektrik.com.tr\/en\/wp-json\/wp\/v2\/types\/product"}],"author":[{"embeddable":true,"href":"https:\/\/www.metroelektrik.com.tr\/en\/wp-json\/wp\/v2\/users\/7"}],"replies":[{"embeddable":true,"href":"https:\/\/www.metroelektrik.com.tr\/en\/wp-json\/wp\/v2\/comments?post=3003"}],"wp:featuredmedia":[{"embeddable":true,"href":"https:\/\/www.metroelektrik.com.tr\/en\/wp-json\/wp\/v2\/media\/2996"}],"wp:attachment":[{"href":"https:\/\/www.metroelektrik.com.tr\/en\/wp-json\/wp\/v2\/media?parent=3003"}],"wp:term":[{"taxonomy":"product_brand","embeddable":true,"href":"https:\/\/www.metroelektrik.com.tr\/en\/wp-json\/wp\/v2\/product_brand?post=3003"},{"taxonomy":"product_cat","embeddable":true,"href":"https:\/\/www.metroelektrik.com.tr\/en\/wp-json\/wp\/v2\/product_cat?post=3003"},{"taxonomy":"product_tag","embeddable":true,"href":"https:\/\/www.metroelektrik.com.tr\/en\/wp-json\/wp\/v2\/product_tag?post=3003"}],"curies":[{"name":"wp","href":"https:\/\/api.w.org\/{rel}","templated":true}]}}