{"id":6576,"date":"2024-03-22T07:27:45","date_gmt":"2024-03-22T07:27:45","guid":{"rendered":"https:\/\/www.metroelektrik.com.tr\/?page_id=6576"},"modified":"2026-03-19T22:19:44","modified_gmt":"2026-03-19T22:19:44","slug":"insan-kaynaklari","status":"publish","type":"page","link":"https:\/\/www.metroelektrik.com.tr\/en\/insan-kaynaklari\/","title":{"rendered":"\u0130nsan Kaynaklar\u0131"},"content":{"rendered":"<div data-elementor-type=\"wp-post\" data-elementor-id=\"6576\" class=\"elementor elementor-6576\">\n\t\t\t\t<div class=\"elementor-element elementor-element-7dc4980 e-con-full e-flex elementor-invisible e-con e-parent\" data-id=\"7dc4980\" data-element_type=\"container\" data-e-type=\"container\" data-settings=\"{&quot;animation&quot;:&quot;fadeInLeft&quot;}\">\n\t\t\t\t<div class=\"elementor-element elementor-element-f873478 elementor-widget elementor-widget-spacer\" data-id=\"f873478\" data-element_type=\"widget\" data-e-type=\"widget\" data-widget_type=\"spacer.default\">\n\t\t\t\t<div class=\"elementor-widget-container\">\n\t\t\t\t\t\t\t<div class=\"elementor-spacer\">\n\t\t\t<div class=\"elementor-spacer-inner\"><\/div>\n\t\t<\/div>\n\t\t\t\t\t\t<\/div>\n\t\t\t\t<\/div>\n\t\t\t\t<\/div>\n\t\t<div class=\"elementor-element elementor-element-5ff59df e-flex e-con-boxed e-con e-parent\" data-id=\"5ff59df\" data-element_type=\"container\" data-e-type=\"container\">\n\t\t\t\t\t<div class=\"e-con-inner\">\n\t\t\t\t<div class=\"elementor-element elementor-element-1fa9338 elementor-widget elementor-widget-html\" data-id=\"1fa9338\" data-element_type=\"widget\" data-e-type=\"widget\" data-widget_type=\"html.default\">\n\t\t\t\t<div class=\"elementor-widget-container\">\n\t\t\t\t\t<!DOCTYPE html>\r\n<html lang=\"tr\">\r\n<head>\r\n  <meta charset=\"UTF-8\">\r\n  <meta name=\"viewport\" content=\"width=device-width, initial-scale=1.0\">\r\n  <title>Bize kat\u0131lmak ister misiniz?\r\n<\/title>\r\n  <!-- Font Awesome -->\r\n  <link rel=\"stylesheet\" href=\"https:\/\/cdnjs.cloudflare.com\/ajax\/libs\/font-awesome\/5.15.4\/css\/all.min.css\">\r\n  <style>\r\n    body {\r\n      font-family: Arial, sans-serif;\r\n      margin: 0;\r\n      padding: 0;\r\n      background-color: #f9f9f9;\r\n      color: #333;\r\n    }\r\n\r\n    .career-section {\r\n      max-width: 1200px;\r\n      margin: 0 auto;\r\n      padding: 60px 20px;\r\n    }\r\n\r\n    .career-title {\r\n      text-align: center;\r\n      font-size: 32px;\r\n      font-weight: 700;\r\n      margin-bottom: 40px;\r\n      color: #003366;\r\n    }\r\n\r\n    .career-description {\r\n      text-align: center;\r\n      font-size: 16px;\r\n      line-height: 1.8;\r\n      margin-bottom: 50px;\r\n      max-width: 900px;\r\n      margin-left: auto;\r\n      margin-right: auto;\r\n    }\r\n\r\n    .career-cards {\r\n      display: flex;\r\n      flex-wrap: wrap;\r\n      gap: 30px;\r\n      justify-content: center;\r\n    }\r\n\r\n    .career-card {\r\n      background: #fff;\r\n      padding: 30px 20px;\r\n      border-radius: 8px;\r\n      box-shadow: 0 4px 15px rgba(0,0,0,0.1);\r\n      flex: 1 1 250px;\r\n      max-width: 300px;\r\n      text-align: center;\r\n      transition: transform 0.3s, box-shadow 0.3s;\r\n    }\r\n\r\n    .career-card:hover {\r\n      transform: translateY(-5px);\r\n      box-shadow: 0 8px 20px rgba(0,0,0,0.15);\r\n    }\r\n\r\n    .career-card i {\r\n      font-size: 40px;\r\n      color: #0073e6;\r\n      margin-bottom: 15px;\r\n    }\r\n\r\n    .career-card a {\r\n      display: inline-block;\r\n      margin-top: 15px;\r\n      text-decoration: none;\r\n      color: #fff;\r\n      background-color: #0073e6;\r\n      padding: 10px 20px;\r\n      border-radius: 4px;\r\n      font-weight: 600;\r\n      transition: background-color 0.3s;\r\n    }\r\n\r\n    .career-card a:hover {\r\n      background-color: #005bb5;\r\n    }\r\n\r\n    \/* Responsive *\/\r\n    @media (max-width: 768px) {\r\n      .career-cards {\r\n        flex-direction: column;\r\n        align-items: center;\r\n      }\r\n    }\r\n  <\/style>\r\n<\/head>\r\n<body>\r\n\r\n  <section class=\"career-section\">\r\n    <h2 class=\"career-title\">Bize kat\u0131lmak ister misiniz?\r\n<\/h2>\r\n    <p class=\"career-description\">\r\n      Metro Elektrik ailesine kat\u0131lmak, motivasyonu y\u00fcksek, yarat\u0131c\u0131 ve dinamik bir ekipte yer almak ister misiniz? \r\n      A\u00e7\u0131k pozisyonlara ba\u015fvurmak i\u00e7in a\u015fa\u011f\u0131daki platformlar\u0131 kullanabilirsiniz. Ba\u015fvurular\u0131n\u0131z gizlilik prensibine uygun \u015fekilde i\u015flenecektir.\r\n    <\/p>\r\n\r\n    <div class=\"career-cards\">\r\n      <!-- Kariyer.net Kart\u0131 -->\r\n      <div class=\"career-card\">\r\n        <i class=\"fas fa-briefcase\"><\/i>\r\n        <h3>Kariyer.net<\/h3>\r\n        <p>A\u00e7\u0131k pozisyonlar\u0131m\u0131z\u0131 g\u00f6r\u00fcnt\u00fcleyin ve ba\u015fvurunuzu yap\u0131n.<\/p>\r\n        <a href=\"https:\/\/www.kariyer.net\/firma-profil\/metro-elektrik-muhendislik-taahhut-sanayi-ve-ticar-7973-32851\" target=\"_blank\">Ba\u015fvur<\/a>\r\n      <\/div>\r\n\r\n      <!-- LinkedIn Kart\u0131 -->\r\n      <div class=\"career-card\">\r\n        <i class=\"fab fa-linkedin\"><\/i>\r\n        <h3>LinkedIn<\/h3>\r\n        <p>LinkedIn \u00fczerinden \u015firketimizi takip edin ve kariyer f\u0131rsatlar\u0131n\u0131 inceleyin.<\/p>\r\n        <a href=\"https:\/\/www.linkedin.com\/company\/metroelektrikgroup\/mycompany\/\" target=\"_blank\">\u0130ncele<\/a>\r\n      <\/div>\r\n    <\/div>\r\n  <\/section>\r\n\r\n<\/body>\r\n<\/html>\t\t\t\t<\/div>\n\t\t\t\t<\/div>\n\t\t\t\t\t<\/div>\n\t\t\t\t<\/div>\n\t\t\t\t<\/div>","protected":false},"excerpt":{"rendered":"<p>Bize kat\u0131lmak ister misiniz? Bize kat\u0131lmak ister misiniz? Metro Elektrik ailesine kat\u0131lmak, motivasyonu y\u00fcksek, yarat\u0131c\u0131 ve dinamik bir ekipte yer almak ister misiniz? A\u00e7\u0131k pozisyonlara ba\u015fvurmak i\u00e7in a\u015fa\u011f\u0131daki platformlar\u0131 kullanabilirsiniz. Ba\u015fvurular\u0131n\u0131z gizlilik prensibine uygun \u015fekilde i\u015flenecektir. Kariyer.net A\u00e7\u0131k pozisyonlar\u0131m\u0131z\u0131 g\u00f6r\u00fcnt\u00fcleyin ve ba\u015fvurunuzu yap\u0131n. Ba\u015fvur LinkedIn LinkedIn \u00fczerinden \u015firketimizi takip edin ve kariyer f\u0131rsatlar\u0131n\u0131 inceleyin. \u0130ncele<\/p>","protected":false},"author":1,"featured_media":0,"parent":0,"menu_order":0,"comment_status":"closed","ping_status":"closed","template":"","meta":{"_monsterinsights_skip_tracking":false,"_monsterinsights_sitenote_active":false,"_monsterinsights_sitenote_note":"","_monsterinsights_sitenote_category":0,"footnotes":""},"class_list":["post-6576","page","type-page","status-publish","hentry"],"yoast_head":"<!-- This site is optimized with the Yoast SEO plugin v27.4 - https:\/\/yoast.com\/product\/yoast-seo-wordpress\/ -->\n<title>\u0130nsan Kaynaklar\u0131 - Metro Elektrik<\/title>\n<meta name=\"robots\" content=\"index, follow, max-snippet:-1, max-image-preview:large, max-video-preview:-1\" \/>\n<link rel=\"canonical\" href=\"https:\/\/www.metroelektrik.com.tr\/en\/insan-kaynaklari\/\" \/>\n<meta property=\"og:locale\" content=\"en_GB\" \/>\n<meta property=\"og:type\" content=\"article\" \/>\n<meta property=\"og:title\" content=\"\u0130nsan Kaynaklar\u0131 - Metro Elektrik\" \/>\n<meta property=\"og:description\" content=\"Bize kat\u0131lmak ister misiniz? Bize kat\u0131lmak ister misiniz? Metro Elektrik ailesine kat\u0131lmak, motivasyonu y\u00fcksek, yarat\u0131c\u0131 ve dinamik bir ekipte yer almak ister misiniz? A\u00e7\u0131k pozisyonlara ba\u015fvurmak i\u00e7in a\u015fa\u011f\u0131daki platformlar\u0131 kullanabilirsiniz. Ba\u015fvurular\u0131n\u0131z gizlilik prensibine uygun \u015fekilde i\u015flenecektir. Kariyer.net A\u00e7\u0131k pozisyonlar\u0131m\u0131z\u0131 g\u00f6r\u00fcnt\u00fcleyin ve ba\u015fvurunuzu yap\u0131n. Ba\u015fvur LinkedIn LinkedIn \u00fczerinden \u015firketimizi takip edin ve kariyer f\u0131rsatlar\u0131n\u0131 inceleyin. \u0130ncele\" \/>\n<meta property=\"og:url\" content=\"https:\/\/www.metroelektrik.com.tr\/en\/insan-kaynaklari\/\" \/>\n<meta property=\"og:site_name\" content=\"Metro Elektrik\" \/>\n<meta property=\"article:publisher\" content=\"https:\/\/www.facebook.com\/metroelektrikgroup\" \/>\n<meta property=\"article:modified_time\" content=\"2026-03-19T22:19:44+00:00\" \/>\n<meta name=\"twitter:card\" content=\"summary_large_image\" \/>\n<meta name=\"twitter:label1\" content=\"Estimated reading time\" \/>\n\t<meta name=\"twitter:data1\" content=\"1 minute\" \/>\n<script type=\"application\/ld+json\" class=\"yoast-schema-graph\">{\"@context\":\"https:\\\/\\\/schema.org\",\"@graph\":[{\"@type\":\"WebPage\",\"@id\":\"https:\\\/\\\/www.metroelektrik.com.tr\\\/insan-kaynaklari\\\/\",\"url\":\"https:\\\/\\\/www.metroelektrik.com.tr\\\/insan-kaynaklari\\\/\",\"name\":\"\u0130nsan Kaynaklar\u0131 - Metro Elektrik\",\"isPartOf\":{\"@id\":\"https:\\\/\\\/www.metroelektrik.com.tr\\\/#website\"},\"datePublished\":\"2024-03-22T07:27:45+00:00\",\"dateModified\":\"2026-03-19T22:19:44+00:00\",\"inLanguage\":\"en-GB\",\"potentialAction\":[{\"@type\":\"ReadAction\",\"target\":[\"https:\\\/\\\/www.metroelektrik.com.tr\\\/insan-kaynaklari\\\/\"]}]},{\"@type\":\"WebSite\",\"@id\":\"https:\\\/\\\/www.metroelektrik.com.tr\\\/#website\",\"url\":\"https:\\\/\\\/www.metroelektrik.com.tr\\\/\",\"name\":\"Metro Elektrik\",\"description\":\"G\u00fcc\u00fcm\u00fcz Tecr\u00fcbemizdir\",\"publisher\":{\"@id\":\"https:\\\/\\\/www.metroelektrik.com.tr\\\/#organization\"},\"potentialAction\":[{\"@type\":\"SearchAction\",\"target\":{\"@type\":\"EntryPoint\",\"urlTemplate\":\"https:\\\/\\\/www.metroelektrik.com.tr\\\/?s={search_term_string}\"},\"query-input\":{\"@type\":\"PropertyValueSpecification\",\"valueRequired\":true,\"valueName\":\"search_term_string\"}}],\"inLanguage\":\"en-GB\"},{\"@type\":\"Organization\",\"@id\":\"https:\\\/\\\/www.metroelektrik.com.tr\\\/#organization\",\"name\":\"Metro Elektrik\",\"url\":\"https:\\\/\\\/www.metroelektrik.com.tr\\\/\",\"logo\":{\"@type\":\"ImageObject\",\"inLanguage\":\"en-GB\",\"@id\":\"https:\\\/\\\/www.metroelektrik.com.tr\\\/#\\\/schema\\\/logo\\\/image\\\/\",\"url\":\"https:\\\/\\\/www.metroelektrik.com.tr\\\/wp-content\\\/uploads\\\/2024\\\/01\\\/Logo-metro-blck-75.png\",\"contentUrl\":\"https:\\\/\\\/www.metroelektrik.com.tr\\\/wp-content\\\/uploads\\\/2024\\\/01\\\/Logo-metro-blck-75.png\",\"width\":197,\"height\":75,\"caption\":\"Metro Elektrik\"},\"image\":{\"@id\":\"https:\\\/\\\/www.metroelektrik.com.tr\\\/#\\\/schema\\\/logo\\\/image\\\/\"},\"sameAs\":[\"https:\\\/\\\/www.facebook.com\\\/metroelektrikgroup\",\"https:\\\/\\\/www.linkedin.com\\\/company\\\/metroelektrikgroup\\\/\",\"https:\\\/\\\/www.instagram.com\\\/metroelektrikgroup\"]}]}<\/script>\n<!-- \/ Yoast SEO plugin. -->","yoast_head_json":{"title":"\u0130nsan Kaynaklar\u0131 - Metro Elektrik","robots":{"index":"index","follow":"follow","max-snippet":"max-snippet:-1","max-image-preview":"max-image-preview:large","max-video-preview":"max-video-preview:-1"},"canonical":"https:\/\/www.metroelektrik.com.tr\/en\/insan-kaynaklari\/","og_locale":"en_GB","og_type":"article","og_title":"\u0130nsan Kaynaklar\u0131 - Metro Elektrik","og_description":"Bize kat\u0131lmak ister misiniz? Bize kat\u0131lmak ister misiniz? Metro Elektrik ailesine kat\u0131lmak, motivasyonu y\u00fcksek, yarat\u0131c\u0131 ve dinamik bir ekipte yer almak ister misiniz? A\u00e7\u0131k pozisyonlara ba\u015fvurmak i\u00e7in a\u015fa\u011f\u0131daki platformlar\u0131 kullanabilirsiniz. Ba\u015fvurular\u0131n\u0131z gizlilik prensibine uygun \u015fekilde i\u015flenecektir. Kariyer.net A\u00e7\u0131k pozisyonlar\u0131m\u0131z\u0131 g\u00f6r\u00fcnt\u00fcleyin ve ba\u015fvurunuzu yap\u0131n. Ba\u015fvur LinkedIn LinkedIn \u00fczerinden \u015firketimizi takip edin ve kariyer f\u0131rsatlar\u0131n\u0131 inceleyin. \u0130ncele","og_url":"https:\/\/www.metroelektrik.com.tr\/en\/insan-kaynaklari\/","og_site_name":"Metro Elektrik","article_publisher":"https:\/\/www.facebook.com\/metroelektrikgroup","article_modified_time":"2026-03-19T22:19:44+00:00","twitter_card":"summary_large_image","twitter_misc":{"Estimated reading time":"1 minute"},"schema":{"@context":"https:\/\/schema.org","@graph":[{"@type":"WebPage","@id":"https:\/\/www.metroelektrik.com.tr\/insan-kaynaklari\/","url":"https:\/\/www.metroelektrik.com.tr\/insan-kaynaklari\/","name":"\u0130nsan Kaynaklar\u0131 - Metro Elektrik","isPartOf":{"@id":"https:\/\/www.metroelektrik.com.tr\/#website"},"datePublished":"2024-03-22T07:27:45+00:00","dateModified":"2026-03-19T22:19:44+00:00","inLanguage":"en-GB","potentialAction":[{"@type":"ReadAction","target":["https:\/\/www.metroelektrik.com.tr\/insan-kaynaklari\/"]}]},{"@type":"WebSite","@id":"https:\/\/www.metroelektrik.com.tr\/#website","url":"https:\/\/www.metroelektrik.com.tr\/","name":"Metro Elektrik","description":"G\u00fcc\u00fcm\u00fcz Tecr\u00fcbemizdir","publisher":{"@id":"https:\/\/www.metroelektrik.com.tr\/#organization"},"potentialAction":[{"@type":"SearchAction","target":{"@type":"EntryPoint","urlTemplate":"https:\/\/www.metroelektrik.com.tr\/?s={search_term_string}"},"query-input":{"@type":"PropertyValueSpecification","valueRequired":true,"valueName":"search_term_string"}}],"inLanguage":"en-GB"},{"@type":"Organization","@id":"https:\/\/www.metroelektrik.com.tr\/#organization","name":"Metro Elektrik","url":"https:\/\/www.metroelektrik.com.tr\/","logo":{"@type":"ImageObject","inLanguage":"en-GB","@id":"https:\/\/www.metroelektrik.com.tr\/#\/schema\/logo\/image\/","url":"https:\/\/www.metroelektrik.com.tr\/wp-content\/uploads\/2024\/01\/Logo-metro-blck-75.png","contentUrl":"https:\/\/www.metroelektrik.com.tr\/wp-content\/uploads\/2024\/01\/Logo-metro-blck-75.png","width":197,"height":75,"caption":"Metro Elektrik"},"image":{"@id":"https:\/\/www.metroelektrik.com.tr\/#\/schema\/logo\/image\/"},"sameAs":["https:\/\/www.facebook.com\/metroelektrikgroup","https:\/\/www.linkedin.com\/company\/metroelektrikgroup\/","https:\/\/www.instagram.com\/metroelektrikgroup"]}]}},"_links":{"self":[{"href":"https:\/\/www.metroelektrik.com.tr\/en\/wp-json\/wp\/v2\/pages\/6576","targetHints":{"allow":["GET"]}}],"collection":[{"href":"https:\/\/www.metroelektrik.com.tr\/en\/wp-json\/wp\/v2\/pages"}],"about":[{"href":"https:\/\/www.metroelektrik.com.tr\/en\/wp-json\/wp\/v2\/types\/page"}],"author":[{"embeddable":true,"href":"https:\/\/www.metroelektrik.com.tr\/en\/wp-json\/wp\/v2\/users\/1"}],"replies":[{"embeddable":true,"href":"https:\/\/www.metroelektrik.com.tr\/en\/wp-json\/wp\/v2\/comments?post=6576"}],"version-history":[{"count":31,"href":"https:\/\/www.metroelektrik.com.tr\/en\/wp-json\/wp\/v2\/pages\/6576\/revisions"}],"predecessor-version":[{"id":10831,"href":"https:\/\/www.metroelektrik.com.tr\/en\/wp-json\/wp\/v2\/pages\/6576\/revisions\/10831"}],"wp:attachment":[{"href":"https:\/\/www.metroelektrik.com.tr\/en\/wp-json\/wp\/v2\/media?parent=6576"}],"curies":[{"name":"wp","href":"https:\/\/api.w.org\/{rel}","templated":true}]}}