{"id":638,"date":"2018-08-28T09:20:37","date_gmt":"2018-08-28T09:20:37","guid":{"rendered":"http:\/\/www.metroelektrik.com.tr\/?page_id=638"},"modified":"2026-03-19T22:47:21","modified_gmt":"2026-03-19T22:47:21","slug":"iletisim","status":"publish","type":"page","link":"https:\/\/www.metroelektrik.com.tr\/en\/iletisim\/","title":{"rendered":"\u0130leti\u015fim"},"content":{"rendered":"<div data-elementor-type=\"wp-post\" data-elementor-id=\"638\" class=\"elementor elementor-638\">\n\t\t\t\t<div class=\"elementor-element elementor-element-2974393 e-flex e-con-boxed e-con e-parent\" data-id=\"2974393\" data-element_type=\"container\" data-e-type=\"container\">\n\t\t\t\t\t<div class=\"e-con-inner\">\n\t\t\t\t<div class=\"elementor-element elementor-element-be0d636 elementor-widget elementor-widget-spacer\" data-id=\"be0d636\" data-element_type=\"widget\" data-e-type=\"widget\" data-widget_type=\"spacer.default\">\n\t\t\t\t<div class=\"elementor-widget-container\">\n\t\t\t\t\t\t\t<div class=\"elementor-spacer\">\n\t\t\t<div class=\"elementor-spacer-inner\"><\/div>\n\t\t<\/div>\n\t\t\t\t\t\t<\/div>\n\t\t\t\t<\/div>\n\t\t\t\t\t<\/div>\n\t\t\t\t<\/div>\n\t\t<div class=\"elementor-element elementor-element-6dbace8 e-con-full e-flex elementor-invisible e-con e-parent\" data-id=\"6dbace8\" data-element_type=\"container\" data-e-type=\"container\" data-settings=\"{&quot;animation&quot;:&quot;zoomIn&quot;}\">\n\t\t\t\t<div class=\"elementor-element elementor-element-bac5ae8 elementor-widget elementor-widget-html\" data-id=\"bac5ae8\" data-element_type=\"widget\" data-e-type=\"widget\" data-widget_type=\"html.default\">\n\t\t\t\t<div class=\"elementor-widget-container\">\n\t\t\t\t\t<style>\r\n.contact-title {\r\n    text-align: center;\r\n    font-size: 35px;\r\n    font-weight: 700;\r\n    margin: 40px 0 20px;\r\n    font-family: Arial, sans-serif;\r\n    color: #003366;\r\n}\r\n\r\n.contact-container {\r\n    display: grid;\r\n    grid-template-columns: repeat(4, 1fr);\r\n    gap: 30px;\r\n    max-width: 1200px;\r\n    margin: 0 auto;\r\n    padding: 20px;\r\n    font-family: Arial, sans-serif;\r\n}\r\n\r\n.contact-block {\r\n    background: #f5f5f5;\r\n    padding: 25px;\r\n    border-radius: 8px;\r\n    box-shadow: 0 4px 15px rgba(0,0,0,0.1);\r\n    display: flex;\r\n    flex-direction: column;\r\n    justify-content: space-between;\r\n    transition: transform 0.3s;\r\n}\r\n\r\n.contact-block:hover {\r\n    transform: translateY(-5px);\r\n    box-shadow: 0 8px 20px rgba(0,0,0,0.15);\r\n}\r\n\r\n.contact-block h4 {\r\n    margin: 0 0 10px;\r\n    font-size: 24px;\r\n    color: #0073e6;\r\n    font-family: Arial, sans-serif;\r\n}\r\n\r\n.contact-block p {\r\n    margin: 5px 0;\r\n    font-size: 16px;\r\n    line-height: 1.6;\r\n    color: #333;\r\n    font-family: Arial, sans-serif;\r\n}\r\n\r\n.contact-block a.map-link {\r\n    margin-top: auto;\r\n    text-decoration: none;\r\n    color: #fff;\r\n    background-color: #0073e6;\r\n    padding: 10px 14px;\r\n    border-radius: 6px;\r\n    font-size: 16px;\r\n    text-align: center;\r\n    display: inline-block;\r\n    font-family: Arial, sans-serif;\r\n}\r\n\r\n.contact-block a.map-link:hover {\r\n    background-color: #005bb5;\r\n}\r\n\r\n\/* Tablet *\/\r\n@media (max-width: 992px) {\r\n    .contact-container {\r\n        grid-template-columns: repeat(2, 1fr);\r\n    }\r\n}\r\n\r\n\/* Mobil *\/\r\n@media (max-width: 600px) {\r\n    .contact-container {\r\n        grid-template-columns: 1fr;\r\n    }\r\n}\r\n<\/style>\r\n\r\n\r\n\r\n<div class=\"contact-container\">\r\n\r\n  <div class=\"contact-block\">\r\n    <h4>Dilovas\u0131 Merkez<\/h4>\r\n    <p>Kocaeli Kobi OSB K\u00f6seler Mah. 9. Sok. No: 5<br>41455 Dilovas\u0131 \/ Kocaeli<\/p>\r\n    <p>Tel: <a href=\"tel:+902164204040\">+90 216 420 40 40<\/a><\/p>\r\n    <a class=\"map-link\" href=\"https:\/\/www.google.com\/maps?q=Kocaeli+Kobi+OSB+K\u00f6seler+Mah.+9.+Sok.+No:+5\" target=\"_blank\">Haritada G\u00f6r<\/a>\r\n  <\/div>\r\n\r\n  <div class=\"contact-block\">\r\n    <h4>\u0130kitelli \u015eube<\/h4>\r\n    <p>\u0130kitelli Organize Sanayi B\u00f6lgesi K\u00fc\u00e7\u00fck Marmara San. B Blok No:14<br>\u0130kitelli \/ \u0130stanbul<\/p>\r\n    <p>Tel: <a href=\"tel:+902124720078\">+90 212 472 00 78<\/a><\/p>\r\n    <p>Tel: <a href=\"tel:+902124720081\">+90 212 472 00 81<\/a><\/p>\r\n    <a class=\"map-link\" href=\"https:\/\/www.google.com\/maps?q=\u0130kitelli+Organize+Sanayi+B+Blok+No:14\" target=\"_blank\">Haritada G\u00f6r<\/a>\r\n  <\/div>\r\n\r\n  <div class=\"contact-block\">\r\n    <h4>Ankara \u015eube<\/h4>\r\n    <p>Melih G\u00f6k\u00e7ek Bulvar\u0131 1122.Cadde Maxivedik Ticaret Merkezi 20\/29 (6.Kat)<br>Yenimahalle \/ Ankara<\/p>\r\n    <p>Tel: <a href=\"tel:+903122196816\">+90 312 219 68 16<\/a><\/p>\r\n    <p>Tel: <a href=\"tel:+903122194612\">+90 312 219 46 12<\/a><\/p>\r\n    <a class=\"map-link\" href=\"https:\/\/www.google.com\/maps?q=Melih+G\u00f6k\u00e7ek+Bulvar\u0131+1122.Cadde+Maxivedik+Ticaret+Merkezi+20\/29\" target=\"_blank\">Haritada G\u00f6r<\/a>\r\n  <\/div>\r\n\r\n  <div class=\"contact-block\">\r\n    <h4>\u0130zmir \u015eube<\/h4>\r\n    <p>Emirsultan Mah. Gaziler Cd. No: 478\/407<br>Konak \/ \u0130zmir<\/p>\r\n    <p>Tel: <a href=\"tel:+902324722468\">+90 232 472 24 68<\/a><\/p>\r\n    <a class=\"map-link\" href=\"https:\/\/www.google.com\/maps?q=Emirsultan+Mah.+Gaziler+Cd.+No:478\/407\" target=\"_blank\">Haritada G\u00f6r<\/a>\r\n  <\/div>\r\n\r\n<\/div>\t\t\t\t<\/div>\n\t\t\t\t<\/div>\n\t\t\t\t<\/div>\n\t\t\t\t<section class=\"elementor-section elementor-top-section elementor-element elementor-element-79982551 elementor-section-boxed elementor-section-height-default elementor-section-height-default\" data-id=\"79982551\" data-element_type=\"section\" data-e-type=\"section\">\n\t\t\t\t\t\t<div class=\"elementor-container elementor-column-gap-default\">\n\t\t\t\t\t<div class=\"elementor-column elementor-col-100 elementor-top-column elementor-element elementor-element-6c015a5c\" data-id=\"6c015a5c\" data-element_type=\"column\" data-e-type=\"column\">\n\t\t\t<div class=\"elementor-widget-wrap elementor-element-populated\">\n\t\t\t\t\t\t<div class=\"elementor-element elementor-element-491c10f6 elementor-widget elementor-widget-google_maps\" data-id=\"491c10f6\" data-element_type=\"widget\" data-e-type=\"widget\" data-widget_type=\"google_maps.default\">\n\t\t\t\t<div class=\"elementor-widget-container\">\n\t\t\t\t\t\t\t<div class=\"elementor-custom-embed\">\n\t\t\t<iframe loading=\"lazy\"\n\t\t\t\t\tsrc=\"https:\/\/maps.google.com\/maps?q=Kocaeli%20Kobi%20OSB%20K%C3%B6seler%20Mah.%209.%20Sok.%20No%3A%205%20Dilovas%C4%B1%2041455&#038;t=m&#038;z=10&#038;output=embed&#038;iwloc=near\"\n\t\t\t\t\ttitle=\"Kocaeli Kobi OSB K\u00f6seler Mah. 9. Sok. No: 5 Dilovas\u0131 41455\"\n\t\t\t\t\taria-label=\"Kocaeli Kobi OSB K\u00f6seler Mah. 9. Sok. No: 5 Dilovas\u0131 41455\"\n\t\t\t><\/iframe>\n\t\t<\/div>\n\t\t\t\t\t\t<\/div>\n\t\t\t\t<\/div>\n\t\t\t\t\t<\/div>\n\t\t<\/div>\n\t\t\t\t\t<\/div>\n\t\t<\/section>\n\t\t\t\t<\/div>","protected":false},"excerpt":{"rendered":"<p>Dilovas\u0131 Merkez Kocaeli Kobi OSB K\u00f6seler Mah. 9. Sok. No: 541455 Dilovas\u0131 \/ Kocaeli Tel: +90 216 420 40 40 Haritada G\u00f6r \u0130kitelli \u015eube \u0130kitelli Organize Sanayi B\u00f6lgesi K\u00fc\u00e7\u00fck Marmara San. B Blok No:14\u0130kitelli \/ \u0130stanbul Tel: +90 212 472 00 78 Tel: +90 212 472 00 81 Haritada G\u00f6r Ankara \u015eube Melih G\u00f6k\u00e7ek Bulvar\u0131 [&hellip;]<\/p>\n","protected":false},"author":1,"featured_media":0,"parent":0,"menu_order":0,"comment_status":"closed","ping_status":"closed","template":"","meta":{"_monsterinsights_skip_tracking":false,"_monsterinsights_sitenote_active":false,"_monsterinsights_sitenote_note":"","_monsterinsights_sitenote_category":0,"footnotes":""},"class_list":["post-638","page","type-page","status-publish","hentry"],"yoast_head":"<!-- This site is optimized with the Yoast SEO plugin v27.4 - https:\/\/yoast.com\/product\/yoast-seo-wordpress\/ -->\n<title>\u0130leti\u015fim - Metro Elektrik<\/title>\n<meta name=\"robots\" content=\"index, follow, max-snippet:-1, max-image-preview:large, max-video-preview:-1\" \/>\n<link rel=\"canonical\" href=\"https:\/\/www.metroelektrik.com.tr\/en\/iletisim\/\" \/>\n<meta property=\"og:locale\" content=\"en_GB\" \/>\n<meta property=\"og:type\" content=\"article\" \/>\n<meta property=\"og:title\" content=\"\u0130leti\u015fim - Metro Elektrik\" \/>\n<meta property=\"og:description\" content=\"Dilovas\u0131 Merkez Kocaeli Kobi OSB K\u00f6seler Mah. 9. Sok. No: 541455 Dilovas\u0131 \/ Kocaeli Tel: +90 216 420 40 40 Haritada G\u00f6r \u0130kitelli \u015eube \u0130kitelli Organize Sanayi B\u00f6lgesi K\u00fc\u00e7\u00fck Marmara San. B Blok No:14\u0130kitelli \/ \u0130stanbul Tel: +90 212 472 00 78 Tel: +90 212 472 00 81 Haritada G\u00f6r Ankara \u015eube Melih G\u00f6k\u00e7ek Bulvar\u0131 [&hellip;]\" \/>\n<meta property=\"og:url\" content=\"https:\/\/www.metroelektrik.com.tr\/en\/iletisim\/\" \/>\n<meta property=\"og:site_name\" content=\"Metro Elektrik\" \/>\n<meta property=\"article:publisher\" content=\"https:\/\/www.facebook.com\/metroelektrikgroup\" \/>\n<meta property=\"article:modified_time\" content=\"2026-03-19T22:47:21+00:00\" \/>\n<meta name=\"twitter:card\" content=\"summary_large_image\" \/>\n<meta name=\"twitter:label1\" content=\"Estimated reading time\" \/>\n\t<meta name=\"twitter:data1\" content=\"1 minute\" \/>\n<script type=\"application\/ld+json\" class=\"yoast-schema-graph\">{\"@context\":\"https:\\\/\\\/schema.org\",\"@graph\":[{\"@type\":\"WebPage\",\"@id\":\"https:\\\/\\\/www.metroelektrik.com.tr\\\/iletisim\\\/\",\"url\":\"https:\\\/\\\/www.metroelektrik.com.tr\\\/iletisim\\\/\",\"name\":\"\u0130leti\u015fim - Metro Elektrik\",\"isPartOf\":{\"@id\":\"https:\\\/\\\/www.metroelektrik.com.tr\\\/#website\"},\"datePublished\":\"2018-08-28T09:20:37+00:00\",\"dateModified\":\"2026-03-19T22:47:21+00:00\",\"inLanguage\":\"en-GB\",\"potentialAction\":[{\"@type\":\"ReadAction\",\"target\":[\"https:\\\/\\\/www.metroelektrik.com.tr\\\/iletisim\\\/\"]}]},{\"@type\":\"WebSite\",\"@id\":\"https:\\\/\\\/www.metroelektrik.com.tr\\\/#website\",\"url\":\"https:\\\/\\\/www.metroelektrik.com.tr\\\/\",\"name\":\"Metro Elektrik\",\"description\":\"G\u00fcc\u00fcm\u00fcz Tecr\u00fcbemizdir\",\"publisher\":{\"@id\":\"https:\\\/\\\/www.metroelektrik.com.tr\\\/#organization\"},\"potentialAction\":[{\"@type\":\"SearchAction\",\"target\":{\"@type\":\"EntryPoint\",\"urlTemplate\":\"https:\\\/\\\/www.metroelektrik.com.tr\\\/?s={search_term_string}\"},\"query-input\":{\"@type\":\"PropertyValueSpecification\",\"valueRequired\":true,\"valueName\":\"search_term_string\"}}],\"inLanguage\":\"en-GB\"},{\"@type\":\"Organization\",\"@id\":\"https:\\\/\\\/www.metroelektrik.com.tr\\\/#organization\",\"name\":\"Metro Elektrik\",\"url\":\"https:\\\/\\\/www.metroelektrik.com.tr\\\/\",\"logo\":{\"@type\":\"ImageObject\",\"inLanguage\":\"en-GB\",\"@id\":\"https:\\\/\\\/www.metroelektrik.com.tr\\\/#\\\/schema\\\/logo\\\/image\\\/\",\"url\":\"https:\\\/\\\/www.metroelektrik.com.tr\\\/wp-content\\\/uploads\\\/2024\\\/01\\\/Logo-metro-blck-75.png\",\"contentUrl\":\"https:\\\/\\\/www.metroelektrik.com.tr\\\/wp-content\\\/uploads\\\/2024\\\/01\\\/Logo-metro-blck-75.png\",\"width\":197,\"height\":75,\"caption\":\"Metro Elektrik\"},\"image\":{\"@id\":\"https:\\\/\\\/www.metroelektrik.com.tr\\\/#\\\/schema\\\/logo\\\/image\\\/\"},\"sameAs\":[\"https:\\\/\\\/www.facebook.com\\\/metroelektrikgroup\",\"https:\\\/\\\/www.linkedin.com\\\/company\\\/metroelektrikgroup\\\/\",\"https:\\\/\\\/www.instagram.com\\\/metroelektrikgroup\"]}]}<\/script>\n<!-- \/ Yoast SEO plugin. -->","yoast_head_json":{"title":"\u0130leti\u015fim - Metro Elektrik","robots":{"index":"index","follow":"follow","max-snippet":"max-snippet:-1","max-image-preview":"max-image-preview:large","max-video-preview":"max-video-preview:-1"},"canonical":"https:\/\/www.metroelektrik.com.tr\/en\/iletisim\/","og_locale":"en_GB","og_type":"article","og_title":"\u0130leti\u015fim - Metro Elektrik","og_description":"Dilovas\u0131 Merkez Kocaeli Kobi OSB K\u00f6seler Mah. 9. Sok. No: 541455 Dilovas\u0131 \/ Kocaeli Tel: +90 216 420 40 40 Haritada G\u00f6r \u0130kitelli \u015eube \u0130kitelli Organize Sanayi B\u00f6lgesi K\u00fc\u00e7\u00fck Marmara San. B Blok No:14\u0130kitelli \/ \u0130stanbul Tel: +90 212 472 00 78 Tel: +90 212 472 00 81 Haritada G\u00f6r Ankara \u015eube Melih G\u00f6k\u00e7ek Bulvar\u0131 [&hellip;]","og_url":"https:\/\/www.metroelektrik.com.tr\/en\/iletisim\/","og_site_name":"Metro Elektrik","article_publisher":"https:\/\/www.facebook.com\/metroelektrikgroup","article_modified_time":"2026-03-19T22:47:21+00:00","twitter_card":"summary_large_image","twitter_misc":{"Estimated reading time":"1 minute"},"schema":{"@context":"https:\/\/schema.org","@graph":[{"@type":"WebPage","@id":"https:\/\/www.metroelektrik.com.tr\/iletisim\/","url":"https:\/\/www.metroelektrik.com.tr\/iletisim\/","name":"\u0130leti\u015fim - Metro Elektrik","isPartOf":{"@id":"https:\/\/www.metroelektrik.com.tr\/#website"},"datePublished":"2018-08-28T09:20:37+00:00","dateModified":"2026-03-19T22:47:21+00:00","inLanguage":"en-GB","potentialAction":[{"@type":"ReadAction","target":["https:\/\/www.metroelektrik.com.tr\/iletisim\/"]}]},{"@type":"WebSite","@id":"https:\/\/www.metroelektrik.com.tr\/#website","url":"https:\/\/www.metroelektrik.com.tr\/","name":"Metro Elektrik","description":"G\u00fcc\u00fcm\u00fcz Tecr\u00fcbemizdir","publisher":{"@id":"https:\/\/www.metroelektrik.com.tr\/#organization"},"potentialAction":[{"@type":"SearchAction","target":{"@type":"EntryPoint","urlTemplate":"https:\/\/www.metroelektrik.com.tr\/?s={search_term_string}"},"query-input":{"@type":"PropertyValueSpecification","valueRequired":true,"valueName":"search_term_string"}}],"inLanguage":"en-GB"},{"@type":"Organization","@id":"https:\/\/www.metroelektrik.com.tr\/#organization","name":"Metro Elektrik","url":"https:\/\/www.metroelektrik.com.tr\/","logo":{"@type":"ImageObject","inLanguage":"en-GB","@id":"https:\/\/www.metroelektrik.com.tr\/#\/schema\/logo\/image\/","url":"https:\/\/www.metroelektrik.com.tr\/wp-content\/uploads\/2024\/01\/Logo-metro-blck-75.png","contentUrl":"https:\/\/www.metroelektrik.com.tr\/wp-content\/uploads\/2024\/01\/Logo-metro-blck-75.png","width":197,"height":75,"caption":"Metro Elektrik"},"image":{"@id":"https:\/\/www.metroelektrik.com.tr\/#\/schema\/logo\/image\/"},"sameAs":["https:\/\/www.facebook.com\/metroelektrikgroup","https:\/\/www.linkedin.com\/company\/metroelektrikgroup\/","https:\/\/www.instagram.com\/metroelektrikgroup"]}]}},"_links":{"self":[{"href":"https:\/\/www.metroelektrik.com.tr\/en\/wp-json\/wp\/v2\/pages\/638","targetHints":{"allow":["GET"]}}],"collection":[{"href":"https:\/\/www.metroelektrik.com.tr\/en\/wp-json\/wp\/v2\/pages"}],"about":[{"href":"https:\/\/www.metroelektrik.com.tr\/en\/wp-json\/wp\/v2\/types\/page"}],"author":[{"embeddable":true,"href":"https:\/\/www.metroelektrik.com.tr\/en\/wp-json\/wp\/v2\/users\/1"}],"replies":[{"embeddable":true,"href":"https:\/\/www.metroelektrik.com.tr\/en\/wp-json\/wp\/v2\/comments?post=638"}],"version-history":[{"count":102,"href":"https:\/\/www.metroelektrik.com.tr\/en\/wp-json\/wp\/v2\/pages\/638\/revisions"}],"predecessor-version":[{"id":11145,"href":"https:\/\/www.metroelektrik.com.tr\/en\/wp-json\/wp\/v2\/pages\/638\/revisions\/11145"}],"wp:attachment":[{"href":"https:\/\/www.metroelektrik.com.tr\/en\/wp-json\/wp\/v2\/media?parent=638"}],"curies":[{"name":"wp","href":"https:\/\/api.w.org\/{rel}","templated":true}]}}