{"id":6068,"date":"2024-03-11T14:33:42","date_gmt":"2024-03-11T14:33:42","guid":{"rendered":"https:\/\/www.metroelektrik.com.tr\/?page_id=6068"},"modified":"2026-03-19T22:22:43","modified_gmt":"2026-03-19T22:22:43","slug":"weg-turkiye","status":"publish","type":"page","link":"https:\/\/www.metroelektrik.com.tr\/en\/weg-turkiye\/","title":{"rendered":"Weg T\u00fcrkiye"},"content":{"rendered":"<div data-elementor-type=\"wp-page\" data-elementor-id=\"6068\" class=\"elementor elementor-6068\">\n\t\t\t\t<div class=\"elementor-element elementor-element-65ee5ce e-con-full e-flex e-con e-parent\" data-id=\"65ee5ce\" data-element_type=\"container\" data-e-type=\"container\">\n\t\t\t\t<div class=\"elementor-element elementor-element-b74177f elementor-widget elementor-widget-heading\" data-id=\"b74177f\" data-element_type=\"widget\" data-e-type=\"widget\" data-widget_type=\"heading.default\">\n\t\t\t\t<div class=\"elementor-widget-container\">\n\t\t\t\t\t<h3 class=\"elementor-heading-title elementor-size-default\">WEG T\u00dcRK\u0130YE G\u00dcNCEL F\u0130YAT L\u0130STELER\u0130<\/h3>\t\t\t\t<\/div>\n\t\t\t\t<\/div>\n\t\t\t\t<\/div>\n\t\t<div class=\"elementor-element elementor-element-9b8971e e-con-full e-flex e-con e-parent\" data-id=\"9b8971e\" data-element_type=\"container\" data-e-type=\"container\">\n\t\t<div class=\"elementor-element elementor-element-e8f3b0b e-con-full e-flex e-con e-child\" data-id=\"e8f3b0b\" data-element_type=\"container\" data-e-type=\"container\">\n\t\t\t\t<div class=\"elementor-element elementor-element-00a6fae elementor-widget elementor-widget-image\" data-id=\"00a6fae\" data-element_type=\"widget\" data-e-type=\"widget\" data-widget_type=\"image.default\">\n\t\t\t\t<div class=\"elementor-widget-container\">\n\t\t\t\t\t\t\t\t\t\t\t\t\t\t\t<img fetchpriority=\"high\" decoding=\"async\" width=\"300\" height=\"267\" src=\"https:\/\/www.metroelektrik.com.tr\/wp-content\/uploads\/2024\/03\/WEG-1-300x267.png\" class=\"attachment-medium size-medium wp-image-6078\" alt=\"\" srcset=\"https:\/\/www.metroelektrik.com.tr\/wp-content\/uploads\/2024\/03\/WEG-1-300x267.png 300w, https:\/\/www.metroelektrik.com.tr\/wp-content\/uploads\/2024\/03\/WEG-1.png 450w\" sizes=\"(max-width: 300px) 100vw, 300px\" \/>\t\t\t\t\t\t\t\t\t\t\t\t\t\t\t<\/div>\n\t\t\t\t<\/div>\n\t\t\t\t<\/div>\n\t\t<div class=\"elementor-element elementor-element-1a7020d e-con-full e-flex e-con e-child\" data-id=\"1a7020d\" data-element_type=\"container\" data-e-type=\"container\">\n\t\t\t\t<div class=\"elementor-element elementor-element-179b201 elementor-button-info elementor-align-justify elementor-widget elementor-widget-button\" data-id=\"179b201\" data-element_type=\"widget\" data-e-type=\"widget\" data-widget_type=\"button.default\">\n\t\t\t\t<div class=\"elementor-widget-container\">\n\t\t\t\t\t\t\t\t\t<div class=\"elementor-button-wrapper\">\n\t\t\t\t\t<a class=\"elementor-button elementor-button-link elementor-size-md\" href=\"https:\/\/www.metroelektrik.com.tr\/wp-content\/uploads\/2025\/09\/Weg-Salt-ve-Kontrol-Teknolojileri-Fiyat-Listesi_Agustos-2025-1.pdf\">\n\t\t\t\t\t\t<span class=\"elementor-button-content-wrapper\">\n\t\t\t\t\t\t\t\t\t<span class=\"elementor-button-text\">\u015ealt \u00dcr\u00fcnleri Fiyat Listesi i\u00e7in t\u0131klay\u0131n\u0131z...<\/span>\n\t\t\t\t\t<\/span>\n\t\t\t\t\t<\/a>\n\t\t\t\t<\/div>\n\t\t\t\t\t\t\t\t<\/div>\n\t\t\t\t<\/div>\n\t\t\t\t<div class=\"elementor-element elementor-element-3e3fd05 elementor-button-info elementor-align-justify elementor-widget elementor-widget-button\" data-id=\"3e3fd05\" data-element_type=\"widget\" data-e-type=\"widget\" data-widget_type=\"button.default\">\n\t\t\t\t<div class=\"elementor-widget-container\">\n\t\t\t\t\t\t\t\t\t<div class=\"elementor-button-wrapper\">\n\t\t\t\t\t<a class=\"elementor-button elementor-button-link elementor-size-md\" href=\"https:\/\/www.metroelektrik.com.tr\/wp-content\/uploads\/2025\/09\/Weg-Otomasyon-Fiyat-Listesi_Agustos-2025.pdf\">\n\t\t\t\t\t\t<span class=\"elementor-button-content-wrapper\">\n\t\t\t\t\t\t\t\t\t<span class=\"elementor-button-text\">H\u0131z Kontrol \u00dcr\u00fcnleri Fiyat Listesi i\u00e7in t\u0131klay\u0131n\u0131z...<\/span>\n\t\t\t\t\t<\/span>\n\t\t\t\t\t<\/a>\n\t\t\t\t<\/div>\n\t\t\t\t\t\t\t\t<\/div>\n\t\t\t\t<\/div>\n\t\t\t\t<\/div>\n\t\t\t\t<\/div>\n\t\t\t\t<\/div>","protected":false},"excerpt":{"rendered":"<p>WEG T\u00dcRK\u0130YE G\u00dcNCEL F\u0130YAT L\u0130STELER\u0130 \u015ealt \u00dcr\u00fcnleri Fiyat Listesi i\u00e7in t\u0131klay\u0131n\u0131z&#8230; H\u0131z Kontrol \u00dcr\u00fcnleri Fiyat Listesi i\u00e7in t\u0131klay\u0131n\u0131z&#8230;<\/p>","protected":false},"author":1,"featured_media":0,"parent":0,"menu_order":0,"comment_status":"closed","ping_status":"closed","template":"","meta":{"_monsterinsights_skip_tracking":false,"_monsterinsights_sitenote_active":false,"_monsterinsights_sitenote_note":"","_monsterinsights_sitenote_category":0,"footnotes":""},"class_list":["post-6068","page","type-page","status-publish","hentry"],"yoast_head":"<!-- This site is optimized with the Yoast SEO plugin v27.4 - https:\/\/yoast.com\/product\/yoast-seo-wordpress\/ -->\n<title>Weg T\u00fcrkiye - Metro Elektrik<\/title>\n<meta name=\"robots\" content=\"index, follow, max-snippet:-1, max-image-preview:large, max-video-preview:-1\" \/>\n<link rel=\"canonical\" href=\"https:\/\/www.metroelektrik.com.tr\/en\/weg-turkiye\/\" \/>\n<meta property=\"og:locale\" content=\"en_GB\" \/>\n<meta property=\"og:type\" content=\"article\" \/>\n<meta property=\"og:title\" content=\"Weg T\u00fcrkiye - Metro Elektrik\" \/>\n<meta property=\"og:description\" content=\"WEG T\u00dcRK\u0130YE G\u00dcNCEL F\u0130YAT L\u0130STELER\u0130 \u015ealt \u00dcr\u00fcnleri Fiyat Listesi i\u00e7in t\u0131klay\u0131n\u0131z&#8230; H\u0131z Kontrol \u00dcr\u00fcnleri Fiyat Listesi i\u00e7in t\u0131klay\u0131n\u0131z&#8230;\" \/>\n<meta property=\"og:url\" content=\"https:\/\/www.metroelektrik.com.tr\/en\/weg-turkiye\/\" \/>\n<meta property=\"og:site_name\" content=\"Metro Elektrik\" \/>\n<meta property=\"article:publisher\" content=\"https:\/\/www.facebook.com\/metroelektrikgroup\" \/>\n<meta property=\"article:modified_time\" content=\"2026-03-19T22:22:43+00:00\" \/>\n<meta property=\"og:image\" content=\"https:\/\/www.metroelektrik.com.tr\/wp-content\/uploads\/2024\/03\/WEG-1-300x267.png\" \/>\n<meta name=\"twitter:card\" content=\"summary_large_image\" \/>\n<meta name=\"twitter:label1\" content=\"Estimated reading time\" \/>\n\t<meta name=\"twitter:data1\" content=\"1 minute\" \/>\n<script type=\"application\/ld+json\" class=\"yoast-schema-graph\">{\"@context\":\"https:\\\/\\\/schema.org\",\"@graph\":[{\"@type\":\"WebPage\",\"@id\":\"https:\\\/\\\/www.metroelektrik.com.tr\\\/weg-turkiye\\\/\",\"url\":\"https:\\\/\\\/www.metroelektrik.com.tr\\\/weg-turkiye\\\/\",\"name\":\"Weg T\u00fcrkiye - Metro Elektrik\",\"isPartOf\":{\"@id\":\"https:\\\/\\\/www.metroelektrik.com.tr\\\/#website\"},\"primaryImageOfPage\":{\"@id\":\"https:\\\/\\\/www.metroelektrik.com.tr\\\/weg-turkiye\\\/#primaryimage\"},\"image\":{\"@id\":\"https:\\\/\\\/www.metroelektrik.com.tr\\\/weg-turkiye\\\/#primaryimage\"},\"thumbnailUrl\":\"https:\\\/\\\/www.metroelektrik.com.tr\\\/wp-content\\\/uploads\\\/2024\\\/03\\\/WEG-1-300x267.png\",\"datePublished\":\"2024-03-11T14:33:42+00:00\",\"dateModified\":\"2026-03-19T22:22:43+00:00\",\"inLanguage\":\"en-GB\",\"potentialAction\":[{\"@type\":\"ReadAction\",\"target\":[\"https:\\\/\\\/www.metroelektrik.com.tr\\\/weg-turkiye\\\/\"]}]},{\"@type\":\"ImageObject\",\"inLanguage\":\"en-GB\",\"@id\":\"https:\\\/\\\/www.metroelektrik.com.tr\\\/weg-turkiye\\\/#primaryimage\",\"url\":\"https:\\\/\\\/www.metroelektrik.com.tr\\\/wp-content\\\/uploads\\\/2024\\\/03\\\/WEG-1-300x267.png\",\"contentUrl\":\"https:\\\/\\\/www.metroelektrik.com.tr\\\/wp-content\\\/uploads\\\/2024\\\/03\\\/WEG-1-300x267.png\"},{\"@type\":\"WebSite\",\"@id\":\"https:\\\/\\\/www.metroelektrik.com.tr\\\/#website\",\"url\":\"https:\\\/\\\/www.metroelektrik.com.tr\\\/\",\"name\":\"Metro Elektrik\",\"description\":\"G\u00fcc\u00fcm\u00fcz Tecr\u00fcbemizdir\",\"publisher\":{\"@id\":\"https:\\\/\\\/www.metroelektrik.com.tr\\\/#organization\"},\"potentialAction\":[{\"@type\":\"SearchAction\",\"target\":{\"@type\":\"EntryPoint\",\"urlTemplate\":\"https:\\\/\\\/www.metroelektrik.com.tr\\\/?s={search_term_string}\"},\"query-input\":{\"@type\":\"PropertyValueSpecification\",\"valueRequired\":true,\"valueName\":\"search_term_string\"}}],\"inLanguage\":\"en-GB\"},{\"@type\":\"Organization\",\"@id\":\"https:\\\/\\\/www.metroelektrik.com.tr\\\/#organization\",\"name\":\"Metro Elektrik\",\"url\":\"https:\\\/\\\/www.metroelektrik.com.tr\\\/\",\"logo\":{\"@type\":\"ImageObject\",\"inLanguage\":\"en-GB\",\"@id\":\"https:\\\/\\\/www.metroelektrik.com.tr\\\/#\\\/schema\\\/logo\\\/image\\\/\",\"url\":\"https:\\\/\\\/www.metroelektrik.com.tr\\\/wp-content\\\/uploads\\\/2024\\\/01\\\/Logo-metro-blck-75.png\",\"contentUrl\":\"https:\\\/\\\/www.metroelektrik.com.tr\\\/wp-content\\\/uploads\\\/2024\\\/01\\\/Logo-metro-blck-75.png\",\"width\":197,\"height\":75,\"caption\":\"Metro Elektrik\"},\"image\":{\"@id\":\"https:\\\/\\\/www.metroelektrik.com.tr\\\/#\\\/schema\\\/logo\\\/image\\\/\"},\"sameAs\":[\"https:\\\/\\\/www.facebook.com\\\/metroelektrikgroup\",\"https:\\\/\\\/www.linkedin.com\\\/company\\\/metroelektrikgroup\\\/\",\"https:\\\/\\\/www.instagram.com\\\/metroelektrikgroup\"]}]}<\/script>\n<!-- \/ Yoast SEO plugin. -->","yoast_head_json":{"title":"Weg T\u00fcrkiye - Metro Elektrik","robots":{"index":"index","follow":"follow","max-snippet":"max-snippet:-1","max-image-preview":"max-image-preview:large","max-video-preview":"max-video-preview:-1"},"canonical":"https:\/\/www.metroelektrik.com.tr\/en\/weg-turkiye\/","og_locale":"en_GB","og_type":"article","og_title":"Weg T\u00fcrkiye - Metro Elektrik","og_description":"WEG T\u00dcRK\u0130YE G\u00dcNCEL F\u0130YAT L\u0130STELER\u0130 \u015ealt \u00dcr\u00fcnleri Fiyat Listesi i\u00e7in t\u0131klay\u0131n\u0131z&#8230; H\u0131z Kontrol \u00dcr\u00fcnleri Fiyat Listesi i\u00e7in t\u0131klay\u0131n\u0131z&#8230;","og_url":"https:\/\/www.metroelektrik.com.tr\/en\/weg-turkiye\/","og_site_name":"Metro Elektrik","article_publisher":"https:\/\/www.facebook.com\/metroelektrikgroup","article_modified_time":"2026-03-19T22:22:43+00:00","og_image":[{"url":"https:\/\/www.metroelektrik.com.tr\/wp-content\/uploads\/2024\/03\/WEG-1-300x267.png","type":"","width":"","height":""}],"twitter_card":"summary_large_image","twitter_misc":{"Estimated reading time":"1 minute"},"schema":{"@context":"https:\/\/schema.org","@graph":[{"@type":"WebPage","@id":"https:\/\/www.metroelektrik.com.tr\/weg-turkiye\/","url":"https:\/\/www.metroelektrik.com.tr\/weg-turkiye\/","name":"Weg T\u00fcrkiye - Metro Elektrik","isPartOf":{"@id":"https:\/\/www.metroelektrik.com.tr\/#website"},"primaryImageOfPage":{"@id":"https:\/\/www.metroelektrik.com.tr\/weg-turkiye\/#primaryimage"},"image":{"@id":"https:\/\/www.metroelektrik.com.tr\/weg-turkiye\/#primaryimage"},"thumbnailUrl":"https:\/\/www.metroelektrik.com.tr\/wp-content\/uploads\/2024\/03\/WEG-1-300x267.png","datePublished":"2024-03-11T14:33:42+00:00","dateModified":"2026-03-19T22:22:43+00:00","inLanguage":"en-GB","potentialAction":[{"@type":"ReadAction","target":["https:\/\/www.metroelektrik.com.tr\/weg-turkiye\/"]}]},{"@type":"ImageObject","inLanguage":"en-GB","@id":"https:\/\/www.metroelektrik.com.tr\/weg-turkiye\/#primaryimage","url":"https:\/\/www.metroelektrik.com.tr\/wp-content\/uploads\/2024\/03\/WEG-1-300x267.png","contentUrl":"https:\/\/www.metroelektrik.com.tr\/wp-content\/uploads\/2024\/03\/WEG-1-300x267.png"},{"@type":"WebSite","@id":"https:\/\/www.metroelektrik.com.tr\/#website","url":"https:\/\/www.metroelektrik.com.tr\/","name":"Metro Elektrik","description":"G\u00fcc\u00fcm\u00fcz Tecr\u00fcbemizdir","publisher":{"@id":"https:\/\/www.metroelektrik.com.tr\/#organization"},"potentialAction":[{"@type":"SearchAction","target":{"@type":"EntryPoint","urlTemplate":"https:\/\/www.metroelektrik.com.tr\/?s={search_term_string}"},"query-input":{"@type":"PropertyValueSpecification","valueRequired":true,"valueName":"search_term_string"}}],"inLanguage":"en-GB"},{"@type":"Organization","@id":"https:\/\/www.metroelektrik.com.tr\/#organization","name":"Metro Elektrik","url":"https:\/\/www.metroelektrik.com.tr\/","logo":{"@type":"ImageObject","inLanguage":"en-GB","@id":"https:\/\/www.metroelektrik.com.tr\/#\/schema\/logo\/image\/","url":"https:\/\/www.metroelektrik.com.tr\/wp-content\/uploads\/2024\/01\/Logo-metro-blck-75.png","contentUrl":"https:\/\/www.metroelektrik.com.tr\/wp-content\/uploads\/2024\/01\/Logo-metro-blck-75.png","width":197,"height":75,"caption":"Metro Elektrik"},"image":{"@id":"https:\/\/www.metroelektrik.com.tr\/#\/schema\/logo\/image\/"},"sameAs":["https:\/\/www.facebook.com\/metroelektrikgroup","https:\/\/www.linkedin.com\/company\/metroelektrikgroup\/","https:\/\/www.instagram.com\/metroelektrikgroup"]}]}},"_links":{"self":[{"href":"https:\/\/www.metroelektrik.com.tr\/en\/wp-json\/wp\/v2\/pages\/6068","targetHints":{"allow":["GET"]}}],"collection":[{"href":"https:\/\/www.metroelektrik.com.tr\/en\/wp-json\/wp\/v2\/pages"}],"about":[{"href":"https:\/\/www.metroelektrik.com.tr\/en\/wp-json\/wp\/v2\/types\/page"}],"author":[{"embeddable":true,"href":"https:\/\/www.metroelektrik.com.tr\/en\/wp-json\/wp\/v2\/users\/1"}],"replies":[{"embeddable":true,"href":"https:\/\/www.metroelektrik.com.tr\/en\/wp-json\/wp\/v2\/comments?post=6068"}],"version-history":[{"count":19,"href":"https:\/\/www.metroelektrik.com.tr\/en\/wp-json\/wp\/v2\/pages\/6068\/revisions"}],"predecessor-version":[{"id":8127,"href":"https:\/\/www.metroelektrik.com.tr\/en\/wp-json\/wp\/v2\/pages\/6068\/revisions\/8127"}],"wp:attachment":[{"href":"https:\/\/www.metroelektrik.com.tr\/en\/wp-json\/wp\/v2\/media?parent=6068"}],"curies":[{"name":"wp","href":"https:\/\/api.w.org\/{rel}","templated":true}]}}