{"id":561,"date":"2018-08-10T13:17:21","date_gmt":"2018-08-10T13:17:21","guid":{"rendered":"http:\/\/www.metroelektrik.com.tr\/?page_id=561"},"modified":"2026-03-19T12:23:49","modified_gmt":"2026-03-19T12:23:49","slug":"urun-gruplarimiz","status":"publish","type":"page","link":"https:\/\/www.metroelektrik.com.tr\/en\/urun-gruplarimiz\/","title":{"rendered":"\u00dcr\u00fcn Gruplar\u0131m\u0131z"},"content":{"rendered":"\t\t<div data-elementor-type=\"wp-post\" data-elementor-id=\"561\" class=\"elementor elementor-561\">\n\t\t\t\t<div class=\"elementor-element elementor-element-7069355 e-flex e-con-boxed e-con e-parent\" data-id=\"7069355\" data-element_type=\"container\" data-e-type=\"container\">\n\t\t\t\t\t<div class=\"e-con-inner\">\n\t\t\t\t<div class=\"elementor-element elementor-element-656dcb0 elementor-widget elementor-widget-spacer\" data-id=\"656dcb0\" data-element_type=\"widget\" data-e-type=\"widget\" data-widget_type=\"spacer.default\">\n\t\t\t\t<div class=\"elementor-widget-container\">\n\t\t\t\t\t\t\t<div class=\"elementor-spacer\">\n\t\t\t<div class=\"elementor-spacer-inner\"><\/div>\n\t\t<\/div>\n\t\t\t\t\t\t<\/div>\n\t\t\t\t<\/div>\n\t\t\t\t\t<\/div>\n\t\t\t\t<\/div>\n\t\t<div class=\"elementor-element elementor-element-d269b25 e-flex e-con-boxed e-con e-parent\" data-id=\"d269b25\" data-element_type=\"container\" data-e-type=\"container\">\n\t\t\t\t\t<div class=\"e-con-inner\">\n\t\t\t\t<div class=\"elementor-element elementor-element-33daf4e elementor-widget elementor-widget-html\" data-id=\"33daf4e\" data-element_type=\"widget\" data-e-type=\"widget\" data-widget_type=\"html.default\">\n\t\t\t\t<div class=\"elementor-widget-container\">\n\t\t\t\t\t<div style=\"max-width:1200px; margin:0 auto; padding:50px 20px; font-family:Arial,sans-serif;\">\r\n  <h2 style=\"text-align:center; color:#003366; font-size:35px; margin-bottom:50px;\">\u00dcr\u00fcn Gruplar\u0131m\u0131z<\/h2>\r\n\r\n  <div style=\"display:grid; grid-template-columns:repeat(auto-fill, minmax(260px, 1fr)); gap:30px; justify-items:center;\">\r\n\r\n    <!-- 1. Al\u00e7ak Gerilim \u015ealt \u00dcr\u00fcnleri -->\r\n    <div style=\"background:#f5f5f5; border-radius:8px; box-shadow:0 4px 12px rgba(0,0,0,0.1); overflow:hidden; transition:transform 0.3s; width:100%;\">\r\n      <img decoding=\"async\" src=\"https:\/\/www.metroelektrik.com.tr\/wp-content\/uploads\/2024\/03\/alcak-gerilim-salt-urunleri.jpg\" alt=\"Al\u00e7ak Gerilim \u015ealt \u00dcr\u00fcnleri\" style=\"width:100%; height:auto;\">\r\n      <div style=\"padding:20px;\">\r\n        <h3 style=\"color:#0073e6; font-size:24px; margin-bottom:10px;\">Al\u00e7ak Gerilim \u015ealt \u00dcr\u00fcnleri<\/h3>\r\n        <p style=\"font-size:16px; line-height:1.6; color:#333;\">A\u00e7\u0131k Tip Devre Kesiciler, Kompakt \u015ealterler, W-Otomatlar, Toprak Ka\u00e7ak Ak\u0131m Koruma Cihazlar\u0131, Kontakt\u00f6rler, Yumu\u015fak Yol Vericiler, Motor Koruma \u015ealterleri, Termik R\u00f6leler, B\u0131\u00e7akl\u0131 Sigortalar, Y\u00fck Kesiciler, Buton ve Sinyal Lambalar\u0131 v.b.<\/p>\r\n      <\/div>\r\n    <\/div>\r\n\r\n    <!-- 2. Al\u00e7ak ve Orta Gerilim Kompanzasyon \u00dcr\u00fcnleri -->\r\n    <div style=\"background:#f5f5f5; border-radius:8px; box-shadow:0 4px 12px rgba(0,0,0,0.1); overflow:hidden; transition:transform 0.3s; width:100%;\">\r\n      <img decoding=\"async\" src=\"https:\/\/www.metroelektrik.com.tr\/wp-content\/uploads\/2024\/03\/kompanzasyon-panosu.jpg\" alt=\"Al\u00e7ak ve Orta Gerilim Kompanzasyon \u00dcr\u00fcnleri\" style=\"width:100%; height:auto;\">\r\n      <div style=\"padding:20px;\">\r\n        <h3 style=\"color:#0073e6; font-size:24px; margin-bottom:10px;\">Al\u00e7ak ve Orta Gerilim Kompanzasyon \u00dcr\u00fcnleri<\/h3>\r\n        <p style=\"font-size:16px; line-height:1.6; color:#333;\">Kondansat\u00f6rler, Reaktif G\u00fc\u00e7 Kontrol R\u00f6leleri, Harmonik \u00c7\u00f6z\u00fcm Filtreleri, De\u015farj Bobinleri v.b.<\/p>\r\n      <\/div>\r\n    <\/div>\r\n\r\n    <!-- 3. \u00d6l\u00e7\u00fcm Cihazlar\u0131 -->\r\n    <div style=\"background:#f5f5f5; border-radius:8px; box-shadow:0 4px 12px rgba(0,0,0,0.1); overflow:hidden; transition:transform 0.3s; width:100%;\">\r\n      <img decoding=\"async\" src=\"https:\/\/www.metroelektrik.com.tr\/wp-content\/uploads\/2024\/03\/olcum-cihazlari.jpg\" alt=\"\u00d6l\u00e7\u00fcm Cihazlar\u0131\" style=\"width:100%; height:auto;\">\r\n      <div style=\"padding:20px;\">\r\n        <h3 style=\"color:#0073e6; font-size:24px; margin-bottom:10px;\">\u00d6l\u00e7\u00fcm Cihazlar\u0131<\/h3>\r\n        <p style=\"font-size:16px; line-height:1.6; color:#333;\">Elektronik veya mekanik saya\u00e7lar, ampermetreler, voltmetreler, wattmetreler, varmetreler, \u00f6zel \u00f6l\u00e7\u00fcm cihazlar\u0131, enerji analiz\u00f6rleri v.b.<\/p>\r\n      <\/div>\r\n    <\/div>\r\n\r\n    <!-- 4. Orta Gerilim Da\u011f\u0131t\u0131m Transformat\u00f6rleri -->\r\n    <div style=\"background:#f5f5f5; border-radius:8px; box-shadow:0 4px 12px rgba(0,0,0,0.1); overflow:hidden; transition:transform 0.3s; width:100%;\">\r\n      <img decoding=\"async\" src=\"https:\/\/www.metroelektrik.com.tr\/wp-content\/uploads\/2024\/03\/orta-gerilim-dagitim-transformatorleri.jpg\" alt=\"Orta Gerilim Da\u011f\u0131t\u0131m Transformat\u00f6rleri\" style=\"width:100%; height:auto;\">\r\n      <div style=\"padding:20px;\">\r\n        <h3 style=\"color:#0073e6; font-size:24px; margin-bottom:10px;\">Orta Gerilim Da\u011f\u0131t\u0131m Transformat\u00f6rleri<\/h3>\r\n        <p style=\"font-size:16px; line-height:1.6; color:#333;\">Ya\u011fl\u0131 ve kuru tip da\u011f\u0131t\u0131m transformat\u00f6rleri ve yard\u0131mc\u0131 aksesuarlar\u0131.<\/p>\r\n      <\/div>\r\n    <\/div>\r\n\r\n    <!-- 5. Y\u00fcksek Gerilim G\u00fc\u00e7 Transformat\u00f6rleri -->\r\n    <div style=\"background:#f5f5f5; border-radius:8px; box-shadow:0 4px 12px rgba(0,0,0,0.1); overflow:hidden; transition:transform 0.3s; width:100%;\">\r\n      <img decoding=\"async\" src=\"https:\/\/www.metroelektrik.com.tr\/wp-content\/uploads\/2024\/03\/yuksek-gerilim-guc-trafolari.jpg\" alt=\"Y\u00fcksek Gerilim G\u00fc\u00e7 Transformat\u00f6rleri\" style=\"width:100%; height:auto;\">\r\n      <div style=\"padding:20px;\">\r\n        <h3 style=\"color:#0073e6; font-size:24px; margin-bottom:10px;\">Y\u00fcksek Gerilim G\u00fc\u00e7 Transformat\u00f6rleri<\/h3>\r\n        <p style=\"font-size:16px; line-height:1.6; color:#333;\">Ya\u011fl\u0131 ve kuru tip g\u00fc\u00e7 da\u011f\u0131t\u0131m transformat\u00f6rleri ve yard\u0131mc\u0131 aksesuarlar\u0131.<\/p>\r\n      <\/div>\r\n    <\/div>\r\n\r\n    <!-- 6. Kablolar ve \u0130letkenler -->\r\n    <div style=\"background:#f5f5f5; border-radius:8px; box-shadow:0 4px 12px rgba(0,0,0,0.1); overflow:hidden; transition:transform 0.3s; width:100%;\">\r\n      <img decoding=\"async\" src=\"https:\/\/www.metroelektrik.com.tr\/wp-content\/uploads\/2024\/03\/kablo.jpg\" alt=\"Kablolar ve \u0130letkenler\" style=\"width:100%; height:auto;\">\r\n      <div style=\"padding:20px;\">\r\n        <h3 style=\"color:#0073e6; font-size:24px; margin-bottom:10px;\">Kablolar ve \u0130letkenler<\/h3>\r\n        <p style=\"font-size:16px; line-height:1.6; color:#333;\">Al\u00e7ak ve Orta Gerilim Enerji Kablolar\u0131, Telefon Kablolar\u0131, Yang\u0131n Kablolar\u0131, Kumanda Kablolar\u0131, Data Kablolar\u0131, Al\u00fcminyum ve \u00c7elik \u00d6zl\u00fc \u0130letkenler, Bak\u0131r \u0130letkenler ve Baralar v.b.<\/p>\r\n      <\/div>\r\n    <\/div>\r\n\r\n    <!-- 7. Orta Gerilim H\u00fccreler -->\r\n    <div style=\"background:#f5f5f5; border-radius:8px; box-shadow:0 4px 12px rgba(0,0,0,0.1); overflow:hidden; transition:transform 0.3s; width:100%;\">\r\n      <img decoding=\"async\" src=\"https:\/\/www.metroelektrik.com.tr\/wp-content\/uploads\/2024\/03\/orta-gerilim-hucreleri.jpg\" alt=\"Orta Gerilim H\u00fccreler\" style=\"width:100%; height:auto;\">\r\n      <div style=\"padding:20px;\">\r\n        <h3 style=\"color:#0073e6; font-size:24px; margin-bottom:10px;\">Orta Gerilim H\u00fccreler<\/h3>\r\n        <p style=\"font-size:16px; line-height:1.6; color:#333;\">Mod\u00fcler H\u00fccreler, Beton K\u00f6\u015fk H\u00fccreler, v.b.<\/p>\r\n      <\/div>\r\n    <\/div>\r\n\r\n    <!-- 8. Y\u00fcksek Gerilim Kesici ve Ay\u0131r\u0131c\u0131lar -->\r\n    <div style=\"background:#f5f5f5; border-radius:8px; box-shadow:0 4px 12px rgba(0,0,0,0.1); overflow:hidden; transition:transform 0.3s; width:100%;\">\r\n      <img decoding=\"async\" src=\"https:\/\/www.metroelektrik.com.tr\/wp-content\/uploads\/2024\/03\/kesici-ayirici-1.jpg\" alt=\"Y\u00fcksek Gerilim Kesici ve Ay\u0131r\u0131c\u0131lar\" style=\"width:100%; height:auto;\">\r\n      <div style=\"padding:20px;\">\r\n        <h3 style=\"color:#0073e6; font-size:24px; margin-bottom:10px;\">Y\u00fcksek Gerilim Kesici ve Ay\u0131r\u0131c\u0131lar<\/h3>\r\n        <p style=\"font-size:16px; line-height:1.6; color:#333;\">SF6 Gazl\u0131 ve vakumlu kesiciler, Y\u00fck Ay\u0131r\u0131c\u0131lar\u0131, Normal Ay\u0131r\u0131c\u0131lar.<\/p>\r\n      <\/div>\r\n    <\/div>\r\n\r\n    <!-- 9. Al\u00e7ak Gerilim Ana Da\u011f\u0131t\u0131m Panolar\u0131 -->\r\n    <div style=\"background:#f5f5f5; border-radius:8px; box-shadow:0 4px 12px rgba(0,0,0,0.1); overflow:hidden; transition:transform 0.3s; width:100%;\">\r\n      <img decoding=\"async\" src=\"https:\/\/www.metroelektrik.com.tr\/wp-content\/uploads\/2024\/03\/dagitim-panosu.jpg\" alt=\"Al\u00e7ak Gerilim Ana Da\u011f\u0131t\u0131m Panolar\u0131\" style=\"width:100%; height:auto;\">\r\n      <div style=\"padding:20px;\">\r\n        <h3 style=\"color:#0073e6; font-size:24px; margin-bottom:10px;\">Al\u00e7ak Gerilim Ana Da\u011f\u0131t\u0131m Panolar\u0131<\/h3>\r\n        <p style=\"font-size:16px; line-height:1.6; color:#333;\">Ana Da\u011f\u0131t\u0131m Panolar\u0131, Tali Da\u011f\u0131t\u0131m Panolar\u0131, Kompanzasyon Panolar\u0131, MCC ve Otomasyon Panolar\u0131 v.b.<\/p>\r\n      <\/div>\r\n    <\/div>\r\n\r\n    <!-- 10. Koruma Ekipmanlar\u0131 -->\r\n    <div style=\"background:#f5f5f5; border-radius:8px; box-shadow:0 4px 12px rgba(0,0,0,0.1); overflow:hidden; transition:transform 0.3s; width:100%;\">\r\n      <img decoding=\"async\" src=\"https:\/\/www.metroelektrik.com.tr\/wp-content\/uploads\/2024\/03\/roleler.jpg\" alt=\"Koruma Ekipmanlar\u0131\" style=\"width:100%; height:auto;\">\r\n      <div style=\"padding:20px;\">\r\n        <h3 style=\"color:#0073e6; font-size:24px; margin-bottom:10px;\">Koruma Ekipmanlar\u0131<\/h3>\r\n        <p style=\"font-size:16px; line-height:1.6; color:#333;\">A\u015f\u0131r\u0131 ak\u0131m r\u00f6leleri, a\u015f\u0131r\u0131-d\u00fc\u015f\u00fck gerilim r\u00f6leleri, diferansiyel r\u00f6leler, ihbar r\u00f6le kombinasyonlar\u0131, v.b.<\/p>\r\n      <\/div>\r\n    <\/div>\r\n\r\n    <!-- 11. Kablo ve \u0130letken Aksesuarlar\u0131 + Di\u011fer \u00dcr\u00fcnler -->\r\n    <div style=\"background:#f5f5f5; border-radius:8px; box-shadow:0 4px 12px rgba(0,0,0,0.1); overflow:hidden; transition:transform 0.3s; width:100%;\">\r\n      <img decoding=\"async\" src=\"https:\/\/www.metroelektrik.com.tr\/wp-content\/uploads\/2024\/03\/kablo-ve-iletken-aksesuarlar-1.jpg\" alt=\"Kablo ve \u0130letken Aksesuarlar\u0131\" style=\"width:100%; height:auto;\">\r\n      <div style=\"padding:20px;\">\r\n        <h3 style=\"color:#0073e6; font-size:24px; margin-bottom:10px;\">Kablo ve \u0130letken Aksesuarlar\u0131 & Di\u011fer \u00dcr\u00fcnler<\/h3>\r\n        <p style=\"font-size:16px; line-height:1.6; color:#333;\">Kablo Ba\u015fl\u0131klar\u0131, Ek Muflar, Pabu\u00e7lar, Klemensler, Topraklama \u00dcr\u00fcnleri, Orta Gerilim Sigortalar, \u0130zolat\u00f6rler, Ayd\u0131nlatma Armat\u00fcr ve Ampulleri, Otomasyon \u00dcr\u00fcnleri v.b.<\/p>\r\n      <\/div>\r\n    <\/div>\r\n\r\n  <\/div>\r\n<\/div>\r\n\r\n<style>\r\ndiv[style*=\"transition:transform\"] { cursor:pointer; }\r\ndiv[style*=\"transition:transform\"]:hover { transform:translateY(-5px); box-shadow:0 8px 20px rgba(0,0,0,0.15); }\r\n\r\n@media(max-width:1024px){\r\n  div[style*=\"grid-template-columns\"] { grid-template-columns:repeat(auto-fill,minmax(220px,1fr)); }\r\n}\r\n@media(max-width:768px){\r\n  div[style*=\"grid-template-columns\"] { grid-template-columns:repeat(auto-fill,minmax(100%,1fr)); }\r\n}\r\n<\/style>\t\t\t\t<\/div>\n\t\t\t\t<\/div>\n\t\t\t\t\t<\/div>\n\t\t\t\t<\/div>\n\t\t\t\t<\/div>\n\t\t","protected":false},"excerpt":{"rendered":"<p>\u00dcr\u00fcn Gruplar\u0131m\u0131z Al\u00e7ak Gerilim \u015ealt \u00dcr\u00fcnleri A\u00e7\u0131k Tip Devre Kesiciler, Kompakt \u015ealterler, W-Otomatlar, Toprak Ka\u00e7ak Ak\u0131m Koruma Cihazlar\u0131, Kontakt\u00f6rler, Yumu\u015fak Yol Vericiler, Motor Koruma \u015ealterleri, Termik R\u00f6leler, B\u0131\u00e7akl\u0131 Sigortalar, Y\u00fck Kesiciler, Buton ve Sinyal Lambalar\u0131 v.b. Al\u00e7ak ve Orta Gerilim Kompanzasyon \u00dcr\u00fcnleri Kondansat\u00f6rler, Reaktif G\u00fc\u00e7 Kontrol R\u00f6leleri, Harmonik \u00c7\u00f6z\u00fcm Filtreleri, De\u015farj Bobinleri v.b. \u00d6l\u00e7\u00fcm Cihazlar\u0131 [&hellip;]<\/p>\n","protected":false},"author":1,"featured_media":0,"parent":0,"menu_order":0,"comment_status":"closed","ping_status":"closed","template":"blank-template.php","meta":{"_monsterinsights_skip_tracking":false,"_monsterinsights_sitenote_active":false,"_monsterinsights_sitenote_note":"","_monsterinsights_sitenote_category":0,"footnotes":""},"class_list":["post-561","page","type-page","status-publish","hentry"],"yoast_head":"<!-- This site is optimized with the Yoast SEO plugin v27.4 - https:\/\/yoast.com\/product\/yoast-seo-wordpress\/ -->\n<title>\u00dcr\u00fcn Gruplar\u0131m\u0131z - Metro Elektrik<\/title>\n<meta name=\"robots\" content=\"index, follow, max-snippet:-1, max-image-preview:large, max-video-preview:-1\" \/>\n<link rel=\"canonical\" href=\"https:\/\/www.metroelektrik.com.tr\/en\/urun-gruplarimiz\/\" \/>\n<meta property=\"og:locale\" content=\"en_GB\" \/>\n<meta property=\"og:type\" content=\"article\" \/>\n<meta property=\"og:title\" content=\"\u00dcr\u00fcn Gruplar\u0131m\u0131z - Metro Elektrik\" \/>\n<meta property=\"og:description\" content=\"\u00dcr\u00fcn Gruplar\u0131m\u0131z Al\u00e7ak Gerilim \u015ealt \u00dcr\u00fcnleri A\u00e7\u0131k Tip Devre Kesiciler, Kompakt \u015ealterler, W-Otomatlar, Toprak Ka\u00e7ak Ak\u0131m Koruma Cihazlar\u0131, Kontakt\u00f6rler, Yumu\u015fak Yol Vericiler, Motor Koruma \u015ealterleri, Termik R\u00f6leler, B\u0131\u00e7akl\u0131 Sigortalar, Y\u00fck Kesiciler, Buton ve Sinyal Lambalar\u0131 v.b. Al\u00e7ak ve Orta Gerilim Kompanzasyon \u00dcr\u00fcnleri Kondansat\u00f6rler, Reaktif G\u00fc\u00e7 Kontrol R\u00f6leleri, Harmonik \u00c7\u00f6z\u00fcm Filtreleri, De\u015farj Bobinleri v.b. \u00d6l\u00e7\u00fcm Cihazlar\u0131 [&hellip;]\" \/>\n<meta property=\"og:url\" content=\"https:\/\/www.metroelektrik.com.tr\/en\/urun-gruplarimiz\/\" \/>\n<meta property=\"og:site_name\" content=\"Metro Elektrik\" \/>\n<meta property=\"article:publisher\" content=\"https:\/\/www.facebook.com\/metroelektrikgroup\" \/>\n<meta property=\"article:modified_time\" content=\"2026-03-19T12:23:49+00:00\" \/>\n<meta property=\"og:image\" content=\"https:\/\/www.metroelektrik.com.tr\/wp-content\/uploads\/2024\/03\/alcak-gerilim-salt-urunleri.jpg\" \/>\n<meta name=\"twitter:card\" content=\"summary_large_image\" \/>\n<meta name=\"twitter:label1\" content=\"Estimated reading time\" \/>\n\t<meta name=\"twitter:data1\" content=\"4 minutes\" \/>\n<script type=\"application\/ld+json\" class=\"yoast-schema-graph\">{\"@context\":\"https:\\\/\\\/schema.org\",\"@graph\":[{\"@type\":\"WebPage\",\"@id\":\"https:\\\/\\\/www.metroelektrik.com.tr\\\/urun-gruplarimiz\\\/\",\"url\":\"https:\\\/\\\/www.metroelektrik.com.tr\\\/urun-gruplarimiz\\\/\",\"name\":\"\u00dcr\u00fcn Gruplar\u0131m\u0131z - Metro Elektrik\",\"isPartOf\":{\"@id\":\"https:\\\/\\\/www.metroelektrik.com.tr\\\/#website\"},\"primaryImageOfPage\":{\"@id\":\"https:\\\/\\\/www.metroelektrik.com.tr\\\/urun-gruplarimiz\\\/#primaryimage\"},\"image\":{\"@id\":\"https:\\\/\\\/www.metroelektrik.com.tr\\\/urun-gruplarimiz\\\/#primaryimage\"},\"thumbnailUrl\":\"https:\\\/\\\/www.metroelektrik.com.tr\\\/wp-content\\\/uploads\\\/2024\\\/03\\\/alcak-gerilim-salt-urunleri.jpg\",\"datePublished\":\"2018-08-10T13:17:21+00:00\",\"dateModified\":\"2026-03-19T12:23:49+00:00\",\"inLanguage\":\"en-GB\",\"potentialAction\":[{\"@type\":\"ReadAction\",\"target\":[\"https:\\\/\\\/www.metroelektrik.com.tr\\\/urun-gruplarimiz\\\/\"]}]},{\"@type\":\"ImageObject\",\"inLanguage\":\"en-GB\",\"@id\":\"https:\\\/\\\/www.metroelektrik.com.tr\\\/urun-gruplarimiz\\\/#primaryimage\",\"url\":\"https:\\\/\\\/www.metroelektrik.com.tr\\\/wp-content\\\/uploads\\\/2024\\\/03\\\/alcak-gerilim-salt-urunleri.jpg\",\"contentUrl\":\"https:\\\/\\\/www.metroelektrik.com.tr\\\/wp-content\\\/uploads\\\/2024\\\/03\\\/alcak-gerilim-salt-urunleri.jpg\"},{\"@type\":\"WebSite\",\"@id\":\"https:\\\/\\\/www.metroelektrik.com.tr\\\/#website\",\"url\":\"https:\\\/\\\/www.metroelektrik.com.tr\\\/\",\"name\":\"Metro Elektrik\",\"description\":\"G\u00fcc\u00fcm\u00fcz Tecr\u00fcbemizdir\",\"publisher\":{\"@id\":\"https:\\\/\\\/www.metroelektrik.com.tr\\\/#organization\"},\"potentialAction\":[{\"@type\":\"SearchAction\",\"target\":{\"@type\":\"EntryPoint\",\"urlTemplate\":\"https:\\\/\\\/www.metroelektrik.com.tr\\\/?s={search_term_string}\"},\"query-input\":{\"@type\":\"PropertyValueSpecification\",\"valueRequired\":true,\"valueName\":\"search_term_string\"}}],\"inLanguage\":\"en-GB\"},{\"@type\":\"Organization\",\"@id\":\"https:\\\/\\\/www.metroelektrik.com.tr\\\/#organization\",\"name\":\"Metro Elektrik\",\"url\":\"https:\\\/\\\/www.metroelektrik.com.tr\\\/\",\"logo\":{\"@type\":\"ImageObject\",\"inLanguage\":\"en-GB\",\"@id\":\"https:\\\/\\\/www.metroelektrik.com.tr\\\/#\\\/schema\\\/logo\\\/image\\\/\",\"url\":\"https:\\\/\\\/www.metroelektrik.com.tr\\\/wp-content\\\/uploads\\\/2024\\\/01\\\/Logo-metro-blck-75.png\",\"contentUrl\":\"https:\\\/\\\/www.metroelektrik.com.tr\\\/wp-content\\\/uploads\\\/2024\\\/01\\\/Logo-metro-blck-75.png\",\"width\":197,\"height\":75,\"caption\":\"Metro Elektrik\"},\"image\":{\"@id\":\"https:\\\/\\\/www.metroelektrik.com.tr\\\/#\\\/schema\\\/logo\\\/image\\\/\"},\"sameAs\":[\"https:\\\/\\\/www.facebook.com\\\/metroelektrikgroup\",\"https:\\\/\\\/www.linkedin.com\\\/company\\\/metroelektrikgroup\\\/\",\"https:\\\/\\\/www.instagram.com\\\/metroelektrikgroup\"]}]}<\/script>\n<!-- \/ Yoast SEO plugin. -->","yoast_head_json":{"title":"\u00dcr\u00fcn Gruplar\u0131m\u0131z - Metro Elektrik","robots":{"index":"index","follow":"follow","max-snippet":"max-snippet:-1","max-image-preview":"max-image-preview:large","max-video-preview":"max-video-preview:-1"},"canonical":"https:\/\/www.metroelektrik.com.tr\/en\/urun-gruplarimiz\/","og_locale":"en_GB","og_type":"article","og_title":"\u00dcr\u00fcn Gruplar\u0131m\u0131z - Metro Elektrik","og_description":"\u00dcr\u00fcn Gruplar\u0131m\u0131z Al\u00e7ak Gerilim \u015ealt \u00dcr\u00fcnleri A\u00e7\u0131k Tip Devre Kesiciler, Kompakt \u015ealterler, W-Otomatlar, Toprak Ka\u00e7ak Ak\u0131m Koruma Cihazlar\u0131, Kontakt\u00f6rler, Yumu\u015fak Yol Vericiler, Motor Koruma \u015ealterleri, Termik R\u00f6leler, B\u0131\u00e7akl\u0131 Sigortalar, Y\u00fck Kesiciler, Buton ve Sinyal Lambalar\u0131 v.b. Al\u00e7ak ve Orta Gerilim Kompanzasyon \u00dcr\u00fcnleri Kondansat\u00f6rler, Reaktif G\u00fc\u00e7 Kontrol R\u00f6leleri, Harmonik \u00c7\u00f6z\u00fcm Filtreleri, De\u015farj Bobinleri v.b. \u00d6l\u00e7\u00fcm Cihazlar\u0131 [&hellip;]","og_url":"https:\/\/www.metroelektrik.com.tr\/en\/urun-gruplarimiz\/","og_site_name":"Metro Elektrik","article_publisher":"https:\/\/www.facebook.com\/metroelektrikgroup","article_modified_time":"2026-03-19T12:23:49+00:00","og_image":[{"url":"https:\/\/www.metroelektrik.com.tr\/wp-content\/uploads\/2024\/03\/alcak-gerilim-salt-urunleri.jpg","type":"","width":"","height":""}],"twitter_card":"summary_large_image","twitter_misc":{"Estimated reading time":"4 minutes"},"schema":{"@context":"https:\/\/schema.org","@graph":[{"@type":"WebPage","@id":"https:\/\/www.metroelektrik.com.tr\/urun-gruplarimiz\/","url":"https:\/\/www.metroelektrik.com.tr\/urun-gruplarimiz\/","name":"\u00dcr\u00fcn Gruplar\u0131m\u0131z - Metro Elektrik","isPartOf":{"@id":"https:\/\/www.metroelektrik.com.tr\/#website"},"primaryImageOfPage":{"@id":"https:\/\/www.metroelektrik.com.tr\/urun-gruplarimiz\/#primaryimage"},"image":{"@id":"https:\/\/www.metroelektrik.com.tr\/urun-gruplarimiz\/#primaryimage"},"thumbnailUrl":"https:\/\/www.metroelektrik.com.tr\/wp-content\/uploads\/2024\/03\/alcak-gerilim-salt-urunleri.jpg","datePublished":"2018-08-10T13:17:21+00:00","dateModified":"2026-03-19T12:23:49+00:00","inLanguage":"en-GB","potentialAction":[{"@type":"ReadAction","target":["https:\/\/www.metroelektrik.com.tr\/urun-gruplarimiz\/"]}]},{"@type":"ImageObject","inLanguage":"en-GB","@id":"https:\/\/www.metroelektrik.com.tr\/urun-gruplarimiz\/#primaryimage","url":"https:\/\/www.metroelektrik.com.tr\/wp-content\/uploads\/2024\/03\/alcak-gerilim-salt-urunleri.jpg","contentUrl":"https:\/\/www.metroelektrik.com.tr\/wp-content\/uploads\/2024\/03\/alcak-gerilim-salt-urunleri.jpg"},{"@type":"WebSite","@id":"https:\/\/www.metroelektrik.com.tr\/#website","url":"https:\/\/www.metroelektrik.com.tr\/","name":"Metro Elektrik","description":"G\u00fcc\u00fcm\u00fcz Tecr\u00fcbemizdir","publisher":{"@id":"https:\/\/www.metroelektrik.com.tr\/#organization"},"potentialAction":[{"@type":"SearchAction","target":{"@type":"EntryPoint","urlTemplate":"https:\/\/www.metroelektrik.com.tr\/?s={search_term_string}"},"query-input":{"@type":"PropertyValueSpecification","valueRequired":true,"valueName":"search_term_string"}}],"inLanguage":"en-GB"},{"@type":"Organization","@id":"https:\/\/www.metroelektrik.com.tr\/#organization","name":"Metro Elektrik","url":"https:\/\/www.metroelektrik.com.tr\/","logo":{"@type":"ImageObject","inLanguage":"en-GB","@id":"https:\/\/www.metroelektrik.com.tr\/#\/schema\/logo\/image\/","url":"https:\/\/www.metroelektrik.com.tr\/wp-content\/uploads\/2024\/01\/Logo-metro-blck-75.png","contentUrl":"https:\/\/www.metroelektrik.com.tr\/wp-content\/uploads\/2024\/01\/Logo-metro-blck-75.png","width":197,"height":75,"caption":"Metro Elektrik"},"image":{"@id":"https:\/\/www.metroelektrik.com.tr\/#\/schema\/logo\/image\/"},"sameAs":["https:\/\/www.facebook.com\/metroelektrikgroup","https:\/\/www.linkedin.com\/company\/metroelektrikgroup\/","https:\/\/www.instagram.com\/metroelektrikgroup"]}]}},"_links":{"self":[{"href":"https:\/\/www.metroelektrik.com.tr\/en\/wp-json\/wp\/v2\/pages\/561","targetHints":{"allow":["GET"]}}],"collection":[{"href":"https:\/\/www.metroelektrik.com.tr\/en\/wp-json\/wp\/v2\/pages"}],"about":[{"href":"https:\/\/www.metroelektrik.com.tr\/en\/wp-json\/wp\/v2\/types\/page"}],"author":[{"embeddable":true,"href":"https:\/\/www.metroelektrik.com.tr\/en\/wp-json\/wp\/v2\/users\/1"}],"replies":[{"embeddable":true,"href":"https:\/\/www.metroelektrik.com.tr\/en\/wp-json\/wp\/v2\/comments?post=561"}],"version-history":[{"count":95,"href":"https:\/\/www.metroelektrik.com.tr\/en\/wp-json\/wp\/v2\/pages\/561\/revisions"}],"predecessor-version":[{"id":10867,"href":"https:\/\/www.metroelektrik.com.tr\/en\/wp-json\/wp\/v2\/pages\/561\/revisions\/10867"}],"wp:attachment":[{"href":"https:\/\/www.metroelektrik.com.tr\/en\/wp-json\/wp\/v2\/media?parent=561"}],"curies":[{"name":"wp","href":"https:\/\/api.w.org\/{rel}","templated":true}]}}