{"id":5466,"date":"2024-01-08T14:19:48","date_gmt":"2024-01-08T14:19:48","guid":{"rendered":"https:\/\/www.metroelektrik.com.tr\/?page_id=5466"},"modified":"2026-03-19T14:03:13","modified_gmt":"2026-03-19T14:03:13","slug":"teklif-satis-ve-lojistik-surecimiz","status":"publish","type":"page","link":"https:\/\/www.metroelektrik.com.tr\/en\/teklif-satis-ve-lojistik-surecimiz\/","title":{"rendered":"Teklif, Sat\u0131\u015f ve Lojistik S\u00fcrecimiz"},"content":{"rendered":"<div data-elementor-type=\"wp-page\" data-elementor-id=\"5466\" class=\"elementor elementor-5466\">\n\t\t\t\t<div class=\"elementor-element elementor-element-4f08b88 e-flex e-con-boxed e-con e-parent\" data-id=\"4f08b88\" data-element_type=\"container\" data-e-type=\"container\">\n\t\t\t\t\t<div class=\"e-con-inner\">\n\t\t\t\t<div class=\"elementor-element elementor-element-d87022c elementor-widget elementor-widget-html\" data-id=\"d87022c\" data-element_type=\"widget\" data-e-type=\"widget\" data-widget_type=\"html.default\">\n\t\t\t\t<div class=\"elementor-widget-container\">\n\t\t\t\t\t<style>\r\n.process-section {\r\n    max-width: 1200px;\r\n    margin: 0 auto;\r\n    padding: 60px 20px;\r\n    font-family: Arial, sans-serif;\r\n}\r\n\r\n.process-title {\r\n    text-align: center;\r\n    font-size: 36px;\r\n    font-weight: 700;\r\n    color: #003366;\r\n    margin-bottom: 60px;\r\n}\r\n\r\n.process-grid {\r\n    display: grid;\r\n    grid-template-columns: repeat(3, 1fr);\r\n    gap: 30px;\r\n}\r\n\r\n.process-card {\r\n    background: #f5f5f5;\r\n    border-radius: 10px;\r\n    overflow: hidden;\r\n    box-shadow: 0 4px 15px rgba(0,0,0,0.08);\r\n    transition: all 0.3s ease;\r\n    display: flex;\r\n    flex-direction: column;\r\n}\r\n\r\n.process-card:hover {\r\n    transform: translateY(-6px);\r\n    box-shadow: 0 10px 25px rgba(0,0,0,0.15);\r\n}\r\n\r\n.process-card img {\r\n    width: 100%;\r\n    height: 200px;\r\n    object-fit: cover;\r\n}\r\n\r\n.process-content {\r\n    padding: 20px;\r\n}\r\n\r\n.process-step {\r\n    font-size: 18px;\r\n    color: #0073e6;\r\n    font-weight: 700;\r\n    margin-bottom: 8px;\r\n}\r\n\r\n.process-content h3 {\r\n    font-size: 20px;\r\n    margin-bottom: 10px;\r\n    color: #222;\r\n}\r\n\r\n.process-content p {\r\n    font-size: 18px;\r\n    line-height: 1.6;\r\n    color: #555;\r\n}\r\n\r\n\/* Responsive *\/\r\n@media (max-width: 992px) {\r\n    .process-grid {\r\n        grid-template-columns: repeat(2, 1fr);\r\n    }\r\n}\r\n\r\n@media (max-width: 600px) {\r\n    .process-grid {\r\n        grid-template-columns: 1fr;\r\n    }\r\n}\r\n<\/style>\r\n\r\n<div class=\"process-section\">\r\n    <h2 class=\"process-title\">Teklif, Sat\u0131\u015f ve Lojistik S\u00fcreci<\/h2>\r\n\r\n    <div class=\"process-grid\">\r\n\r\n        <!-- 1 -->\r\n        <div class=\"process-card\">\r\n            <img decoding=\"async\" src=\"https:\/\/www.metroelektrik.com.tr\/wp-content\/uploads\/2018\/05\/02.jpg\" alt=\"Tekliflendirme S\u00fcreci\">\r\n            <div class=\"process-content\">\r\n                <div class=\"process-step\"><\/div>\r\n                <h2>Tekliflendirme S\u00fcreci<\/h2>\r\n                <p>Mail veya telefon yoluyla ula\u015ft\u0131\u011f\u0131n\u0131z sat\u0131\u015f temsilcimiz, en k\u0131sa s\u00fcrede mevcut teklif format\u0131m\u0131z ile iskonto ve stok bilgilerini i\u00e7eren geri d\u00f6n\u00fc\u015f\u00fc sa\u011flar.<\/p>\r\n            <\/div>\r\n        <\/div>\r\n\r\n        <!-- 2 -->\r\n        <div class=\"process-card\">\r\n            <img decoding=\"async\" src=\"https:\/\/www.metroelektrik.com.tr\/wp-content\/uploads\/2018\/05\/03.jpg\" alt=\"Sat\u0131\u015f S\u00fcreci\">\r\n            <div class=\"process-content\">\r\n                <div class=\"process-step\"><\/div>\r\n                <h2>Sat\u0131\u015f S\u00fcreci<\/h2>\r\n                <p>Sipari\u015flerinize istinaden \u00fcr\u00fcnler markalar\u0131m\u0131zdan h\u0131zl\u0131ca tedarik edilir. \u0130kitelli ve Gebze depolar\u0131m\u0131zda bulunan stok \u00fcr\u00fcnler ise do\u011frudan sevkiyata haz\u0131rlan\u0131r.<\/p>\r\n            <\/div>\r\n        <\/div>\r\n\r\n        <!-- 3 -->\r\n        <div class=\"process-card\">\r\n            <img decoding=\"async\" src=\"https:\/\/www.metroelektrik.com.tr\/wp-content\/uploads\/2018\/05\/01.jpg\" alt=\"Lojistik S\u00fcreci\">\r\n            <div class=\"process-content\">\r\n                <div class=\"process-step\"><\/div>\r\n                <h2>Ula\u015ft\u0131rma \/ Lojistik S\u00fcreci<\/h2>\r\n                <p>\u00dcr\u00fcnler; ambar, kargo veya sevkiyat ara\u00e7lar\u0131m\u0131z ile en k\u0131sa s\u00fcrede teslim edilir. Saat 14:00\u2019e kadar verilen sipari\u015fler ayn\u0131 g\u00fcn kargoya verilir. 35.000 TL \u00fczeri sipari\u015flerde kargo \u00fccretsizdir.<\/p>\r\n            <\/div>\r\n        <\/div>\r\n\r\n    <\/div>\r\n<\/div>\t\t\t\t<\/div>\n\t\t\t\t<\/div>\n\t\t\t\t\t<\/div>\n\t\t\t\t<\/div>\n\t\t\t\t<\/div>","protected":false},"excerpt":{"rendered":"<p>Teklif, Sat\u0131\u015f ve Lojistik S\u00fcreci Tekliflendirme S\u00fcreci Mail veya telefon yoluyla ula\u015ft\u0131\u011f\u0131n\u0131z sat\u0131\u015f temsilcimiz, en k\u0131sa s\u00fcrede mevcut teklif format\u0131m\u0131z ile iskonto ve stok bilgilerini i\u00e7eren geri d\u00f6n\u00fc\u015f\u00fc sa\u011flar. Sat\u0131\u015f S\u00fcreci Sipari\u015flerinize istinaden \u00fcr\u00fcnler markalar\u0131m\u0131zdan h\u0131zl\u0131ca tedarik edilir. \u0130kitelli ve Gebze depolar\u0131m\u0131zda bulunan stok \u00fcr\u00fcnler ise do\u011frudan sevkiyata haz\u0131rlan\u0131r. Ula\u015ft\u0131rma \/ Lojistik S\u00fcreci \u00dcr\u00fcnler; ambar, [&hellip;]<\/p>\n","protected":false},"author":7,"featured_media":0,"parent":0,"menu_order":0,"comment_status":"closed","ping_status":"closed","template":"","meta":{"_monsterinsights_skip_tracking":false,"_monsterinsights_sitenote_active":false,"_monsterinsights_sitenote_note":"","_monsterinsights_sitenote_category":0,"footnotes":""},"class_list":["post-5466","page","type-page","status-publish","hentry"],"yoast_head":"<!-- This site is optimized with the Yoast SEO plugin v27.4 - https:\/\/yoast.com\/product\/yoast-seo-wordpress\/ -->\n<title>Teklif, Sat\u0131\u015f ve Lojistik S\u00fcrecimiz - Metro Elektrik<\/title>\n<meta name=\"robots\" content=\"index, follow, max-snippet:-1, max-image-preview:large, max-video-preview:-1\" \/>\n<link rel=\"canonical\" href=\"https:\/\/www.metroelektrik.com.tr\/en\/teklif-satis-ve-lojistik-surecimiz\/\" \/>\n<meta property=\"og:locale\" content=\"en_GB\" \/>\n<meta property=\"og:type\" content=\"article\" \/>\n<meta property=\"og:title\" content=\"Teklif, Sat\u0131\u015f ve Lojistik S\u00fcrecimiz - Metro Elektrik\" \/>\n<meta property=\"og:description\" content=\"Teklif, Sat\u0131\u015f ve Lojistik S\u00fcreci Tekliflendirme S\u00fcreci Mail veya telefon yoluyla ula\u015ft\u0131\u011f\u0131n\u0131z sat\u0131\u015f temsilcimiz, en k\u0131sa s\u00fcrede mevcut teklif format\u0131m\u0131z ile iskonto ve stok bilgilerini i\u00e7eren geri d\u00f6n\u00fc\u015f\u00fc sa\u011flar. Sat\u0131\u015f S\u00fcreci Sipari\u015flerinize istinaden \u00fcr\u00fcnler markalar\u0131m\u0131zdan h\u0131zl\u0131ca tedarik edilir. \u0130kitelli ve Gebze depolar\u0131m\u0131zda bulunan stok \u00fcr\u00fcnler ise do\u011frudan sevkiyata haz\u0131rlan\u0131r. Ula\u015ft\u0131rma \/ Lojistik S\u00fcreci \u00dcr\u00fcnler; ambar, [&hellip;]\" \/>\n<meta property=\"og:url\" content=\"https:\/\/www.metroelektrik.com.tr\/en\/teklif-satis-ve-lojistik-surecimiz\/\" \/>\n<meta property=\"og:site_name\" content=\"Metro Elektrik\" \/>\n<meta property=\"article:publisher\" content=\"https:\/\/www.facebook.com\/metroelektrikgroup\" \/>\n<meta property=\"article:modified_time\" content=\"2026-03-19T14:03:13+00:00\" \/>\n<meta property=\"og:image\" content=\"https:\/\/www.metroelektrik.com.tr\/wp-content\/uploads\/2018\/05\/02.jpg\" \/>\n<meta name=\"twitter:card\" content=\"summary_large_image\" \/>\n<meta name=\"twitter:label1\" content=\"Estimated reading time\" \/>\n\t<meta name=\"twitter:data1\" content=\"2 minutes\" \/>\n<script type=\"application\/ld+json\" class=\"yoast-schema-graph\">{\"@context\":\"https:\\\/\\\/schema.org\",\"@graph\":[{\"@type\":\"WebPage\",\"@id\":\"https:\\\/\\\/www.metroelektrik.com.tr\\\/teklif-satis-ve-lojistik-surecimiz\\\/\",\"url\":\"https:\\\/\\\/www.metroelektrik.com.tr\\\/teklif-satis-ve-lojistik-surecimiz\\\/\",\"name\":\"Teklif, Sat\u0131\u015f ve Lojistik S\u00fcrecimiz - Metro Elektrik\",\"isPartOf\":{\"@id\":\"https:\\\/\\\/www.metroelektrik.com.tr\\\/#website\"},\"primaryImageOfPage\":{\"@id\":\"https:\\\/\\\/www.metroelektrik.com.tr\\\/teklif-satis-ve-lojistik-surecimiz\\\/#primaryimage\"},\"image\":{\"@id\":\"https:\\\/\\\/www.metroelektrik.com.tr\\\/teklif-satis-ve-lojistik-surecimiz\\\/#primaryimage\"},\"thumbnailUrl\":\"https:\\\/\\\/www.metroelektrik.com.tr\\\/wp-content\\\/uploads\\\/2018\\\/05\\\/02.jpg\",\"datePublished\":\"2024-01-08T14:19:48+00:00\",\"dateModified\":\"2026-03-19T14:03:13+00:00\",\"inLanguage\":\"en-GB\",\"potentialAction\":[{\"@type\":\"ReadAction\",\"target\":[\"https:\\\/\\\/www.metroelektrik.com.tr\\\/teklif-satis-ve-lojistik-surecimiz\\\/\"]}]},{\"@type\":\"ImageObject\",\"inLanguage\":\"en-GB\",\"@id\":\"https:\\\/\\\/www.metroelektrik.com.tr\\\/teklif-satis-ve-lojistik-surecimiz\\\/#primaryimage\",\"url\":\"https:\\\/\\\/www.metroelektrik.com.tr\\\/wp-content\\\/uploads\\\/2018\\\/05\\\/02.jpg\",\"contentUrl\":\"https:\\\/\\\/www.metroelektrik.com.tr\\\/wp-content\\\/uploads\\\/2018\\\/05\\\/02.jpg\"},{\"@type\":\"WebSite\",\"@id\":\"https:\\\/\\\/www.metroelektrik.com.tr\\\/#website\",\"url\":\"https:\\\/\\\/www.metroelektrik.com.tr\\\/\",\"name\":\"Metro Elektrik\",\"description\":\"G\u00fcc\u00fcm\u00fcz Tecr\u00fcbemizdir\",\"publisher\":{\"@id\":\"https:\\\/\\\/www.metroelektrik.com.tr\\\/#organization\"},\"potentialAction\":[{\"@type\":\"SearchAction\",\"target\":{\"@type\":\"EntryPoint\",\"urlTemplate\":\"https:\\\/\\\/www.metroelektrik.com.tr\\\/?s={search_term_string}\"},\"query-input\":{\"@type\":\"PropertyValueSpecification\",\"valueRequired\":true,\"valueName\":\"search_term_string\"}}],\"inLanguage\":\"en-GB\"},{\"@type\":\"Organization\",\"@id\":\"https:\\\/\\\/www.metroelektrik.com.tr\\\/#organization\",\"name\":\"Metro Elektrik\",\"url\":\"https:\\\/\\\/www.metroelektrik.com.tr\\\/\",\"logo\":{\"@type\":\"ImageObject\",\"inLanguage\":\"en-GB\",\"@id\":\"https:\\\/\\\/www.metroelektrik.com.tr\\\/#\\\/schema\\\/logo\\\/image\\\/\",\"url\":\"https:\\\/\\\/www.metroelektrik.com.tr\\\/wp-content\\\/uploads\\\/2024\\\/01\\\/Logo-metro-blck-75.png\",\"contentUrl\":\"https:\\\/\\\/www.metroelektrik.com.tr\\\/wp-content\\\/uploads\\\/2024\\\/01\\\/Logo-metro-blck-75.png\",\"width\":197,\"height\":75,\"caption\":\"Metro Elektrik\"},\"image\":{\"@id\":\"https:\\\/\\\/www.metroelektrik.com.tr\\\/#\\\/schema\\\/logo\\\/image\\\/\"},\"sameAs\":[\"https:\\\/\\\/www.facebook.com\\\/metroelektrikgroup\",\"https:\\\/\\\/www.linkedin.com\\\/company\\\/metroelektrikgroup\\\/\",\"https:\\\/\\\/www.instagram.com\\\/metroelektrikgroup\"]}]}<\/script>\n<!-- \/ Yoast SEO plugin. -->","yoast_head_json":{"title":"Teklif, Sat\u0131\u015f ve Lojistik S\u00fcrecimiz - Metro Elektrik","robots":{"index":"index","follow":"follow","max-snippet":"max-snippet:-1","max-image-preview":"max-image-preview:large","max-video-preview":"max-video-preview:-1"},"canonical":"https:\/\/www.metroelektrik.com.tr\/en\/teklif-satis-ve-lojistik-surecimiz\/","og_locale":"en_GB","og_type":"article","og_title":"Teklif, Sat\u0131\u015f ve Lojistik S\u00fcrecimiz - Metro Elektrik","og_description":"Teklif, Sat\u0131\u015f ve Lojistik S\u00fcreci Tekliflendirme S\u00fcreci Mail veya telefon yoluyla ula\u015ft\u0131\u011f\u0131n\u0131z sat\u0131\u015f temsilcimiz, en k\u0131sa s\u00fcrede mevcut teklif format\u0131m\u0131z ile iskonto ve stok bilgilerini i\u00e7eren geri d\u00f6n\u00fc\u015f\u00fc sa\u011flar. Sat\u0131\u015f S\u00fcreci Sipari\u015flerinize istinaden \u00fcr\u00fcnler markalar\u0131m\u0131zdan h\u0131zl\u0131ca tedarik edilir. \u0130kitelli ve Gebze depolar\u0131m\u0131zda bulunan stok \u00fcr\u00fcnler ise do\u011frudan sevkiyata haz\u0131rlan\u0131r. Ula\u015ft\u0131rma \/ Lojistik S\u00fcreci \u00dcr\u00fcnler; ambar, [&hellip;]","og_url":"https:\/\/www.metroelektrik.com.tr\/en\/teklif-satis-ve-lojistik-surecimiz\/","og_site_name":"Metro Elektrik","article_publisher":"https:\/\/www.facebook.com\/metroelektrikgroup","article_modified_time":"2026-03-19T14:03:13+00:00","og_image":[{"url":"https:\/\/www.metroelektrik.com.tr\/wp-content\/uploads\/2018\/05\/02.jpg","type":"","width":"","height":""}],"twitter_card":"summary_large_image","twitter_misc":{"Estimated reading time":"2 minutes"},"schema":{"@context":"https:\/\/schema.org","@graph":[{"@type":"WebPage","@id":"https:\/\/www.metroelektrik.com.tr\/teklif-satis-ve-lojistik-surecimiz\/","url":"https:\/\/www.metroelektrik.com.tr\/teklif-satis-ve-lojistik-surecimiz\/","name":"Teklif, Sat\u0131\u015f ve Lojistik S\u00fcrecimiz - Metro Elektrik","isPartOf":{"@id":"https:\/\/www.metroelektrik.com.tr\/#website"},"primaryImageOfPage":{"@id":"https:\/\/www.metroelektrik.com.tr\/teklif-satis-ve-lojistik-surecimiz\/#primaryimage"},"image":{"@id":"https:\/\/www.metroelektrik.com.tr\/teklif-satis-ve-lojistik-surecimiz\/#primaryimage"},"thumbnailUrl":"https:\/\/www.metroelektrik.com.tr\/wp-content\/uploads\/2018\/05\/02.jpg","datePublished":"2024-01-08T14:19:48+00:00","dateModified":"2026-03-19T14:03:13+00:00","inLanguage":"en-GB","potentialAction":[{"@type":"ReadAction","target":["https:\/\/www.metroelektrik.com.tr\/teklif-satis-ve-lojistik-surecimiz\/"]}]},{"@type":"ImageObject","inLanguage":"en-GB","@id":"https:\/\/www.metroelektrik.com.tr\/teklif-satis-ve-lojistik-surecimiz\/#primaryimage","url":"https:\/\/www.metroelektrik.com.tr\/wp-content\/uploads\/2018\/05\/02.jpg","contentUrl":"https:\/\/www.metroelektrik.com.tr\/wp-content\/uploads\/2018\/05\/02.jpg"},{"@type":"WebSite","@id":"https:\/\/www.metroelektrik.com.tr\/#website","url":"https:\/\/www.metroelektrik.com.tr\/","name":"Metro Elektrik","description":"G\u00fcc\u00fcm\u00fcz Tecr\u00fcbemizdir","publisher":{"@id":"https:\/\/www.metroelektrik.com.tr\/#organization"},"potentialAction":[{"@type":"SearchAction","target":{"@type":"EntryPoint","urlTemplate":"https:\/\/www.metroelektrik.com.tr\/?s={search_term_string}"},"query-input":{"@type":"PropertyValueSpecification","valueRequired":true,"valueName":"search_term_string"}}],"inLanguage":"en-GB"},{"@type":"Organization","@id":"https:\/\/www.metroelektrik.com.tr\/#organization","name":"Metro Elektrik","url":"https:\/\/www.metroelektrik.com.tr\/","logo":{"@type":"ImageObject","inLanguage":"en-GB","@id":"https:\/\/www.metroelektrik.com.tr\/#\/schema\/logo\/image\/","url":"https:\/\/www.metroelektrik.com.tr\/wp-content\/uploads\/2024\/01\/Logo-metro-blck-75.png","contentUrl":"https:\/\/www.metroelektrik.com.tr\/wp-content\/uploads\/2024\/01\/Logo-metro-blck-75.png","width":197,"height":75,"caption":"Metro Elektrik"},"image":{"@id":"https:\/\/www.metroelektrik.com.tr\/#\/schema\/logo\/image\/"},"sameAs":["https:\/\/www.facebook.com\/metroelektrikgroup","https:\/\/www.linkedin.com\/company\/metroelektrikgroup\/","https:\/\/www.instagram.com\/metroelektrikgroup"]}]}},"_links":{"self":[{"href":"https:\/\/www.metroelektrik.com.tr\/en\/wp-json\/wp\/v2\/pages\/5466","targetHints":{"allow":["GET"]}}],"collection":[{"href":"https:\/\/www.metroelektrik.com.tr\/en\/wp-json\/wp\/v2\/pages"}],"about":[{"href":"https:\/\/www.metroelektrik.com.tr\/en\/wp-json\/wp\/v2\/types\/page"}],"author":[{"embeddable":true,"href":"https:\/\/www.metroelektrik.com.tr\/en\/wp-json\/wp\/v2\/users\/7"}],"replies":[{"embeddable":true,"href":"https:\/\/www.metroelektrik.com.tr\/en\/wp-json\/wp\/v2\/comments?post=5466"}],"version-history":[{"count":35,"href":"https:\/\/www.metroelektrik.com.tr\/en\/wp-json\/wp\/v2\/pages\/5466\/revisions"}],"predecessor-version":[{"id":10962,"href":"https:\/\/www.metroelektrik.com.tr\/en\/wp-json\/wp\/v2\/pages\/5466\/revisions\/10962"}],"wp:attachment":[{"href":"https:\/\/www.metroelektrik.com.tr\/en\/wp-json\/wp\/v2\/media?parent=5466"}],"curies":[{"name":"wp","href":"https:\/\/api.w.org\/{rel}","templated":true}]}}