{"id":460,"date":"2018-05-11T12:28:53","date_gmt":"2018-05-11T12:28:53","guid":{"rendered":"http:\/\/www.metroelektrik.com.tr\/?page_id=460"},"modified":"2026-03-26T11:11:04","modified_gmt":"2026-03-26T11:11:04","slug":"bilgi-toplumu-hizmetleri","status":"publish","type":"page","link":"https:\/\/www.metroelektrik.com.tr\/en\/hakkimizda\/bilgi-toplumu-hizmetleri\/","title":{"rendered":"Bilgi Toplumu Hizmetleri"},"content":{"rendered":"<div data-elementor-type=\"wp-post\" data-elementor-id=\"460\" class=\"elementor elementor-460\">\n\t\t\t\t\t\t<section class=\"elementor-section elementor-top-section elementor-element elementor-element-14dca93 elementor-section-boxed elementor-section-height-default elementor-section-height-default\" data-id=\"14dca93\" data-element_type=\"section\" data-e-type=\"section\">\n\t\t\t\t\t\t<div class=\"elementor-container elementor-column-gap-default\">\n\t\t\t\t\t<div class=\"elementor-column elementor-col-100 elementor-top-column elementor-element elementor-element-6b7e3fd\" data-id=\"6b7e3fd\" data-element_type=\"column\" data-e-type=\"column\">\n\t\t\t<div class=\"elementor-widget-wrap elementor-element-populated\">\n\t\t\t\t\t\t<div class=\"elementor-element elementor-element-eb059ac elementor-widget elementor-widget-spacer\" data-id=\"eb059ac\" data-element_type=\"widget\" data-e-type=\"widget\" data-widget_type=\"spacer.default\">\n\t\t\t\t<div class=\"elementor-widget-container\">\n\t\t\t\t\t\t\t<div class=\"elementor-spacer\">\n\t\t\t<div class=\"elementor-spacer-inner\"><\/div>\n\t\t<\/div>\n\t\t\t\t\t\t<\/div>\n\t\t\t\t<\/div>\n\t\t\t\t\t<\/div>\n\t\t<\/div>\n\t\t\t\t\t<\/div>\n\t\t<\/section>\n\t\t<div class=\"elementor-element elementor-element-33e202b e-flex e-con-boxed e-con e-parent\" data-id=\"33e202b\" data-element_type=\"container\" data-e-type=\"container\">\n\t\t\t\t\t<div class=\"e-con-inner\">\n\t\t\t\t<div class=\"elementor-element elementor-element-8e29803 elementor-widget elementor-widget-html\" data-id=\"8e29803\" data-element_type=\"widget\" data-e-type=\"widget\" data-widget_type=\"html.default\">\n\t\t\t\t<div class=\"elementor-widget-container\">\n\t\t\t\t\t<div style=\"max-width: 800px; margin: 0 auto; padding: 30px; background-color: #f5f5f5; border-radius: 8px; text-align: center; font-family: Arial, sans-serif;\">\r\n  <h2 style=\"color: #003366; font-size: 30px; margin-bottom: 25px;\">Bilgi Toplumu Hizmetleri<\/h2>\r\n  <p style=\"font-size: 20px; line-height: 1.6; color: #333; margin-bottom: 25px;\">\r\n    Metro Elektrik M\u00fchendislik Taahh\u00fct Sanayi ve Ticaret A.\u015e.\u2019nin detayl\u0131 \u015firket bilgilerine \r\n    <strong>MKK Bilgi Toplumu Hizmetleri<\/strong> \u00fczerinden eri\u015febilirsiniz.\r\n  <\/p>\r\n  <a href=\"https:\/\/e-sirket.mkk.com.tr\/esir\/Dashboard.jsp#\/sirketbilgileri\/16163\" target=\"_blank\" \r\n     style=\"display: inline-block; background-color: #0073e6; color: #fff; padding: 12px 25px; border-radius: 5px; text-decoration: none; font-weight: 600; transition: background-color 0.3s;\">\r\n    \u015eirket Bilgilerini G\u00f6r\u00fcnt\u00fcle\r\n  <\/a>\r\n<\/div>\t\t\t\t<\/div>\n\t\t\t\t<\/div>\n\t\t\t\t\t<\/div>\n\t\t\t\t<\/div>\n\t\t\t\t<section class=\"elementor-section elementor-top-section elementor-element elementor-element-26062e5 elementor-section-boxed elementor-section-height-default elementor-section-height-default\" data-id=\"26062e5\" data-element_type=\"section\" data-e-type=\"section\" data-settings=\"{&quot;background_background&quot;:&quot;classic&quot;}\">\n\t\t\t\t\t\t<div class=\"elementor-container elementor-column-gap-default\">\n\t\t\t\t\t<div class=\"elementor-column elementor-col-100 elementor-top-column elementor-element elementor-element-8ca3fc3\" data-id=\"8ca3fc3\" data-element_type=\"column\" data-e-type=\"column\">\n\t\t\t<div class=\"elementor-widget-wrap elementor-element-populated\">\n\t\t\t\t\t\t<section class=\"elementor-section elementor-inner-section elementor-element elementor-element-ffc07f3 elementor-section-boxed elementor-section-height-default elementor-section-height-default\" data-id=\"ffc07f3\" data-element_type=\"section\" data-e-type=\"section\" data-settings=\"{&quot;background_background&quot;:&quot;classic&quot;}\">\n\t\t\t\t\t\t<div class=\"elementor-container elementor-column-gap-default\">\n\t\t\t\t\t<div class=\"elementor-column elementor-col-33 elementor-inner-column elementor-element elementor-element-99f3bfb\" data-id=\"99f3bfb\" data-element_type=\"column\" data-e-type=\"column\">\n\t\t\t<div class=\"elementor-widget-wrap elementor-element-populated\">\n\t\t\t\t\t\t<div class=\"elementor-element elementor-element-45b2acb elementor-widget elementor-widget-restly_work_process\" data-id=\"45b2acb\" data-element_type=\"widget\" data-e-type=\"widget\" data-widget_type=\"restly_work_process.default\">\n\t\t\t\t<div class=\"elementor-widget-container\">\n\t\t\t\t\t        <div class=\"restly-workprocess-wrapper\">\r\n                            <div class=\"restly-work-progress-two\">\r\n                                            <div class=\"restly-work-process-icon\">\r\n                        <i class=\"far fa-user\"><\/i>\r\n                        <\/div>\r\n                                        <h2 class=\"work-process-title\">33+ Y\u0131ll\u0131k Tecr\u00fcbe<\/h2>\r\n                    <div class=\"restly-workp_two_dec\"><p>Uzmanl\u0131k ve g\u00fcvenin adresi<\/p><\/div>\r\n                <\/div>\r\n                    <\/div>\r\n        \t\t\t\t<\/div>\n\t\t\t\t<\/div>\n\t\t\t\t\t<\/div>\n\t\t<\/div>\n\t\t\t\t<div class=\"elementor-column elementor-col-33 elementor-inner-column elementor-element elementor-element-ec0b688\" data-id=\"ec0b688\" data-element_type=\"column\" data-e-type=\"column\">\n\t\t\t<div class=\"elementor-widget-wrap elementor-element-populated\">\n\t\t\t\t\t\t<div class=\"elementor-element elementor-element-a7c3e58 elementor-widget elementor-widget-restly_work_process\" data-id=\"a7c3e58\" data-element_type=\"widget\" data-e-type=\"widget\" data-widget_type=\"restly_work_process.default\">\n\t\t\t\t<div class=\"elementor-widget-container\">\n\t\t\t\t\t        <div class=\"restly-workprocess-wrapper\">\r\n                            <div class=\"restly-work-progress-two\">\r\n                                            <div class=\"restly-work-process-icon\">\r\n                        <i class=\"flaticon flaticon-customer-service-1\"><\/i>\r\n                        <\/div>\r\n                                        <h2 class=\"work-process-title\">100.000+ M\u00fc\u015fteri<\/h2>\r\n                    <div class=\"restly-workp_two_dec\"><p>Her projede m\u00fc\u015fteri memnuniyeti<\/p><\/div>\r\n                <\/div>\r\n                    <\/div>\r\n        \t\t\t\t<\/div>\n\t\t\t\t<\/div>\n\t\t\t\t\t<\/div>\n\t\t<\/div>\n\t\t\t\t<div class=\"elementor-column elementor-col-33 elementor-inner-column elementor-element elementor-element-30e824d\" data-id=\"30e824d\" data-element_type=\"column\" data-e-type=\"column\">\n\t\t\t<div class=\"elementor-widget-wrap elementor-element-populated\">\n\t\t\t\t\t\t<div class=\"elementor-element elementor-element-8a62cbf elementor-widget elementor-widget-restly_work_process\" data-id=\"8a62cbf\" data-element_type=\"widget\" data-e-type=\"widget\" data-widget_type=\"restly_work_process.default\">\n\t\t\t\t<div class=\"elementor-widget-container\">\n\t\t\t\t\t        <div class=\"restly-workprocess-wrapper\">\r\n                            <div class=\"restly-work-progress-two\">\r\n                                            <div class=\"restly-work-process-icon\">\r\n                        <i class=\"ico ico-store\"><\/i>\r\n                        <\/div>\r\n                                        <h2 class=\"work-process-title\">25.000+ \u00dcr\u00fcn<\/h2>\r\n                    <div class=\"restly-workp_two_dec\"><p>Geni\u015f \u00fcr\u00fcn yelpazesi, tek noktadan \u00e7\u00f6z\u00fcm<\/p><\/div>\r\n                <\/div>\r\n                    <\/div>\r\n        \t\t\t\t<\/div>\n\t\t\t\t<\/div>\n\t\t\t\t\t<\/div>\n\t\t<\/div>\n\t\t\t\t\t<\/div>\n\t\t<\/section>\n\t\t\t\t<section class=\"elementor-section elementor-inner-section elementor-element elementor-element-9fb0ab4 elementor-section-boxed elementor-section-height-default elementor-section-height-default\" data-id=\"9fb0ab4\" data-element_type=\"section\" data-e-type=\"section\">\n\t\t\t\t\t\t<div class=\"elementor-container elementor-column-gap-default\">\n\t\t\t\t\t<div class=\"elementor-column elementor-col-50 elementor-inner-column elementor-element elementor-element-25b5955\" data-id=\"25b5955\" data-element_type=\"column\" data-e-type=\"column\">\n\t\t\t<div class=\"elementor-widget-wrap elementor-element-populated\">\n\t\t\t\t\t\t<div class=\"elementor-element elementor-element-68da235 elementor-widget elementor-widget-restly_title\" data-id=\"68da235\" data-element_type=\"widget\" data-e-type=\"widget\" data-widget_type=\"restly_title.default\">\n\t\t\t\t<div class=\"elementor-widget-container\">\n\t\t\t\t\t        <div class=\"restly-section-title-wrapper\">\r\n            <div class=\"restly-section-title\">\r\n                                \r\n                <h2 class=\"restly-section-title\">En g\u00fcncel haberler, ve kampanyalardan haberdar olmak i\u00e7in e-b\u00fcltenimize abone olun.<\/h2> \r\n            <\/div>\r\n        <\/div>\r\n        \t\t\t\t<\/div>\n\t\t\t\t<\/div>\n\t\t\t\t\t<\/div>\n\t\t<\/div>\n\t\t\t\t<div class=\"elementor-column elementor-col-50 elementor-inner-column elementor-element elementor-element-678ca3c\" data-id=\"678ca3c\" data-element_type=\"column\" data-e-type=\"column\">\n\t\t\t<div class=\"elementor-widget-wrap elementor-element-populated\">\n\t\t\t\t\t\t<div class=\"elementor-element elementor-element-6541391 elementor-widget elementor-widget-restly_subscribe\" data-id=\"6541391\" data-element_type=\"widget\" data-e-type=\"widget\" data-widget_type=\"restly_subscribe.default\">\n\t\t\t\t<div class=\"elementor-widget-container\">\n\t\t\t\t\t        <div class=\"restly-subscribe-wrapper\">\r\n            <div class=\"restly-subscribe-innter\">\r\n            <script>(function() {\n\twindow.mc4wp = window.mc4wp || {\n\t\tlisteners: [],\n\t\tforms: {\n\t\t\ton: function(evt, cb) {\n\t\t\t\twindow.mc4wp.listeners.push(\n\t\t\t\t\t{\n\t\t\t\t\t\tevent   : evt,\n\t\t\t\t\t\tcallback: cb\n\t\t\t\t\t}\n\t\t\t\t);\n\t\t\t}\n\t\t}\n\t}\n})();\n<\/script><!-- Mailchimp for WordPress v4.12.2 - https:\/\/wordpress.org\/plugins\/mailchimp-for-wp\/ --><form id=\"mc4wp-form-1\" class=\"mc4wp-form mc4wp-form-11246\" method=\"post\" data-id=\"11246\" data-name=\"test\" action=\"\" ><div class=\"mc4wp-form-fields\"><div class=\"mc4wp-form-fields\">\r\n  <input type=\"email\" name=\"EMAIL\" placeholder=\"Mail adresinizi yaz\u0131n\" required=\"\">\r\n  <button value=\"submit\">Abone Ol<\/button>\r\n<\/div><\/div><label style=\"display: none !important;\">Leave this field empty if you're human: <input type=\"text\" name=\"_mc4wp_honeypot\" value=\"\" tabindex=\"-1\" autocomplete=\"off\" \/><\/label><input type=\"hidden\" name=\"_mc4wp_timestamp\" value=\"1776870500\" \/><input type=\"hidden\" name=\"_mc4wp_form_id\" value=\"11246\" \/><input type=\"hidden\" name=\"_mc4wp_form_element_id\" value=\"mc4wp-form-1\" \/><div class=\"mc4wp-response\"><\/div><input type=\"hidden\" name=\"trp-form-language\" value=\"en\"\/><\/form><!-- \/ Mailchimp for WordPress Plugin -->            <\/div>\r\n        <\/div>\r\n        \t\t\t\t<\/div>\n\t\t\t\t<\/div>\n\t\t\t\t\t<\/div>\n\t\t<\/div>\n\t\t\t\t\t<\/div>\n\t\t<\/section>\n\t\t\t\t\t<\/div>\n\t\t<\/div>\n\t\t\t\t\t<\/div>\n\t\t<\/section>\n\t\t\t\t<\/div>","protected":false},"excerpt":{"rendered":"<p>Bilgi Toplumu Hizmetleri Metro Elektrik M\u00fchendislik Taahh\u00fct Sanayi ve Ticaret A.\u015e.\u2019nin detayl\u0131 \u015firket bilgilerine MKK Bilgi Toplumu Hizmetleri \u00fczerinden eri\u015febilirsiniz. \u015eirket Bilgilerini G\u00f6r\u00fcnt\u00fcle 33+ Y\u0131ll\u0131k Tecr\u00fcbe Uzmanl\u0131k ve g\u00fcvenin adresi 100.000+ M\u00fc\u015fteri Her projede m\u00fc\u015fteri memnuniyeti 25.000+ \u00dcr\u00fcn Geni\u015f \u00fcr\u00fcn yelpazesi, tek noktadan \u00e7\u00f6z\u00fcm En g\u00fcncel haberler, ve kampanyalardan haberdar olmak i\u00e7in e-b\u00fcltenimize abone olun. [&hellip;]<\/p>\n","protected":false},"author":1,"featured_media":0,"parent":92,"menu_order":0,"comment_status":"closed","ping_status":"closed","template":"","meta":{"_monsterinsights_skip_tracking":false,"_monsterinsights_sitenote_active":false,"_monsterinsights_sitenote_note":"","_monsterinsights_sitenote_category":0,"footnotes":""},"class_list":["post-460","page","type-page","status-publish","hentry"],"yoast_head":"<!-- This site is optimized with the Yoast SEO plugin v27.4 - https:\/\/yoast.com\/product\/yoast-seo-wordpress\/ -->\n<title>Bilgi Toplumu Hizmetleri - Metro Elektrik<\/title>\n<meta name=\"description\" content=\"Metro Elektrik\u2019in Bilgi Toplumu Hizmetleri kapsam\u0131nda sundu\u011fu elektronik ileti\u015fim ve dijital hakk\u0131nda detayl\u0131 bilgi edinin.\" \/>\n<meta name=\"robots\" content=\"index, follow, max-snippet:-1, max-image-preview:large, max-video-preview:-1\" \/>\n<link rel=\"canonical\" href=\"https:\/\/www.metroelektrik.com.tr\/en\/hakkimizda\/bilgi-toplumu-hizmetleri\/\" \/>\n<meta property=\"og:locale\" content=\"en_GB\" \/>\n<meta property=\"og:type\" content=\"article\" \/>\n<meta property=\"og:title\" content=\"Bilgi Toplumu Hizmetleri - Metro Elektrik\" \/>\n<meta property=\"og:description\" content=\"Metro Elektrik\u2019in Bilgi Toplumu Hizmetleri kapsam\u0131nda sundu\u011fu elektronik ileti\u015fim ve dijital hakk\u0131nda detayl\u0131 bilgi edinin.\" \/>\n<meta property=\"og:url\" content=\"https:\/\/www.metroelektrik.com.tr\/en\/hakkimizda\/bilgi-toplumu-hizmetleri\/\" \/>\n<meta property=\"og:site_name\" content=\"Metro Elektrik\" \/>\n<meta property=\"article:publisher\" content=\"https:\/\/www.facebook.com\/metroelektrikgroup\" \/>\n<meta property=\"article:modified_time\" content=\"2026-03-26T11:11:04+00:00\" \/>\n<meta name=\"twitter:card\" content=\"summary_large_image\" \/>\n<meta name=\"twitter:label1\" content=\"Estimated reading time\" \/>\n\t<meta name=\"twitter:data1\" content=\"1 minute\" \/>\n<script type=\"application\/ld+json\" class=\"yoast-schema-graph\">{\"@context\":\"https:\\\/\\\/schema.org\",\"@graph\":[{\"@type\":\"WebPage\",\"@id\":\"https:\\\/\\\/www.metroelektrik.com.tr\\\/hakkimizda\\\/bilgi-toplumu-hizmetleri\\\/\",\"url\":\"https:\\\/\\\/www.metroelektrik.com.tr\\\/hakkimizda\\\/bilgi-toplumu-hizmetleri\\\/\",\"name\":\"Bilgi Toplumu Hizmetleri - Metro Elektrik\",\"isPartOf\":{\"@id\":\"https:\\\/\\\/www.metroelektrik.com.tr\\\/#website\"},\"datePublished\":\"2018-05-11T12:28:53+00:00\",\"dateModified\":\"2026-03-26T11:11:04+00:00\",\"description\":\"Metro Elektrik\u2019in Bilgi Toplumu Hizmetleri kapsam\u0131nda sundu\u011fu elektronik ileti\u015fim ve dijital hakk\u0131nda detayl\u0131 bilgi edinin.\",\"breadcrumb\":{\"@id\":\"https:\\\/\\\/www.metroelektrik.com.tr\\\/hakkimizda\\\/bilgi-toplumu-hizmetleri\\\/#breadcrumb\"},\"inLanguage\":\"en-GB\",\"potentialAction\":[{\"@type\":\"ReadAction\",\"target\":[\"https:\\\/\\\/www.metroelektrik.com.tr\\\/hakkimizda\\\/bilgi-toplumu-hizmetleri\\\/\"]}]},{\"@type\":\"BreadcrumbList\",\"@id\":\"https:\\\/\\\/www.metroelektrik.com.tr\\\/hakkimizda\\\/bilgi-toplumu-hizmetleri\\\/#breadcrumb\",\"itemListElement\":[{\"@type\":\"ListItem\",\"position\":1,\"name\":\"Hakk\u0131m\u0131zda\",\"item\":\"https:\\\/\\\/www.metroelektrik.com.tr\\\/hakkimizda\\\/\"},{\"@type\":\"ListItem\",\"position\":2,\"name\":\"Bilgi Toplumu Hizmetleri\"}]},{\"@type\":\"WebSite\",\"@id\":\"https:\\\/\\\/www.metroelektrik.com.tr\\\/#website\",\"url\":\"https:\\\/\\\/www.metroelektrik.com.tr\\\/\",\"name\":\"Metro Elektrik\",\"description\":\"G\u00fcc\u00fcm\u00fcz Tecr\u00fcbemizdir\",\"publisher\":{\"@id\":\"https:\\\/\\\/www.metroelektrik.com.tr\\\/#organization\"},\"potentialAction\":[{\"@type\":\"SearchAction\",\"target\":{\"@type\":\"EntryPoint\",\"urlTemplate\":\"https:\\\/\\\/www.metroelektrik.com.tr\\\/?s={search_term_string}\"},\"query-input\":{\"@type\":\"PropertyValueSpecification\",\"valueRequired\":true,\"valueName\":\"search_term_string\"}}],\"inLanguage\":\"en-GB\"},{\"@type\":\"Organization\",\"@id\":\"https:\\\/\\\/www.metroelektrik.com.tr\\\/#organization\",\"name\":\"Metro Elektrik\",\"url\":\"https:\\\/\\\/www.metroelektrik.com.tr\\\/\",\"logo\":{\"@type\":\"ImageObject\",\"inLanguage\":\"en-GB\",\"@id\":\"https:\\\/\\\/www.metroelektrik.com.tr\\\/#\\\/schema\\\/logo\\\/image\\\/\",\"url\":\"https:\\\/\\\/www.metroelektrik.com.tr\\\/wp-content\\\/uploads\\\/2024\\\/01\\\/Logo-metro-blck-75.png\",\"contentUrl\":\"https:\\\/\\\/www.metroelektrik.com.tr\\\/wp-content\\\/uploads\\\/2024\\\/01\\\/Logo-metro-blck-75.png\",\"width\":197,\"height\":75,\"caption\":\"Metro Elektrik\"},\"image\":{\"@id\":\"https:\\\/\\\/www.metroelektrik.com.tr\\\/#\\\/schema\\\/logo\\\/image\\\/\"},\"sameAs\":[\"https:\\\/\\\/www.facebook.com\\\/metroelektrikgroup\",\"https:\\\/\\\/www.linkedin.com\\\/company\\\/metroelektrikgroup\\\/\",\"https:\\\/\\\/www.instagram.com\\\/metroelektrikgroup\"]}]}<\/script>\n<!-- \/ Yoast SEO plugin. -->","yoast_head_json":{"title":"Bilgi Toplumu Hizmetleri - Metro Elektrik","description":"Metro Elektrik\u2019in Bilgi Toplumu Hizmetleri kapsam\u0131nda sundu\u011fu elektronik ileti\u015fim ve dijital hakk\u0131nda detayl\u0131 bilgi edinin.","robots":{"index":"index","follow":"follow","max-snippet":"max-snippet:-1","max-image-preview":"max-image-preview:large","max-video-preview":"max-video-preview:-1"},"canonical":"https:\/\/www.metroelektrik.com.tr\/en\/hakkimizda\/bilgi-toplumu-hizmetleri\/","og_locale":"en_GB","og_type":"article","og_title":"Bilgi Toplumu Hizmetleri - Metro Elektrik","og_description":"Metro Elektrik\u2019in Bilgi Toplumu Hizmetleri kapsam\u0131nda sundu\u011fu elektronik ileti\u015fim ve dijital hakk\u0131nda detayl\u0131 bilgi edinin.","og_url":"https:\/\/www.metroelektrik.com.tr\/en\/hakkimizda\/bilgi-toplumu-hizmetleri\/","og_site_name":"Metro Elektrik","article_publisher":"https:\/\/www.facebook.com\/metroelektrikgroup","article_modified_time":"2026-03-26T11:11:04+00:00","twitter_card":"summary_large_image","twitter_misc":{"Estimated reading time":"1 minute"},"schema":{"@context":"https:\/\/schema.org","@graph":[{"@type":"WebPage","@id":"https:\/\/www.metroelektrik.com.tr\/hakkimizda\/bilgi-toplumu-hizmetleri\/","url":"https:\/\/www.metroelektrik.com.tr\/hakkimizda\/bilgi-toplumu-hizmetleri\/","name":"Bilgi Toplumu Hizmetleri - Metro Elektrik","isPartOf":{"@id":"https:\/\/www.metroelektrik.com.tr\/#website"},"datePublished":"2018-05-11T12:28:53+00:00","dateModified":"2026-03-26T11:11:04+00:00","description":"Metro Elektrik\u2019in Bilgi Toplumu Hizmetleri kapsam\u0131nda sundu\u011fu elektronik ileti\u015fim ve dijital hakk\u0131nda detayl\u0131 bilgi edinin.","breadcrumb":{"@id":"https:\/\/www.metroelektrik.com.tr\/hakkimizda\/bilgi-toplumu-hizmetleri\/#breadcrumb"},"inLanguage":"en-GB","potentialAction":[{"@type":"ReadAction","target":["https:\/\/www.metroelektrik.com.tr\/hakkimizda\/bilgi-toplumu-hizmetleri\/"]}]},{"@type":"BreadcrumbList","@id":"https:\/\/www.metroelektrik.com.tr\/hakkimizda\/bilgi-toplumu-hizmetleri\/#breadcrumb","itemListElement":[{"@type":"ListItem","position":1,"name":"Hakk\u0131m\u0131zda","item":"https:\/\/www.metroelektrik.com.tr\/hakkimizda\/"},{"@type":"ListItem","position":2,"name":"Bilgi Toplumu Hizmetleri"}]},{"@type":"WebSite","@id":"https:\/\/www.metroelektrik.com.tr\/#website","url":"https:\/\/www.metroelektrik.com.tr\/","name":"Metro Elektrik","description":"G\u00fcc\u00fcm\u00fcz Tecr\u00fcbemizdir","publisher":{"@id":"https:\/\/www.metroelektrik.com.tr\/#organization"},"potentialAction":[{"@type":"SearchAction","target":{"@type":"EntryPoint","urlTemplate":"https:\/\/www.metroelektrik.com.tr\/?s={search_term_string}"},"query-input":{"@type":"PropertyValueSpecification","valueRequired":true,"valueName":"search_term_string"}}],"inLanguage":"en-GB"},{"@type":"Organization","@id":"https:\/\/www.metroelektrik.com.tr\/#organization","name":"Metro Elektrik","url":"https:\/\/www.metroelektrik.com.tr\/","logo":{"@type":"ImageObject","inLanguage":"en-GB","@id":"https:\/\/www.metroelektrik.com.tr\/#\/schema\/logo\/image\/","url":"https:\/\/www.metroelektrik.com.tr\/wp-content\/uploads\/2024\/01\/Logo-metro-blck-75.png","contentUrl":"https:\/\/www.metroelektrik.com.tr\/wp-content\/uploads\/2024\/01\/Logo-metro-blck-75.png","width":197,"height":75,"caption":"Metro Elektrik"},"image":{"@id":"https:\/\/www.metroelektrik.com.tr\/#\/schema\/logo\/image\/"},"sameAs":["https:\/\/www.facebook.com\/metroelektrikgroup","https:\/\/www.linkedin.com\/company\/metroelektrikgroup\/","https:\/\/www.instagram.com\/metroelektrikgroup"]}]}},"_links":{"self":[{"href":"https:\/\/www.metroelektrik.com.tr\/en\/wp-json\/wp\/v2\/pages\/460","targetHints":{"allow":["GET"]}}],"collection":[{"href":"https:\/\/www.metroelektrik.com.tr\/en\/wp-json\/wp\/v2\/pages"}],"about":[{"href":"https:\/\/www.metroelektrik.com.tr\/en\/wp-json\/wp\/v2\/types\/page"}],"author":[{"embeddable":true,"href":"https:\/\/www.metroelektrik.com.tr\/en\/wp-json\/wp\/v2\/users\/1"}],"replies":[{"embeddable":true,"href":"https:\/\/www.metroelektrik.com.tr\/en\/wp-json\/wp\/v2\/comments?post=460"}],"version-history":[{"count":19,"href":"https:\/\/www.metroelektrik.com.tr\/en\/wp-json\/wp\/v2\/pages\/460\/revisions"}],"predecessor-version":[{"id":11602,"href":"https:\/\/www.metroelektrik.com.tr\/en\/wp-json\/wp\/v2\/pages\/460\/revisions\/11602"}],"up":[{"embeddable":true,"href":"https:\/\/www.metroelektrik.com.tr\/en\/wp-json\/wp\/v2\/pages\/92"}],"wp:attachment":[{"href":"https:\/\/www.metroelektrik.com.tr\/en\/wp-json\/wp\/v2\/media?parent=460"}],"curies":[{"name":"wp","href":"https:\/\/api.w.org\/{rel}","templated":true}]}}