{"id":4142,"date":"2021-10-04T15:36:06","date_gmt":"2021-10-04T15:36:06","guid":{"rendered":"https:\/\/restly.themepul.com\/?page_id=4142"},"modified":"2026-04-21T18:57:40","modified_gmt":"2026-04-21T18:57:40","slug":"blog-elements","status":"publish","type":"page","link":"https:\/\/www.metroelektrik.com.tr\/en\/blog-elements\/","title":{"rendered":"Blog Elements"},"content":{"rendered":"<div data-elementor-type=\"wp-page\" data-elementor-id=\"4142\" class=\"elementor elementor-4142\">\n\t\t\t\t\t\t<section class=\"elementor-section elementor-top-section elementor-element elementor-element-1aaf507 elementor-section-boxed elementor-section-height-default elementor-section-height-default\" data-id=\"1aaf507\" data-element_type=\"section\" data-e-type=\"section\">\n\t\t\t\t\t\t<div class=\"elementor-container elementor-column-gap-default\">\n\t\t\t\t\t<div class=\"elementor-column elementor-col-100 elementor-top-column elementor-element elementor-element-0e51158\" data-id=\"0e51158\" data-element_type=\"column\" data-e-type=\"column\">\n\t\t\t<div class=\"elementor-widget-wrap elementor-element-populated\">\n\t\t\t\t\t\t<section class=\"elementor-section elementor-inner-section elementor-element elementor-element-b7cd3d4 elementor-section-boxed elementor-section-height-default elementor-section-height-default\" data-id=\"b7cd3d4\" data-element_type=\"section\" data-e-type=\"section\">\n\t\t\t\t\t\t<div class=\"elementor-container elementor-column-gap-default\">\n\t\t\t\t\t<div class=\"elementor-column elementor-col-100 elementor-inner-column elementor-element elementor-element-579bb7d\" data-id=\"579bb7d\" data-element_type=\"column\" data-e-type=\"column\">\n\t\t\t<div class=\"elementor-widget-wrap elementor-element-populated\">\n\t\t\t\t\t\t<div class=\"elementor-element elementor-element-cd6b545 elementor-widget elementor-widget-restly_title\" data-id=\"cd6b545\" data-element_type=\"widget\" data-e-type=\"widget\" data-widget_type=\"restly_title.default\">\n\t\t\t\t<div class=\"elementor-widget-container\">\n\t\t\t\t\t        <div class=\"restly-section-title-wrapper\">\r\n            <div class=\"restly-section-title\">\r\n                <h6 class=\"restly-section-stitle\"><span>Metro Elektrik<\/span><\/h6>                \r\n                <h2 class=\"restly-section-title\">Blog<\/h2> \r\n            <\/div>\r\n        <\/div>\r\n        \t\t\t\t<\/div>\n\t\t\t\t<\/div>\n\t\t\t\t\t<\/div>\n\t\t<\/div>\n\t\t\t\t\t<\/div>\n\t\t<\/section>\n\t\t\t\t<section class=\"elementor-section elementor-inner-section elementor-element elementor-element-92a11a1 elementor-section-boxed elementor-section-height-default elementor-section-height-default\" data-id=\"92a11a1\" data-element_type=\"section\" data-e-type=\"section\">\n\t\t\t\t\t\t<div class=\"elementor-container elementor-column-gap-default\">\n\t\t\t\t\t<div class=\"elementor-column elementor-col-100 elementor-inner-column elementor-element elementor-element-42df3a3\" data-id=\"42df3a3\" data-element_type=\"column\" data-e-type=\"column\">\n\t\t\t<div class=\"elementor-widget-wrap elementor-element-populated\">\n\t\t\t\t\t\t<div class=\"elementor-element elementor-element-644b816 elementor-widget elementor-widget-restly_blog\" data-id=\"644b816\" data-element_type=\"widget\" data-e-type=\"widget\" data-widget_type=\"restly_blog.default\">\n\t\t\t\t<div class=\"elementor-widget-container\">\n\t\t\t\t\t        <div class=\"restly-blog-post-wrapper\">\r\n            <div class=\"restly-blog-post-box\">\r\n                <div class=\"row\">\r\n                                        <div class=\"col-12 col-sm-12 col-md-6 col-lg-4\">\r\n                        <div class=\"restly-blog-post-item restly-blog-one\">\r\n                                                        <div class=\"restly-blog-post-img\">\r\n                                <a href=\"https:\/\/www.metroelektrik.com.tr\/en\/abb-dc-otomatik-sigortalari-nasil-calisir\/\">\r\n                                    <img fetchpriority=\"high\" decoding=\"async\" width=\"900\" height=\"550\" src=\"https:\/\/www.metroelektrik.com.tr\/wp-content\/uploads\/2022\/04\/DC-Sigorta.jpg\" class=\"img-responsive wp-post-image\" alt=\"\" srcset=\"https:\/\/www.metroelektrik.com.tr\/wp-content\/uploads\/2022\/04\/DC-Sigorta.jpg 900w, https:\/\/www.metroelektrik.com.tr\/wp-content\/uploads\/2022\/04\/DC-Sigorta-600x367.jpg 600w, https:\/\/www.metroelektrik.com.tr\/wp-content\/uploads\/2022\/04\/DC-Sigorta-300x183.jpg 300w, https:\/\/www.metroelektrik.com.tr\/wp-content\/uploads\/2022\/04\/DC-Sigorta-768x469.jpg 768w, https:\/\/www.metroelektrik.com.tr\/wp-content\/uploads\/2022\/04\/DC-Sigorta-800x489.jpg 800w\" sizes=\"(max-width: 900px) 100vw, 900px\" \/>                                <\/a>\r\n                            <\/div>\r\n                                                        <div class=\"restly-blog-post-content\">\r\n                                <div class=\"restly-blog-top-area\">\r\n                                                                        <div class=\"post-meta-item\">\r\n                                        <ul>\r\n                                                                                    <li><i class=\"fas fa-calendar-alt\"><\/i><span class=\"posted-on\"><a href=\"https:\/\/www.metroelektrik.com.tr\/en\/abb-dc-otomatik-sigortalari-nasil-calisir\/\" rel=\"bookmark\"><time class=\"entry-date published updated\" datetime=\"2022-04-18T12:00:33+00:00\">04\/18\/2022<\/time><\/a><\/span><\/li>\r\n                                                                                        <li class=\"post-cat\"><i class=\"fas fa-tag\"><\/i><a href=\"https:\/\/www.metroelektrik.com.tr\/en\/category\/uncategorized\/\" rel=\"category tag\">Uncategorized<\/a><\/li>\r\n                                                                                    <\/ul>\r\n                                    <\/div>\r\n                                    <div class=\"restly-blog-post-title\">\r\n                                        <a href=\"https:\/\/www.metroelektrik.com.tr\/en\/abb-dc-otomatik-sigortalari-nasil-calisir\/\">ABB &#8211; DC Otomatik Sigortalar\u0131 Nas\u0131l \u00c7al\u0131\u015f\u0131r?<\/a>\r\n                                    <\/div>\r\n                                    <div class=\"restly-post-dec\">\r\n                                        <p>G\u00fcn\u00fcm\u00fcz\u00fcn otomatik sigortalar\u0131n\u0131n ak\u0131m\u0131 anahtarlamas\u0131 ile ilgili ilgin\u00e7 ger\u00e7ekler. Yakla\u015f\u0131k 1890\u2019larda,&hellip;<\/p>\r\n                                    <\/div>\r\n                                <\/div>\r\n                                                                <div class=\"restly-blog-post-author\">\r\n                                    <img alt='' src='https:\/\/secure.gravatar.com\/avatar\/03e258603285a4a7b2be5c753cf0a408a105d761a7eddf6ec69b8def4cf67f96?s=60&#038;d=mm&#038;r=g' srcset='https:\/\/secure.gravatar.com\/avatar\/03e258603285a4a7b2be5c753cf0a408a105d761a7eddf6ec69b8def4cf67f96?s=120&#038;d=mm&#038;r=g 2x' class='avatar avatar-60 photo' height='60' width='60' \/>By<span class=\"byline\"><span class=\"author vcard\"><a class=\"url fn n\" href=\"https:\/\/www.metroelektrik.com.tr\/en\/author\/metroelektrik\/\">metroelektrik<\/a><\/span><\/span>                                <\/div>\r\n                                                            <\/div>\r\n                        <\/div>\r\n                    <\/div>\r\n                                        <div class=\"col-12 col-sm-12 col-md-6 col-lg-4\">\r\n                        <div class=\"restly-blog-post-item restly-blog-one\">\r\n                                                        <div class=\"restly-blog-post-img\">\r\n                                <a href=\"https:\/\/www.metroelektrik.com.tr\/en\/sace-formula-sicaklik-performansi\/\">\r\n                                    <img decoding=\"async\" width=\"900\" height=\"550\" src=\"https:\/\/www.metroelektrik.com.tr\/wp-content\/uploads\/2022\/04\/Saceformula.jpg\" class=\"img-responsive wp-post-image\" alt=\"\" srcset=\"https:\/\/www.metroelektrik.com.tr\/wp-content\/uploads\/2022\/04\/Saceformula.jpg 900w, https:\/\/www.metroelektrik.com.tr\/wp-content\/uploads\/2022\/04\/Saceformula-600x367.jpg 600w, https:\/\/www.metroelektrik.com.tr\/wp-content\/uploads\/2022\/04\/Saceformula-300x183.jpg 300w, https:\/\/www.metroelektrik.com.tr\/wp-content\/uploads\/2022\/04\/Saceformula-768x469.jpg 768w, https:\/\/www.metroelektrik.com.tr\/wp-content\/uploads\/2022\/04\/Saceformula-800x489.jpg 800w\" sizes=\"(max-width: 900px) 100vw, 900px\" \/>                                <\/a>\r\n                            <\/div>\r\n                                                        <div class=\"restly-blog-post-content\">\r\n                                <div class=\"restly-blog-top-area\">\r\n                                                                        <div class=\"post-meta-item\">\r\n                                        <ul>\r\n                                                                                    <li><i class=\"fas fa-calendar-alt\"><\/i><span class=\"posted-on\"><a href=\"https:\/\/www.metroelektrik.com.tr\/en\/sace-formula-sicaklik-performansi\/\" rel=\"bookmark\"><time class=\"entry-date published updated\" datetime=\"2022-04-18T12:57:18+00:00\">04\/18\/2022<\/time><\/a><\/span><\/li>\r\n                                                                                        <li class=\"post-cat\"><i class=\"fas fa-tag\"><\/i><a href=\"https:\/\/www.metroelektrik.com.tr\/en\/category\/uncategorized\/\" rel=\"category tag\">Uncategorized<\/a><\/li>\r\n                                                                                    <\/ul>\r\n                                    <\/div>\r\n                                    <div class=\"restly-blog-post-title\">\r\n                                        <a href=\"https:\/\/www.metroelektrik.com.tr\/en\/sace-formula-sicaklik-performansi\/\">ABB &#8211; SACE FORMULA S\u0131cakl\u0131k Performans\u0131<\/a>\r\n                                    <\/div>\r\n                                    <div class=\"restly-post-dec\">\r\n                                        <p>T\u00fcm SACE FORMULA devre kesicileri a\u015fa\u011f\u0131daki \u00e7evre ko\u015fullar\u0131nda kullan\u0131labilir: -25\u00b0C +70\u00b0C:&hellip;<\/p>\r\n                                    <\/div>\r\n                                <\/div>\r\n                                                                <div class=\"restly-blog-post-author\">\r\n                                    <img alt='' src='https:\/\/secure.gravatar.com\/avatar\/03e258603285a4a7b2be5c753cf0a408a105d761a7eddf6ec69b8def4cf67f96?s=60&#038;d=mm&#038;r=g' srcset='https:\/\/secure.gravatar.com\/avatar\/03e258603285a4a7b2be5c753cf0a408a105d761a7eddf6ec69b8def4cf67f96?s=120&#038;d=mm&#038;r=g 2x' class='avatar avatar-60 photo' height='60' width='60' \/>By<span class=\"byline\"><span class=\"author vcard\"><a class=\"url fn n\" href=\"https:\/\/www.metroelektrik.com.tr\/en\/author\/metroelektrik\/\">metroelektrik<\/a><\/span><\/span>                                <\/div>\r\n                                                            <\/div>\r\n                        <\/div>\r\n                    <\/div>\r\n                                        <div class=\"col-12 col-sm-12 col-md-6 col-lg-4\">\r\n                        <div class=\"restly-blog-post-item restly-blog-one\">\r\n                                                        <div class=\"restly-blog-post-img\">\r\n                                <a href=\"https:\/\/www.metroelektrik.com.tr\/en\/abb-kontaktor-secimi-nasil-yapilir\/\">\r\n                                    <img decoding=\"async\" width=\"900\" height=\"550\" src=\"https:\/\/www.metroelektrik.com.tr\/wp-content\/uploads\/2022\/04\/Kontaktor-secimi.jpg\" class=\"img-responsive wp-post-image\" alt=\"\" srcset=\"https:\/\/www.metroelektrik.com.tr\/wp-content\/uploads\/2022\/04\/Kontaktor-secimi.jpg 900w, https:\/\/www.metroelektrik.com.tr\/wp-content\/uploads\/2022\/04\/Kontaktor-secimi-600x367.jpg 600w, https:\/\/www.metroelektrik.com.tr\/wp-content\/uploads\/2022\/04\/Kontaktor-secimi-300x183.jpg 300w, https:\/\/www.metroelektrik.com.tr\/wp-content\/uploads\/2022\/04\/Kontaktor-secimi-768x469.jpg 768w, https:\/\/www.metroelektrik.com.tr\/wp-content\/uploads\/2022\/04\/Kontaktor-secimi-800x489.jpg 800w\" sizes=\"(max-width: 900px) 100vw, 900px\" \/>                                <\/a>\r\n                            <\/div>\r\n                                                        <div class=\"restly-blog-post-content\">\r\n                                <div class=\"restly-blog-top-area\">\r\n                                                                        <div class=\"post-meta-item\">\r\n                                        <ul>\r\n                                                                                    <li><i class=\"fas fa-calendar-alt\"><\/i><span class=\"posted-on\"><a href=\"https:\/\/www.metroelektrik.com.tr\/en\/abb-kontaktor-secimi-nasil-yapilir\/\" rel=\"bookmark\"><time class=\"entry-date published updated\" datetime=\"2022-04-18T13:00:32+00:00\">04\/18\/2022<\/time><\/a><\/span><\/li>\r\n                                                                                        <li class=\"post-cat\"><i class=\"fas fa-tag\"><\/i><a href=\"https:\/\/www.metroelektrik.com.tr\/en\/category\/uncategorized\/\" rel=\"category tag\">Uncategorized<\/a><\/li>\r\n                                                                                    <\/ul>\r\n                                    <\/div>\r\n                                    <div class=\"restly-blog-post-title\">\r\n                                        <a href=\"https:\/\/www.metroelektrik.com.tr\/en\/abb-kontaktor-secimi-nasil-yapilir\/\">ABB \u2013 Kontakt\u00f6r Se\u00e7imi Nas\u0131l Yap\u0131l\u0131r?<\/a>\r\n                                    <\/div>\r\n                                    <div class=\"restly-post-dec\">\r\n                                        <p>Sistemlerimizde kullanaca\u011f\u0131m\u0131z kontakt\u00f6rlerin verimli ve uzun s\u00fcreli \u00e7al\u0131\u015fabilmesi i\u00e7in baz\u0131 teknik&hellip;<\/p>\r\n                                    <\/div>\r\n                                <\/div>\r\n                                                                <div class=\"restly-blog-post-author\">\r\n                                    <img alt='' src='https:\/\/secure.gravatar.com\/avatar\/03e258603285a4a7b2be5c753cf0a408a105d761a7eddf6ec69b8def4cf67f96?s=60&#038;d=mm&#038;r=g' srcset='https:\/\/secure.gravatar.com\/avatar\/03e258603285a4a7b2be5c753cf0a408a105d761a7eddf6ec69b8def4cf67f96?s=120&#038;d=mm&#038;r=g 2x' class='avatar avatar-60 photo' height='60' width='60' \/>By<span class=\"byline\"><span class=\"author vcard\"><a class=\"url fn n\" href=\"https:\/\/www.metroelektrik.com.tr\/en\/author\/metroelektrik\/\">metroelektrik<\/a><\/span><\/span>                                <\/div>\r\n                                                            <\/div>\r\n                        <\/div>\r\n                    <\/div>\r\n                                                                \t\t<div class=\"pagination-area\">\n\t\t\t<ul class=\"\">\n                                    <li class=\"active\"><a aria-current=\"page\" class=\"page-numbers current\">1<\/a><\/li>\n                                    <li class=\"\"><a class=\"page-numbers\" href=\"https:\/\/www.metroelektrik.com.tr\/en\/wp-json\/wp\/v2\/pages\/4142\/page\/2\/\">2<\/a><\/li>\n                                    <li class=\"\"><a class=\"page-numbers\" href=\"https:\/\/www.metroelektrik.com.tr\/en\/wp-json\/wp\/v2\/pages\/4142\/page\/3\/\">3<\/a><\/li>\n                                    <li class=\"\"><a class=\"page-numbers\" href=\"https:\/\/www.metroelektrik.com.tr\/en\/wp-json\/wp\/v2\/pages\/4142\/page\/4\/\">4<\/a><\/li>\n                                    <li class=\"\"><a class=\"next page-numbers\" href=\"https:\/\/www.metroelektrik.com.tr\/en\/wp-json\/wp\/v2\/pages\/4142\/page\/2\/\"><i class=\"fa fa-angle-right\" aria-hidden=\"true\"><\/i><\/a><\/li>\n                \t\t\t<\/ul>\n\t\t<\/div><!-- .navigation -->\n\t\t                                    <\/div>\r\n            <\/div>\r\n        <\/div>\r\n        \t\t\t\t<\/div>\n\t\t\t\t<\/div>\n\t\t\t\t\t<\/div>\n\t\t<\/div>\n\t\t\t\t\t<\/div>\n\t\t<\/section>\n\t\t\t\t\t<\/div>\n\t\t<\/div>\n\t\t\t\t\t<\/div>\n\t\t<\/section>\n\t\t\t\t<\/div>","protected":false},"excerpt":{"rendered":"<p>Metro Elektrik Blog 04\/18\/2022 Uncategorized ABB &#8211; DC Otomatik Sigortalar\u0131 Nas\u0131l \u00c7al\u0131\u015f\u0131r? G\u00fcn\u00fcm\u00fcz\u00fcn otomatik sigortalar\u0131n\u0131n ak\u0131m\u0131 anahtarlamas\u0131 ile ilgili ilgin\u00e7 ger\u00e7ekler. Yakla\u015f\u0131k 1890\u2019larda,&hellip; Bymetroelektrik 04\/18\/2022 Uncategorized ABB &#8211; SACE FORMULA S\u0131cakl\u0131k Performans\u0131 T\u00fcm SACE FORMULA devre kesicileri a\u015fa\u011f\u0131daki \u00e7evre ko\u015fullar\u0131nda kullan\u0131labilir: -25\u00b0C +70\u00b0C:&hellip; Bymetroelektrik 04\/18\/2022 Uncategorized ABB \u2013 Kontakt\u00f6r Se\u00e7imi Nas\u0131l Yap\u0131l\u0131r? Sistemlerimizde kullanaca\u011f\u0131m\u0131z kontakt\u00f6rlerin [&hellip;]<\/p>\n","protected":false},"author":7,"featured_media":0,"parent":0,"menu_order":0,"comment_status":"closed","ping_status":"closed","template":"blank-template.php","meta":{"_monsterinsights_skip_tracking":false,"_monsterinsights_sitenote_active":false,"_monsterinsights_sitenote_note":"","_monsterinsights_sitenote_category":0,"footnotes":""},"class_list":["post-4142","page","type-page","status-publish","hentry"],"yoast_head":"<!-- This site is optimized with the Yoast SEO plugin v27.5 - https:\/\/yoast.com\/product\/yoast-seo-wordpress\/ -->\n<title>Blog Elements - Metro Elektrik<\/title>\n<meta name=\"robots\" content=\"index, follow, max-snippet:-1, max-image-preview:large, max-video-preview:-1\" \/>\n<link rel=\"canonical\" href=\"https:\/\/www.metroelektrik.com.tr\/en\/blog-elements\/\" \/>\n<meta property=\"og:locale\" content=\"en_GB\" \/>\n<meta property=\"og:type\" content=\"article\" \/>\n<meta property=\"og:title\" content=\"Blog Elements - Metro Elektrik\" \/>\n<meta property=\"og:description\" content=\"Metro Elektrik Blog 04\/18\/2022 Uncategorized ABB &#8211; DC Otomatik Sigortalar\u0131 Nas\u0131l \u00c7al\u0131\u015f\u0131r? G\u00fcn\u00fcm\u00fcz\u00fcn otomatik sigortalar\u0131n\u0131n ak\u0131m\u0131 anahtarlamas\u0131 ile ilgili ilgin\u00e7 ger\u00e7ekler. Yakla\u015f\u0131k 1890\u2019larda,&hellip; Bymetroelektrik 04\/18\/2022 Uncategorized ABB &#8211; SACE FORMULA S\u0131cakl\u0131k Performans\u0131 T\u00fcm SACE FORMULA devre kesicileri a\u015fa\u011f\u0131daki \u00e7evre ko\u015fullar\u0131nda kullan\u0131labilir: -25\u00b0C +70\u00b0C:&hellip; Bymetroelektrik 04\/18\/2022 Uncategorized ABB \u2013 Kontakt\u00f6r Se\u00e7imi Nas\u0131l Yap\u0131l\u0131r? Sistemlerimizde kullanaca\u011f\u0131m\u0131z kontakt\u00f6rlerin [&hellip;]\" \/>\n<meta property=\"og:url\" content=\"https:\/\/www.metroelektrik.com.tr\/en\/blog-elements\/\" \/>\n<meta property=\"og:site_name\" content=\"Metro Elektrik\" \/>\n<meta property=\"article:publisher\" content=\"https:\/\/www.facebook.com\/metroelektrikgroup\" \/>\n<meta property=\"article:modified_time\" content=\"2026-04-21T18:57:40+00:00\" \/>\n<meta property=\"og:image\" content=\"https:\/\/www.metroelektrik.com.tr\/wp-content\/uploads\/2022\/04\/DC-Sigorta.jpg\" \/>\n<meta name=\"twitter:card\" content=\"summary_large_image\" \/>\n<meta name=\"twitter:label1\" content=\"Estimated reading time\" \/>\n\t<meta name=\"twitter:data1\" content=\"2 minutes\" \/>\n<script type=\"application\/ld+json\" class=\"yoast-schema-graph\">{\"@context\":\"https:\\\/\\\/schema.org\",\"@graph\":[{\"@type\":\"WebPage\",\"@id\":\"https:\\\/\\\/www.metroelektrik.com.tr\\\/blog-elements\\\/\",\"url\":\"https:\\\/\\\/www.metroelektrik.com.tr\\\/blog-elements\\\/\",\"name\":\"Blog Elements - Metro Elektrik\",\"isPartOf\":{\"@id\":\"https:\\\/\\\/www.metroelektrik.com.tr\\\/#website\"},\"primaryImageOfPage\":{\"@id\":\"https:\\\/\\\/www.metroelektrik.com.tr\\\/blog-elements\\\/#primaryimage\"},\"image\":{\"@id\":\"https:\\\/\\\/www.metroelektrik.com.tr\\\/blog-elements\\\/#primaryimage\"},\"thumbnailUrl\":\"https:\\\/\\\/www.metroelektrik.com.tr\\\/wp-content\\\/uploads\\\/2022\\\/04\\\/DC-Sigorta.jpg\",\"datePublished\":\"2021-10-04T15:36:06+00:00\",\"dateModified\":\"2026-04-21T18:57:40+00:00\",\"inLanguage\":\"en-GB\",\"potentialAction\":[{\"@type\":\"ReadAction\",\"target\":[\"https:\\\/\\\/www.metroelektrik.com.tr\\\/blog-elements\\\/\"]}]},{\"@type\":\"ImageObject\",\"inLanguage\":\"en-GB\",\"@id\":\"https:\\\/\\\/www.metroelektrik.com.tr\\\/blog-elements\\\/#primaryimage\",\"url\":\"https:\\\/\\\/www.metroelektrik.com.tr\\\/wp-content\\\/uploads\\\/2022\\\/04\\\/DC-Sigorta.jpg\",\"contentUrl\":\"https:\\\/\\\/www.metroelektrik.com.tr\\\/wp-content\\\/uploads\\\/2022\\\/04\\\/DC-Sigorta.jpg\"},{\"@type\":\"WebSite\",\"@id\":\"https:\\\/\\\/www.metroelektrik.com.tr\\\/#website\",\"url\":\"https:\\\/\\\/www.metroelektrik.com.tr\\\/\",\"name\":\"Metro Elektrik\",\"description\":\"G\u00fcc\u00fcm\u00fcz Tecr\u00fcbemizdir\",\"publisher\":{\"@id\":\"https:\\\/\\\/www.metroelektrik.com.tr\\\/#organization\"},\"potentialAction\":[{\"@type\":\"SearchAction\",\"target\":{\"@type\":\"EntryPoint\",\"urlTemplate\":\"https:\\\/\\\/www.metroelektrik.com.tr\\\/?s={search_term_string}\"},\"query-input\":{\"@type\":\"PropertyValueSpecification\",\"valueRequired\":true,\"valueName\":\"search_term_string\"}}],\"inLanguage\":\"en-GB\"},{\"@type\":\"Organization\",\"@id\":\"https:\\\/\\\/www.metroelektrik.com.tr\\\/#organization\",\"name\":\"Metro Elektrik\",\"url\":\"https:\\\/\\\/www.metroelektrik.com.tr\\\/\",\"logo\":{\"@type\":\"ImageObject\",\"inLanguage\":\"en-GB\",\"@id\":\"https:\\\/\\\/www.metroelektrik.com.tr\\\/#\\\/schema\\\/logo\\\/image\\\/\",\"url\":\"https:\\\/\\\/www.metroelektrik.com.tr\\\/wp-content\\\/uploads\\\/2024\\\/01\\\/Logo-metro-blck-75.png\",\"contentUrl\":\"https:\\\/\\\/www.metroelektrik.com.tr\\\/wp-content\\\/uploads\\\/2024\\\/01\\\/Logo-metro-blck-75.png\",\"width\":197,\"height\":75,\"caption\":\"Metro Elektrik\"},\"image\":{\"@id\":\"https:\\\/\\\/www.metroelektrik.com.tr\\\/#\\\/schema\\\/logo\\\/image\\\/\"},\"sameAs\":[\"https:\\\/\\\/www.facebook.com\\\/metroelektrikgroup\",\"https:\\\/\\\/www.linkedin.com\\\/company\\\/metroelektrikgroup\\\/\",\"https:\\\/\\\/www.instagram.com\\\/metroelektrikgroup\"]}]}<\/script>\n<!-- \/ Yoast SEO plugin. -->","yoast_head_json":{"title":"Blog Elements - Metro Elektrik","robots":{"index":"index","follow":"follow","max-snippet":"max-snippet:-1","max-image-preview":"max-image-preview:large","max-video-preview":"max-video-preview:-1"},"canonical":"https:\/\/www.metroelektrik.com.tr\/en\/blog-elements\/","og_locale":"en_GB","og_type":"article","og_title":"Blog Elements - Metro Elektrik","og_description":"Metro Elektrik Blog 04\/18\/2022 Uncategorized ABB &#8211; DC Otomatik Sigortalar\u0131 Nas\u0131l \u00c7al\u0131\u015f\u0131r? G\u00fcn\u00fcm\u00fcz\u00fcn otomatik sigortalar\u0131n\u0131n ak\u0131m\u0131 anahtarlamas\u0131 ile ilgili ilgin\u00e7 ger\u00e7ekler. Yakla\u015f\u0131k 1890\u2019larda,&hellip; Bymetroelektrik 04\/18\/2022 Uncategorized ABB &#8211; SACE FORMULA S\u0131cakl\u0131k Performans\u0131 T\u00fcm SACE FORMULA devre kesicileri a\u015fa\u011f\u0131daki \u00e7evre ko\u015fullar\u0131nda kullan\u0131labilir: -25\u00b0C +70\u00b0C:&hellip; Bymetroelektrik 04\/18\/2022 Uncategorized ABB \u2013 Kontakt\u00f6r Se\u00e7imi Nas\u0131l Yap\u0131l\u0131r? Sistemlerimizde kullanaca\u011f\u0131m\u0131z kontakt\u00f6rlerin [&hellip;]","og_url":"https:\/\/www.metroelektrik.com.tr\/en\/blog-elements\/","og_site_name":"Metro Elektrik","article_publisher":"https:\/\/www.facebook.com\/metroelektrikgroup","article_modified_time":"2026-04-21T18:57:40+00:00","og_image":[{"url":"https:\/\/www.metroelektrik.com.tr\/wp-content\/uploads\/2022\/04\/DC-Sigorta.jpg","type":"","width":"","height":""}],"twitter_card":"summary_large_image","twitter_misc":{"Estimated reading time":"2 minutes"},"schema":{"@context":"https:\/\/schema.org","@graph":[{"@type":"WebPage","@id":"https:\/\/www.metroelektrik.com.tr\/blog-elements\/","url":"https:\/\/www.metroelektrik.com.tr\/blog-elements\/","name":"Blog Elements - Metro Elektrik","isPartOf":{"@id":"https:\/\/www.metroelektrik.com.tr\/#website"},"primaryImageOfPage":{"@id":"https:\/\/www.metroelektrik.com.tr\/blog-elements\/#primaryimage"},"image":{"@id":"https:\/\/www.metroelektrik.com.tr\/blog-elements\/#primaryimage"},"thumbnailUrl":"https:\/\/www.metroelektrik.com.tr\/wp-content\/uploads\/2022\/04\/DC-Sigorta.jpg","datePublished":"2021-10-04T15:36:06+00:00","dateModified":"2026-04-21T18:57:40+00:00","inLanguage":"en-GB","potentialAction":[{"@type":"ReadAction","target":["https:\/\/www.metroelektrik.com.tr\/blog-elements\/"]}]},{"@type":"ImageObject","inLanguage":"en-GB","@id":"https:\/\/www.metroelektrik.com.tr\/blog-elements\/#primaryimage","url":"https:\/\/www.metroelektrik.com.tr\/wp-content\/uploads\/2022\/04\/DC-Sigorta.jpg","contentUrl":"https:\/\/www.metroelektrik.com.tr\/wp-content\/uploads\/2022\/04\/DC-Sigorta.jpg"},{"@type":"WebSite","@id":"https:\/\/www.metroelektrik.com.tr\/#website","url":"https:\/\/www.metroelektrik.com.tr\/","name":"Metro Elektrik","description":"G\u00fcc\u00fcm\u00fcz Tecr\u00fcbemizdir","publisher":{"@id":"https:\/\/www.metroelektrik.com.tr\/#organization"},"potentialAction":[{"@type":"SearchAction","target":{"@type":"EntryPoint","urlTemplate":"https:\/\/www.metroelektrik.com.tr\/?s={search_term_string}"},"query-input":{"@type":"PropertyValueSpecification","valueRequired":true,"valueName":"search_term_string"}}],"inLanguage":"en-GB"},{"@type":"Organization","@id":"https:\/\/www.metroelektrik.com.tr\/#organization","name":"Metro Elektrik","url":"https:\/\/www.metroelektrik.com.tr\/","logo":{"@type":"ImageObject","inLanguage":"en-GB","@id":"https:\/\/www.metroelektrik.com.tr\/#\/schema\/logo\/image\/","url":"https:\/\/www.metroelektrik.com.tr\/wp-content\/uploads\/2024\/01\/Logo-metro-blck-75.png","contentUrl":"https:\/\/www.metroelektrik.com.tr\/wp-content\/uploads\/2024\/01\/Logo-metro-blck-75.png","width":197,"height":75,"caption":"Metro Elektrik"},"image":{"@id":"https:\/\/www.metroelektrik.com.tr\/#\/schema\/logo\/image\/"},"sameAs":["https:\/\/www.facebook.com\/metroelektrikgroup","https:\/\/www.linkedin.com\/company\/metroelektrikgroup\/","https:\/\/www.instagram.com\/metroelektrikgroup"]}]}},"_links":{"self":[{"href":"https:\/\/www.metroelektrik.com.tr\/en\/wp-json\/wp\/v2\/pages\/4142","targetHints":{"allow":["GET"]}}],"collection":[{"href":"https:\/\/www.metroelektrik.com.tr\/en\/wp-json\/wp\/v2\/pages"}],"about":[{"href":"https:\/\/www.metroelektrik.com.tr\/en\/wp-json\/wp\/v2\/types\/page"}],"author":[{"embeddable":true,"href":"https:\/\/www.metroelektrik.com.tr\/en\/wp-json\/wp\/v2\/users\/7"}],"replies":[{"embeddable":true,"href":"https:\/\/www.metroelektrik.com.tr\/en\/wp-json\/wp\/v2\/comments?post=4142"}],"version-history":[{"count":4,"href":"https:\/\/www.metroelektrik.com.tr\/en\/wp-json\/wp\/v2\/pages\/4142\/revisions"}],"predecessor-version":[{"id":11725,"href":"https:\/\/www.metroelektrik.com.tr\/en\/wp-json\/wp\/v2\/pages\/4142\/revisions\/11725"}],"wp:attachment":[{"href":"https:\/\/www.metroelektrik.com.tr\/en\/wp-json\/wp\/v2\/media?parent=4142"}],"curies":[{"name":"wp","href":"https:\/\/api.w.org\/{rel}","templated":true}]}}