{"id":385,"date":"2018-05-02T08:53:13","date_gmt":"2018-05-02T08:53:13","guid":{"rendered":"http:\/\/www.metroelektrik.com.tr\/?page_id=385"},"modified":"2026-03-26T11:12:07","modified_gmt":"2026-03-26T11:12:07","slug":"kalite-cevre-politikamiz","status":"publish","type":"page","link":"https:\/\/www.metroelektrik.com.tr\/en\/hakkimizda\/kalite-cevre-politikamiz\/","title":{"rendered":"Kalite ve \u00c7evre Politikam\u0131z"},"content":{"rendered":"<div data-elementor-type=\"wp-post\" data-elementor-id=\"385\" class=\"elementor elementor-385\">\n\t\t\t\t<div class=\"elementor-element elementor-element-48d6a78 e-flex e-con-boxed e-con e-parent\" data-id=\"48d6a78\" data-element_type=\"container\" data-e-type=\"container\">\n\t\t\t\t\t<div class=\"e-con-inner\">\n\t\t\t\t<div class=\"elementor-element elementor-element-8e18a46 elementor-widget elementor-widget-html\" data-id=\"8e18a46\" data-element_type=\"widget\" data-e-type=\"widget\" data-widget_type=\"html.default\">\n\t\t\t\t<div class=\"elementor-widget-container\">\n\t\t\t\t\t<!DOCTYPE html>\r\n<html lang=\"tr\">\r\n<head>\r\n<meta charset=\"UTF-8\">\r\n<meta name=\"viewport\" content=\"width=device-width, initial-scale=1.0\">\r\n<title>Metro Elektrik | Kalite Politikam\u0131z<\/title>\r\n<!-- Montserrat Font -->\r\n<link href=\"https:\/\/fonts.googleapis.com\/css2?family=Montserrat:wght@400;500;600;700&display=swap\" rel=\"stylesheet\">\r\n<style>\r\nbody {\r\n    margin: 0;\r\n    font-family: 'Montserrat', sans-serif;\r\n    background: #f7f8fa;\r\n    color: #333;\r\n    line-height: 1.6;\r\n}\r\n\r\n\/* Ba\u015fl\u0131k *\/\r\n.policy-header {\r\n    text-align: center;\r\n    padding: 60px 20px 40px;\r\n    background: #ffffff;\r\n}\r\n\r\n.policy-header h1 {\r\n    font-size: 38px;\r\n    font-weight: 700;\r\n    margin-bottom: 15px;\r\n}\r\n\r\n.policy-header p {\r\n    max-width: 900px;\r\n    margin: 0 auto;\r\n    font-size: 16px;\r\n    color: #555;\r\n}\r\n\r\n\/* Kart Grid *\/\r\n.policy-container {\r\n    display: grid;\r\n    grid-template-columns: repeat(auto-fit, minmax(280px, 1fr));\r\n    gap: 30px;\r\n    max-width: 1200px;\r\n    margin: 40px auto;\r\n    padding: 0 20px;\r\n}\r\n\r\n\/* Kart *\/\r\n.policy-card {\r\n    background: #fff;\r\n    border-radius: 16px;\r\n    padding: 25px 20px;\r\n    box-shadow: 0 8px 25px rgba(0,0,0,0.08);\r\n    transition: all 0.3s ease;\r\n    display: flex;\r\n    flex-direction: column;\r\n    min-height: 260px;\r\n}\r\n\r\n.policy-card:hover {\r\n    transform: translateY(-8px);\r\n    box-shadow: 0 16px 40px rgba(0,0,0,0.15);\r\n}\r\n\r\n\/* Kart ba\u015fl\u0131klar\u0131 ve ikon *\/\r\n.policy-card h3 {\r\n    font-size: 20px;\r\n    font-weight: 600;\r\n    margin-bottom: 12px;\r\n    color: #222;\r\n    display: flex;\r\n    align-items: center;\r\n}\r\n\r\n.policy-card h3 img {\r\n    width: 32px;\r\n    height: 32px;\r\n    margin-right: 10px;\r\n}\r\n\r\n\/* Liste *\/\r\n.policy-card ul {\r\n    padding-left: 18px;\r\n    margin: 0;\r\n}\r\n\r\n.policy-card li {\r\n    margin-bottom: 10px;\r\n    font-size: 15px;\r\n    color: #555;\r\n}\r\n\r\n\/* Footer *\/\r\n.policy-footer {\r\n    max-width: 1000px;\r\n    margin: 50px auto 60px;\r\n    padding: 20px;\r\n    text-align: center;\r\n    font-size: 15px;\r\n    color: #555;\r\n}\r\n\r\n\/* Responsive *\/\r\n@media (max-width: 992px) {\r\n    .policy-header h1 {\r\n        font-size: 32px;\r\n    }\r\n    .policy-card {\r\n        min-height: auto;\r\n    }\r\n}\r\n\r\n@media (max-width: 600px) {\r\n    .policy-header h1 {\r\n        font-size: 28px;\r\n    }\r\n    .policy-header p {\r\n        font-size: 15px;\r\n    }\r\n    .policy-card h3 {\r\n        font-size: 18px;\r\n    }\r\n    .policy-card li {\r\n        font-size: 14px;\r\n    }\r\n    .policy-footer {\r\n        font-size: 14px;\r\n    }\r\n}\r\n<\/style>\r\n<\/head>\r\n<body>\r\n\r\n<div class=\"policy-header\">\r\n    <h1>Kalite Politikam\u0131z<\/h1>\r\n    <p>\r\n        Metro Elektrik olarak, elektrik malzemeleri sat\u0131\u015f\u0131 ve uygulama hizmetlerimizi; \r\n        belirlenen hedefler do\u011frultusunda, en do\u011fru ulusal ve uluslararas\u0131 mevzuatlara uygun \u015fekilde y\u00fcr\u00fctmeyi taahh\u00fct ediyoruz.\r\n    <\/p>\r\n<\/div>\r\n\r\n<div class=\"policy-container\">\r\n\r\n    <div class=\"policy-card\">\r\n        <h3><img decoding=\"async\" src=\"https:\/\/cdn-icons-png.flaticon.com\/512\/190\/190411.png\" alt=\"Kalite\"> Kalite Y\u00f6netimi<\/h3>\r\n        <ul>\r\n            <li>ISO 9001 Kalite Y\u00f6netimi standartlar\u0131na uygundur.<\/li>\r\n            <li>ISO 14001 \u00c7evre Y\u00f6netim Sistemi ile uyumludur.<\/li>\r\n            <li>ISO 45001 \u0130\u015f Sa\u011fl\u0131\u011f\u0131 ve G\u00fcvenli\u011fi standartlar\u0131 uygulan\u0131r.<\/li>\r\n        <\/ul>\r\n    <\/div>\r\n\r\n    <div class=\"policy-card\">\r\n        <h3><img decoding=\"async\" src=\"https:\/\/cdn-icons-png.flaticon.com\/512\/2910\/2910766.png\" alt=\"M\u00fc\u015fteri\"> M\u00fc\u015fteri Odakl\u0131l\u0131k<\/h3>\r\n        <ul>\r\n            <li>M\u00fc\u015fteri ihtiya\u00e7 ve beklentileri do\u011frultusunda hizmet sunulur.<\/li>\r\n            <li>Kaliteli ve s\u00fcrd\u00fcr\u00fclebilir \u00e7\u00f6z\u00fcmler sa\u011flan\u0131r.<\/li>\r\n            <li>Taahh\u00fct edilen s\u00fcrelerde tamamlan\u0131r.<\/li>\r\n        <\/ul>\r\n    <\/div>\r\n\r\n    <div class=\"policy-card\">\r\n        <h3><img decoding=\"async\" src=\"https:\/\/cdn-icons-png.flaticon.com\/512\/414\/414927.png\" alt=\"\u00c7evre\"> \u00c7evre ve S\u00fcrd\u00fcr\u00fclebilirlik<\/h3>\r\n        <ul>\r\n            <li>Geri d\u00f6n\u00fc\u015f\u00fcm ve at\u0131k y\u00f6netimi s\u00fcre\u00e7leri desteklenir.<\/li>\r\n            <li>Do\u011fal kaynaklar verimli \u015fekilde kullan\u0131l\u0131r.<\/li>\r\n            <li>\u00c7evre ve \u0130\u015f Sa\u011fl\u0131\u011f\u0131 mevzuat\u0131na tam uyum sa\u011flan\u0131r.<\/li>\r\n            <li>Do\u011fal ya\u015fam\u0131n korunmas\u0131 esas al\u0131n\u0131r.<\/li>\r\n        <\/ul>\r\n    <\/div>\r\n\r\n    <div class=\"policy-card\">\r\n        <h3><img decoding=\"async\" src=\"https:\/\/cdn-icons-png.flaticon.com\/512\/3062\/3062634.png\" alt=\"\u0130SG\"> \u0130\u015f Sa\u011fl\u0131\u011f\u0131 ve G\u00fcvenli\u011fi<\/h3>\r\n        <ul>\r\n            <li>\u00c7al\u0131\u015fanlar\u0131n ve etkilenen taraflar\u0131n sa\u011fl\u0131\u011f\u0131 korunur.<\/li>\r\n            <li>G\u00fcvenli ve sa\u011fl\u0131kl\u0131 \u00e7al\u0131\u015fma ortam\u0131 sa\u011flan\u0131r.<\/li>\r\n            <li>\u00c7al\u0131\u015fan kat\u0131l\u0131m\u0131 ve bilin\u00e7lendirme te\u015fvik edilir.<\/li>\r\n            <li>Riskler tespit edilip s\u00fcrekli iyile\u015ftirme uygulan\u0131r.<\/li>\r\n        <\/ul>\r\n    <\/div>\r\n\r\n    <div class=\"policy-card\">\r\n        <h3><img decoding=\"async\" src=\"https:\/\/cdn-icons-png.flaticon.com\/512\/1256\/1256650.png\" alt=\"S\u00fcrekli \u0130yile\u015fme\"> S\u00fcrekli \u0130yile\u015fme ve Geli\u015fim<\/h3>\r\n        <ul>\r\n            <li>T\u00fcm s\u00fcre\u00e7lerde s\u00fcrekli iyile\u015fme ve geli\u015ftirme esas al\u0131n\u0131r.<\/li>\r\n            <li>Yenilik\u00e7i ve geli\u015fime a\u00e7\u0131k bir yakla\u015f\u0131m benimsenir.<\/li>\r\n        <\/ul>\r\n    <\/div>\r\n\r\n<\/div>\r\n\r\n<div class=\"policy-footer\">\r\n    Metro Elektrik Y\u00f6netimi, kalite, \u00e7evre ve i\u015f sa\u011fl\u0131\u011f\u0131 politikalar\u0131n\u0131n t\u00fcm \u00e7al\u0131\u015fanlar taraf\u0131ndan anla\u015f\u0131lmas\u0131n\u0131 ve uygulanmas\u0131n\u0131 taahh\u00fct eder. Politika, hedeflerimize ula\u015fmak i\u00e7in bir \u00e7er\u00e7eve olu\u015fturmakta ve d\u00fczenli olarak g\u00f6zden ge\u00e7irilmektedir.\r\n<\/div>\r\n\r\n<\/body>\r\n<\/html>\t\t\t\t<\/div>\n\t\t\t\t<\/div>\n\t\t\t\t\t<\/div>\n\t\t\t\t<\/div>\n\t\t\t\t<section class=\"elementor-section elementor-top-section elementor-element elementor-element-c2554f7 elementor-section-boxed elementor-section-height-default elementor-section-height-default\" data-id=\"c2554f7\" data-element_type=\"section\" data-e-type=\"section\" data-settings=\"{&quot;background_background&quot;:&quot;classic&quot;}\">\n\t\t\t\t\t\t<div class=\"elementor-container elementor-column-gap-default\">\n\t\t\t\t\t<div class=\"elementor-column elementor-col-100 elementor-top-column elementor-element elementor-element-22d9cab\" data-id=\"22d9cab\" data-element_type=\"column\" data-e-type=\"column\">\n\t\t\t<div class=\"elementor-widget-wrap elementor-element-populated\">\n\t\t\t\t\t\t<section class=\"elementor-section elementor-inner-section elementor-element elementor-element-895aef9 elementor-section-boxed elementor-section-height-default elementor-section-height-default\" data-id=\"895aef9\" data-element_type=\"section\" data-e-type=\"section\">\n\t\t\t\t\t\t<div class=\"elementor-container elementor-column-gap-default\">\n\t\t\t\t\t<div class=\"elementor-column elementor-col-50 elementor-inner-column elementor-element elementor-element-552968c\" data-id=\"552968c\" data-element_type=\"column\" data-e-type=\"column\">\n\t\t\t<div class=\"elementor-widget-wrap elementor-element-populated\">\n\t\t\t\t\t\t<div class=\"elementor-element elementor-element-2eaaad3 elementor-widget elementor-widget-restly_title\" data-id=\"2eaaad3\" data-element_type=\"widget\" data-e-type=\"widget\" data-widget_type=\"restly_title.default\">\n\t\t\t\t<div class=\"elementor-widget-container\">\n\t\t\t\t\t        <div class=\"restly-section-title-wrapper\">\r\n            <div class=\"restly-section-title\">\r\n                                \r\n                <h2 class=\"restly-section-title\">En g\u00fcncel haberler, ve kampanyalardan haberdar olmak i\u00e7in e-b\u00fcltenimize abone olun.<\/h2> \r\n            <\/div>\r\n        <\/div>\r\n        \t\t\t\t<\/div>\n\t\t\t\t<\/div>\n\t\t\t\t\t<\/div>\n\t\t<\/div>\n\t\t\t\t<div class=\"elementor-column elementor-col-50 elementor-inner-column elementor-element elementor-element-e897d3d\" data-id=\"e897d3d\" data-element_type=\"column\" data-e-type=\"column\">\n\t\t\t<div class=\"elementor-widget-wrap elementor-element-populated\">\n\t\t\t\t\t\t<div class=\"elementor-element elementor-element-3ad67af elementor-widget elementor-widget-restly_subscribe\" data-id=\"3ad67af\" data-element_type=\"widget\" data-e-type=\"widget\" data-widget_type=\"restly_subscribe.default\">\n\t\t\t\t<div class=\"elementor-widget-container\">\n\t\t\t\t\t        <div class=\"restly-subscribe-wrapper\">\r\n            <div class=\"restly-subscribe-innter\">\r\n            <script>(function() {\n\twindow.mc4wp = window.mc4wp || {\n\t\tlisteners: [],\n\t\tforms: {\n\t\t\ton: function(evt, cb) {\n\t\t\t\twindow.mc4wp.listeners.push(\n\t\t\t\t\t{\n\t\t\t\t\t\tevent   : evt,\n\t\t\t\t\t\tcallback: cb\n\t\t\t\t\t}\n\t\t\t\t);\n\t\t\t}\n\t\t}\n\t}\n})();\n<\/script><!-- Mailchimp for WordPress v4.12.2 - https:\/\/wordpress.org\/plugins\/mailchimp-for-wp\/ --><form id=\"mc4wp-form-1\" class=\"mc4wp-form mc4wp-form-11246\" method=\"post\" data-id=\"11246\" data-name=\"test\" action=\"\" ><div class=\"mc4wp-form-fields\"><div class=\"mc4wp-form-fields\">\r\n  <input type=\"email\" name=\"EMAIL\" placeholder=\"Mail adresinizi yaz\u0131n\" required=\"\">\r\n  <button value=\"submit\">Abone Ol<\/button>\r\n<\/div><\/div><label style=\"display: none !important;\">Leave this field empty if you're human: <input type=\"text\" name=\"_mc4wp_honeypot\" value=\"\" tabindex=\"-1\" autocomplete=\"off\" \/><\/label><input type=\"hidden\" name=\"_mc4wp_timestamp\" value=\"1776869334\" \/><input type=\"hidden\" name=\"_mc4wp_form_id\" value=\"11246\" \/><input type=\"hidden\" name=\"_mc4wp_form_element_id\" value=\"mc4wp-form-1\" \/><div class=\"mc4wp-response\"><\/div><input type=\"hidden\" name=\"trp-form-language\" value=\"en\"\/><\/form><!-- \/ Mailchimp for WordPress Plugin -->            <\/div>\r\n        <\/div>\r\n        \t\t\t\t<\/div>\n\t\t\t\t<\/div>\n\t\t\t\t\t<\/div>\n\t\t<\/div>\n\t\t\t\t\t<\/div>\n\t\t<\/section>\n\t\t\t\t\t<\/div>\n\t\t<\/div>\n\t\t\t\t\t<\/div>\n\t\t<\/section>\n\t\t\t\t<\/div>","protected":false},"excerpt":{"rendered":"<p>Metro Elektrik | Kalite Politikam\u0131z Kalite Politikam\u0131z Metro Elektrik olarak, elektrik malzemeleri sat\u0131\u015f\u0131 ve uygulama hizmetlerimizi; belirlenen hedefler do\u011frultusunda, en do\u011fru ulusal ve uluslararas\u0131 mevzuatlara uygun \u015fekilde y\u00fcr\u00fctmeyi taahh\u00fct ediyoruz. Kalite Y\u00f6netimi ISO 9001 Kalite Y\u00f6netimi standartlar\u0131na uygundur. ISO 14001 \u00c7evre Y\u00f6netim Sistemi ile uyumludur. ISO 45001 \u0130\u015f Sa\u011fl\u0131\u011f\u0131 ve G\u00fcvenli\u011fi standartlar\u0131 uygulan\u0131r. M\u00fc\u015fteri Odakl\u0131l\u0131k [&hellip;]<\/p>\n","protected":false},"author":1,"featured_media":0,"parent":92,"menu_order":0,"comment_status":"closed","ping_status":"closed","template":"","meta":{"_monsterinsights_skip_tracking":false,"_monsterinsights_sitenote_active":false,"_monsterinsights_sitenote_note":"","_monsterinsights_sitenote_category":0,"footnotes":""},"class_list":["post-385","page","type-page","status-publish","hentry"],"yoast_head":"<!-- This site is optimized with the Yoast SEO plugin v27.4 - https:\/\/yoast.com\/product\/yoast-seo-wordpress\/ -->\n<title>Metro Elektrik<\/title>\n<meta name=\"description\" content=\"Metro Elektrik, kalite ve \u00e7evre politikalar\u0131yla g\u00fcvenilir elektrik projeleri ve s\u00fcrd\u00fcr\u00fclebilir hizmetler sunar.\" \/>\n<meta name=\"robots\" content=\"index, follow, max-snippet:-1, max-image-preview:large, max-video-preview:-1\" \/>\n<link rel=\"canonical\" href=\"https:\/\/www.metroelektrik.com.tr\/en\/hakkimizda\/kalite-cevre-politikamiz\/\" \/>\n<meta property=\"og:locale\" content=\"en_GB\" \/>\n<meta property=\"og:type\" content=\"article\" \/>\n<meta property=\"og:title\" content=\"Metro Elektrik\" \/>\n<meta property=\"og:description\" content=\"Metro Elektrik, kalite ve \u00e7evre politikalar\u0131yla g\u00fcvenilir elektrik projeleri ve s\u00fcrd\u00fcr\u00fclebilir hizmetler sunar.\" \/>\n<meta property=\"og:url\" content=\"https:\/\/www.metroelektrik.com.tr\/en\/hakkimizda\/kalite-cevre-politikamiz\/\" \/>\n<meta property=\"og:site_name\" content=\"Metro Elektrik\" \/>\n<meta property=\"article:publisher\" content=\"https:\/\/www.facebook.com\/metroelektrikgroup\" \/>\n<meta property=\"article:modified_time\" content=\"2026-03-26T11:12:07+00:00\" \/>\n<meta property=\"og:image\" content=\"https:\/\/cdn-icons-png.flaticon.com\/512\/190\/190411.png\" \/>\n<meta name=\"twitter:card\" content=\"summary_large_image\" \/>\n<meta name=\"twitter:label1\" content=\"Estimated reading time\" \/>\n\t<meta name=\"twitter:data1\" content=\"3 minutes\" \/>\n<script type=\"application\/ld+json\" class=\"yoast-schema-graph\">{\"@context\":\"https:\\\/\\\/schema.org\",\"@graph\":[{\"@type\":\"WebPage\",\"@id\":\"https:\\\/\\\/www.metroelektrik.com.tr\\\/hakkimizda\\\/kalite-cevre-politikamiz\\\/\",\"url\":\"https:\\\/\\\/www.metroelektrik.com.tr\\\/hakkimizda\\\/kalite-cevre-politikamiz\\\/\",\"name\":\"Metro Elektrik\",\"isPartOf\":{\"@id\":\"https:\\\/\\\/www.metroelektrik.com.tr\\\/#website\"},\"primaryImageOfPage\":{\"@id\":\"https:\\\/\\\/www.metroelektrik.com.tr\\\/hakkimizda\\\/kalite-cevre-politikamiz\\\/#primaryimage\"},\"image\":{\"@id\":\"https:\\\/\\\/www.metroelektrik.com.tr\\\/hakkimizda\\\/kalite-cevre-politikamiz\\\/#primaryimage\"},\"thumbnailUrl\":\"https:\\\/\\\/cdn-icons-png.flaticon.com\\\/512\\\/190\\\/190411.png\",\"datePublished\":\"2018-05-02T08:53:13+00:00\",\"dateModified\":\"2026-03-26T11:12:07+00:00\",\"description\":\"Metro Elektrik, kalite ve \u00e7evre politikalar\u0131yla g\u00fcvenilir elektrik projeleri ve s\u00fcrd\u00fcr\u00fclebilir hizmetler sunar.\",\"breadcrumb\":{\"@id\":\"https:\\\/\\\/www.metroelektrik.com.tr\\\/hakkimizda\\\/kalite-cevre-politikamiz\\\/#breadcrumb\"},\"inLanguage\":\"en-GB\",\"potentialAction\":[{\"@type\":\"ReadAction\",\"target\":[\"https:\\\/\\\/www.metroelektrik.com.tr\\\/hakkimizda\\\/kalite-cevre-politikamiz\\\/\"]}]},{\"@type\":\"ImageObject\",\"inLanguage\":\"en-GB\",\"@id\":\"https:\\\/\\\/www.metroelektrik.com.tr\\\/hakkimizda\\\/kalite-cevre-politikamiz\\\/#primaryimage\",\"url\":\"https:\\\/\\\/cdn-icons-png.flaticon.com\\\/512\\\/190\\\/190411.png\",\"contentUrl\":\"https:\\\/\\\/cdn-icons-png.flaticon.com\\\/512\\\/190\\\/190411.png\"},{\"@type\":\"BreadcrumbList\",\"@id\":\"https:\\\/\\\/www.metroelektrik.com.tr\\\/hakkimizda\\\/kalite-cevre-politikamiz\\\/#breadcrumb\",\"itemListElement\":[{\"@type\":\"ListItem\",\"position\":1,\"name\":\"Hakk\u0131m\u0131zda\",\"item\":\"https:\\\/\\\/www.metroelektrik.com.tr\\\/hakkimizda\\\/\"},{\"@type\":\"ListItem\",\"position\":2,\"name\":\"Kalite ve \u00c7evre Politikam\u0131z\"}]},{\"@type\":\"WebSite\",\"@id\":\"https:\\\/\\\/www.metroelektrik.com.tr\\\/#website\",\"url\":\"https:\\\/\\\/www.metroelektrik.com.tr\\\/\",\"name\":\"Metro Elektrik\",\"description\":\"G\u00fcc\u00fcm\u00fcz Tecr\u00fcbemizdir\",\"publisher\":{\"@id\":\"https:\\\/\\\/www.metroelektrik.com.tr\\\/#organization\"},\"potentialAction\":[{\"@type\":\"SearchAction\",\"target\":{\"@type\":\"EntryPoint\",\"urlTemplate\":\"https:\\\/\\\/www.metroelektrik.com.tr\\\/?s={search_term_string}\"},\"query-input\":{\"@type\":\"PropertyValueSpecification\",\"valueRequired\":true,\"valueName\":\"search_term_string\"}}],\"inLanguage\":\"en-GB\"},{\"@type\":\"Organization\",\"@id\":\"https:\\\/\\\/www.metroelektrik.com.tr\\\/#organization\",\"name\":\"Metro Elektrik\",\"url\":\"https:\\\/\\\/www.metroelektrik.com.tr\\\/\",\"logo\":{\"@type\":\"ImageObject\",\"inLanguage\":\"en-GB\",\"@id\":\"https:\\\/\\\/www.metroelektrik.com.tr\\\/#\\\/schema\\\/logo\\\/image\\\/\",\"url\":\"https:\\\/\\\/www.metroelektrik.com.tr\\\/wp-content\\\/uploads\\\/2024\\\/01\\\/Logo-metro-blck-75.png\",\"contentUrl\":\"https:\\\/\\\/www.metroelektrik.com.tr\\\/wp-content\\\/uploads\\\/2024\\\/01\\\/Logo-metro-blck-75.png\",\"width\":197,\"height\":75,\"caption\":\"Metro Elektrik\"},\"image\":{\"@id\":\"https:\\\/\\\/www.metroelektrik.com.tr\\\/#\\\/schema\\\/logo\\\/image\\\/\"},\"sameAs\":[\"https:\\\/\\\/www.facebook.com\\\/metroelektrikgroup\",\"https:\\\/\\\/www.linkedin.com\\\/company\\\/metroelektrikgroup\\\/\",\"https:\\\/\\\/www.instagram.com\\\/metroelektrikgroup\"]}]}<\/script>\n<!-- \/ Yoast SEO plugin. -->","yoast_head_json":{"title":"Metro Elektrik","description":"Metro Elektrik, kalite ve \u00e7evre politikalar\u0131yla g\u00fcvenilir elektrik projeleri ve s\u00fcrd\u00fcr\u00fclebilir hizmetler sunar.","robots":{"index":"index","follow":"follow","max-snippet":"max-snippet:-1","max-image-preview":"max-image-preview:large","max-video-preview":"max-video-preview:-1"},"canonical":"https:\/\/www.metroelektrik.com.tr\/en\/hakkimizda\/kalite-cevre-politikamiz\/","og_locale":"en_GB","og_type":"article","og_title":"Metro Elektrik","og_description":"Metro Elektrik, kalite ve \u00e7evre politikalar\u0131yla g\u00fcvenilir elektrik projeleri ve s\u00fcrd\u00fcr\u00fclebilir hizmetler sunar.","og_url":"https:\/\/www.metroelektrik.com.tr\/en\/hakkimizda\/kalite-cevre-politikamiz\/","og_site_name":"Metro Elektrik","article_publisher":"https:\/\/www.facebook.com\/metroelektrikgroup","article_modified_time":"2026-03-26T11:12:07+00:00","og_image":[{"url":"https:\/\/cdn-icons-png.flaticon.com\/512\/190\/190411.png","type":"","width":"","height":""}],"twitter_card":"summary_large_image","twitter_misc":{"Estimated reading time":"3 minutes"},"schema":{"@context":"https:\/\/schema.org","@graph":[{"@type":"WebPage","@id":"https:\/\/www.metroelektrik.com.tr\/hakkimizda\/kalite-cevre-politikamiz\/","url":"https:\/\/www.metroelektrik.com.tr\/hakkimizda\/kalite-cevre-politikamiz\/","name":"Metro Elektrik","isPartOf":{"@id":"https:\/\/www.metroelektrik.com.tr\/#website"},"primaryImageOfPage":{"@id":"https:\/\/www.metroelektrik.com.tr\/hakkimizda\/kalite-cevre-politikamiz\/#primaryimage"},"image":{"@id":"https:\/\/www.metroelektrik.com.tr\/hakkimizda\/kalite-cevre-politikamiz\/#primaryimage"},"thumbnailUrl":"https:\/\/cdn-icons-png.flaticon.com\/512\/190\/190411.png","datePublished":"2018-05-02T08:53:13+00:00","dateModified":"2026-03-26T11:12:07+00:00","description":"Metro Elektrik, kalite ve \u00e7evre politikalar\u0131yla g\u00fcvenilir elektrik projeleri ve s\u00fcrd\u00fcr\u00fclebilir hizmetler sunar.","breadcrumb":{"@id":"https:\/\/www.metroelektrik.com.tr\/hakkimizda\/kalite-cevre-politikamiz\/#breadcrumb"},"inLanguage":"en-GB","potentialAction":[{"@type":"ReadAction","target":["https:\/\/www.metroelektrik.com.tr\/hakkimizda\/kalite-cevre-politikamiz\/"]}]},{"@type":"ImageObject","inLanguage":"en-GB","@id":"https:\/\/www.metroelektrik.com.tr\/hakkimizda\/kalite-cevre-politikamiz\/#primaryimage","url":"https:\/\/cdn-icons-png.flaticon.com\/512\/190\/190411.png","contentUrl":"https:\/\/cdn-icons-png.flaticon.com\/512\/190\/190411.png"},{"@type":"BreadcrumbList","@id":"https:\/\/www.metroelektrik.com.tr\/hakkimizda\/kalite-cevre-politikamiz\/#breadcrumb","itemListElement":[{"@type":"ListItem","position":1,"name":"Hakk\u0131m\u0131zda","item":"https:\/\/www.metroelektrik.com.tr\/hakkimizda\/"},{"@type":"ListItem","position":2,"name":"Kalite ve \u00c7evre Politikam\u0131z"}]},{"@type":"WebSite","@id":"https:\/\/www.metroelektrik.com.tr\/#website","url":"https:\/\/www.metroelektrik.com.tr\/","name":"Metro Elektrik","description":"G\u00fcc\u00fcm\u00fcz Tecr\u00fcbemizdir","publisher":{"@id":"https:\/\/www.metroelektrik.com.tr\/#organization"},"potentialAction":[{"@type":"SearchAction","target":{"@type":"EntryPoint","urlTemplate":"https:\/\/www.metroelektrik.com.tr\/?s={search_term_string}"},"query-input":{"@type":"PropertyValueSpecification","valueRequired":true,"valueName":"search_term_string"}}],"inLanguage":"en-GB"},{"@type":"Organization","@id":"https:\/\/www.metroelektrik.com.tr\/#organization","name":"Metro Elektrik","url":"https:\/\/www.metroelektrik.com.tr\/","logo":{"@type":"ImageObject","inLanguage":"en-GB","@id":"https:\/\/www.metroelektrik.com.tr\/#\/schema\/logo\/image\/","url":"https:\/\/www.metroelektrik.com.tr\/wp-content\/uploads\/2024\/01\/Logo-metro-blck-75.png","contentUrl":"https:\/\/www.metroelektrik.com.tr\/wp-content\/uploads\/2024\/01\/Logo-metro-blck-75.png","width":197,"height":75,"caption":"Metro Elektrik"},"image":{"@id":"https:\/\/www.metroelektrik.com.tr\/#\/schema\/logo\/image\/"},"sameAs":["https:\/\/www.facebook.com\/metroelektrikgroup","https:\/\/www.linkedin.com\/company\/metroelektrikgroup\/","https:\/\/www.instagram.com\/metroelektrikgroup"]}]}},"_links":{"self":[{"href":"https:\/\/www.metroelektrik.com.tr\/en\/wp-json\/wp\/v2\/pages\/385","targetHints":{"allow":["GET"]}}],"collection":[{"href":"https:\/\/www.metroelektrik.com.tr\/en\/wp-json\/wp\/v2\/pages"}],"about":[{"href":"https:\/\/www.metroelektrik.com.tr\/en\/wp-json\/wp\/v2\/types\/page"}],"author":[{"embeddable":true,"href":"https:\/\/www.metroelektrik.com.tr\/en\/wp-json\/wp\/v2\/users\/1"}],"replies":[{"embeddable":true,"href":"https:\/\/www.metroelektrik.com.tr\/en\/wp-json\/wp\/v2\/comments?post=385"}],"version-history":[{"count":54,"href":"https:\/\/www.metroelektrik.com.tr\/en\/wp-json\/wp\/v2\/pages\/385\/revisions"}],"predecessor-version":[{"id":11612,"href":"https:\/\/www.metroelektrik.com.tr\/en\/wp-json\/wp\/v2\/pages\/385\/revisions\/11612"}],"up":[{"embeddable":true,"href":"https:\/\/www.metroelektrik.com.tr\/en\/wp-json\/wp\/v2\/pages\/92"}],"wp:attachment":[{"href":"https:\/\/www.metroelektrik.com.tr\/en\/wp-json\/wp\/v2\/media?parent=385"}],"curies":[{"name":"wp","href":"https:\/\/api.w.org\/{rel}","templated":true}]}}