{"id":2000,"date":"2021-03-16T13:01:11","date_gmt":"2021-03-16T13:01:11","guid":{"rendered":"https:\/\/www.metroelektrik.com.tr\/?page_id=2000"},"modified":"2026-03-19T12:05:57","modified_gmt":"2026-03-19T12:05:57","slug":"k-v-k-k","status":"publish","type":"page","link":"https:\/\/www.metroelektrik.com.tr\/en\/k-v-k-k\/","title":{"rendered":"K.V.K.K"},"content":{"rendered":"<div data-elementor-type=\"wp-page\" data-elementor-id=\"2000\" class=\"elementor elementor-2000\">\n\t\t\t\t<div class=\"elementor-element elementor-element-31a469f7 e-con-full e-flex e-con e-parent\" data-id=\"31a469f7\" data-element_type=\"container\" data-e-type=\"container\">\n\t\t\t\t<div class=\"elementor-element elementor-element-4d4667e elementor-widget elementor-widget-spacer\" data-id=\"4d4667e\" data-element_type=\"widget\" data-e-type=\"widget\" data-widget_type=\"spacer.default\">\n\t\t\t\t<div class=\"elementor-widget-container\">\n\t\t\t\t\t\t\t<div class=\"elementor-spacer\">\n\t\t\t<div class=\"elementor-spacer-inner\"><\/div>\n\t\t<\/div>\n\t\t\t\t\t\t<\/div>\n\t\t\t\t<\/div>\n\t\t\t\t<div class=\"elementor-element elementor-element-744e3cb7 elementor-widget elementor-widget-text-editor\" data-id=\"744e3cb7\" data-element_type=\"widget\" data-e-type=\"widget\" data-widget_type=\"text-editor.default\">\n\t\t\t\t<div class=\"elementor-widget-container\">\n\t\t\t\t\t\t\t\t\t<h2>KVKK Y\u00f6netimi<\/h2>\n<!-- \/wp:heading --><!-- wp:paragraph -->\n<p>Fimam\u0131z hakk\u0131nda daha detayl\u0131 bilgiler i\u00e7in a\u015fa\u011f\u0131 taraf\u0131 bulunan belgeleri inceleyebilirsiniz.<\/p>\n<!-- \/wp:paragraph --><!-- wp:paragraph --><!-- \/wp:paragraph --><!-- wp:pdfemb\/pdf-embedder-viewer {\"pdfID\":2009,\"url\":\"https:\/\/www.metroelektrik.com.tr\/wp-content\/uploads\/2021\/03\/Ziyaretci-Aydinlatma-Metni.pdf\"} --><!-- \/wp:pdfemb\/pdf-embedder-viewer --><!-- wp:paragraph --><!-- \/wp:pdfemb\/pdf-embedder-viewer -->\t\t\t\t\t\t\t\t<\/div>\n\t\t\t\t<\/div>\n\t\t\t\t<\/div>\n\t\t<div class=\"elementor-element elementor-element-39b2c61 e-con-full e-flex e-con e-parent\" data-id=\"39b2c61\" data-element_type=\"container\" data-e-type=\"container\">\n\t\t\t\t<div class=\"elementor-element elementor-element-b202249 elementor-tabs-view-horizontal elementor-widget elementor-widget-tabs\" data-id=\"b202249\" data-element_type=\"widget\" data-e-type=\"widget\" data-widget_type=\"tabs.default\">\n\t\t\t\t<div class=\"elementor-widget-container\">\n\t\t\t\t\t\t\t<div class=\"elementor-tabs\">\n\t\t\t<div class=\"elementor-tabs-wrapper\" role=\"tablist\" >\n\t\t\t\t\t\t\t\t\t<div id=\"elementor-tab-title-1861\" class=\"elementor-tab-title elementor-tab-desktop-title\" aria-selected=\"true\" data-tab=\"1\" role=\"tab\" tabindex=\"0\" aria-controls=\"elementor-tab-content-1861\" aria-expanded=\"false\">Ziyaret\u00e7i Ayd\u0131nlatma Metni<\/div>\n\t\t\t\t\t\t\t\t\t<div id=\"elementor-tab-title-1862\" class=\"elementor-tab-title elementor-tab-desktop-title\" aria-selected=\"false\" data-tab=\"2\" role=\"tab\" tabindex=\"-1\" aria-controls=\"elementor-tab-content-1862\" aria-expanded=\"false\">Kapal\u0131 Sistem Kamera CCTV Ayd\u0131nlatma Metni<\/div>\n\t\t\t\t\t\t\t\t\t<div id=\"elementor-tab-title-1863\" class=\"elementor-tab-title elementor-tab-desktop-title\" aria-selected=\"false\" data-tab=\"3\" role=\"tab\" tabindex=\"-1\" aria-controls=\"elementor-tab-content-1863\" aria-expanded=\"false\">\u0130\u015f Ba\u015fvuru Formu Al\u0131nan Ki\u015fisel Veri Ayd\u0131nlatma Metni<\/div>\n\t\t\t\t\t\t\t\t\t<div id=\"elementor-tab-title-1864\" class=\"elementor-tab-title elementor-tab-desktop-title\" aria-selected=\"false\" data-tab=\"4\" role=\"tab\" tabindex=\"-1\" aria-controls=\"elementor-tab-content-1864\" aria-expanded=\"false\">Web Gizlilik Politikas\u0131<\/div>\n\t\t\t\t\t\t\t\t\t<div id=\"elementor-tab-title-1865\" class=\"elementor-tab-title elementor-tab-desktop-title\" aria-selected=\"false\" data-tab=\"5\" role=\"tab\" tabindex=\"-1\" aria-controls=\"elementor-tab-content-1865\" aria-expanded=\"false\">\u0130lgili Ki\u015fi Ba\u015fvuru Formu<\/div>\n\t\t\t\t\t\t\t\t\t<div id=\"elementor-tab-title-1866\" class=\"elementor-tab-title elementor-tab-desktop-title\" aria-selected=\"false\" data-tab=\"6\" role=\"tab\" tabindex=\"-1\" aria-controls=\"elementor-tab-content-1866\" aria-expanded=\"false\">Genel Ayd\u0131nlatma Metni<\/div>\n\t\t\t\t\t\t\t\t\t<div id=\"elementor-tab-title-1867\" class=\"elementor-tab-title elementor-tab-desktop-title\" aria-selected=\"false\" data-tab=\"7\" role=\"tab\" tabindex=\"-1\" aria-controls=\"elementor-tab-content-1867\" aria-expanded=\"false\">\u00c7erez Politikas\u0131<\/div>\n\t\t\t\t\t\t\t<\/div>\n\t\t\t<div class=\"elementor-tabs-content-wrapper\" role=\"tablist\" aria-orientation=\"vertical\">\n\t\t\t\t\t\t\t\t\t<div class=\"elementor-tab-title elementor-tab-mobile-title\" aria-selected=\"true\" data-tab=\"1\" role=\"tab\" tabindex=\"0\" aria-controls=\"elementor-tab-content-1861\" aria-expanded=\"false\">Ziyaret\u00e7i Ayd\u0131nlatma Metni<\/div>\n\t\t\t\t\t<div id=\"elementor-tab-content-1861\" class=\"elementor-tab-content elementor-clearfix\" data-tab=\"1\" role=\"tabpanel\" aria-labelledby=\"elementor-tab-title-1861\" tabindex=\"0\" hidden=\"false\"><p><embed src=\"https:\/\/www.metroelektrik.com.tr\/wp-content\/uploads\/2021\/03\/Ziyaretci-Aydinlatma-Metni.pdf\" type=\"application\/pdf\" width=\"100%\" height=\"600px\"><\/embed><\/p><\/div>\n\t\t\t\t\t\t\t\t\t<div class=\"elementor-tab-title elementor-tab-mobile-title\" aria-selected=\"false\" data-tab=\"2\" role=\"tab\" tabindex=\"-1\" aria-controls=\"elementor-tab-content-1862\" aria-expanded=\"false\">Kapal\u0131 Sistem Kamera CCTV Ayd\u0131nlatma Metni<\/div>\n\t\t\t\t\t<div id=\"elementor-tab-content-1862\" class=\"elementor-tab-content elementor-clearfix\" data-tab=\"2\" role=\"tabpanel\" aria-labelledby=\"elementor-tab-title-1862\" tabindex=\"0\" hidden=\"hidden\"><p><embed src=\"https:\/\/www.metroelektrik.com.tr\/wp-content\/uploads\/2021\/03\/Kapali-Sistem-Kamera-CCTV-Aydinlatma-Metni.pdf\" type=\"application\/pdf\" width=\"100%\" height=\"600px\"><\/embed><\/p><\/div>\n\t\t\t\t\t\t\t\t\t<div class=\"elementor-tab-title elementor-tab-mobile-title\" aria-selected=\"false\" data-tab=\"3\" role=\"tab\" tabindex=\"-1\" aria-controls=\"elementor-tab-content-1863\" aria-expanded=\"false\">\u0130\u015f Ba\u015fvuru Formu Al\u0131nan Ki\u015fisel Veri Ayd\u0131nlatma Metni<\/div>\n\t\t\t\t\t<div id=\"elementor-tab-content-1863\" class=\"elementor-tab-content elementor-clearfix\" data-tab=\"3\" role=\"tabpanel\" aria-labelledby=\"elementor-tab-title-1863\" tabindex=\"0\" hidden=\"hidden\"><p><embed src=\"https:\/\/www.metroelektrik.com.tr\/wp-content\/uploads\/2021\/03\/Is-Basvuru-Formu-al\u0131nan-kisisel-veri-aydinlatma-metni.pdf\" type=\"application\/pdf\" width=\"100%\" height=\"600px\"><\/embed><\/p><\/div>\n\t\t\t\t\t\t\t\t\t<div class=\"elementor-tab-title elementor-tab-mobile-title\" aria-selected=\"false\" data-tab=\"4\" role=\"tab\" tabindex=\"-1\" aria-controls=\"elementor-tab-content-1864\" aria-expanded=\"false\">Web Gizlilik Politikas\u0131<\/div>\n\t\t\t\t\t<div id=\"elementor-tab-content-1864\" class=\"elementor-tab-content elementor-clearfix\" data-tab=\"4\" role=\"tabpanel\" aria-labelledby=\"elementor-tab-title-1864\" tabindex=\"0\" hidden=\"hidden\"><embed src=\"https:\/\/www.metroelektrik.com.tr\/wp-content\/uploads\/2021\/03\/Web-Gizlilik-Politikas\u0131.pdf\" type=\"application\/pdf\" width=\"100%\" height=\"600px\" \/><\/div>\n\t\t\t\t\t\t\t\t\t<div class=\"elementor-tab-title elementor-tab-mobile-title\" aria-selected=\"false\" data-tab=\"5\" role=\"tab\" tabindex=\"-1\" aria-controls=\"elementor-tab-content-1865\" aria-expanded=\"false\">\u0130lgili Ki\u015fi Ba\u015fvuru Formu<\/div>\n\t\t\t\t\t<div id=\"elementor-tab-content-1865\" class=\"elementor-tab-content elementor-clearfix\" data-tab=\"5\" role=\"tabpanel\" aria-labelledby=\"elementor-tab-title-1865\" tabindex=\"0\" hidden=\"hidden\"><embed src=\"https:\/\/www.metroelektrik.com.tr\/wp-content\/uploads\/2021\/03\/\u0130lgili-Ki\u015fi-Ba\u015fvuru-Formu.pdf\" type=\"application\/pdf\" width=\"100%\" height=\"600px\" \/><\/div>\n\t\t\t\t\t\t\t\t\t<div class=\"elementor-tab-title elementor-tab-mobile-title\" aria-selected=\"false\" data-tab=\"6\" role=\"tab\" tabindex=\"-1\" aria-controls=\"elementor-tab-content-1866\" aria-expanded=\"false\">Genel Ayd\u0131nlatma Metni<\/div>\n\t\t\t\t\t<div id=\"elementor-tab-content-1866\" class=\"elementor-tab-content elementor-clearfix\" data-tab=\"6\" role=\"tabpanel\" aria-labelledby=\"elementor-tab-title-1866\" tabindex=\"0\" hidden=\"hidden\"><embed src=\"https:\/\/www.metroelektrik.com.tr\/wp-content\/uploads\/2021\/03\/Genel-Ayd\u0131nlatma-Metni.pdf\" type=\"application\/pdf\" width=\"100%\" height=\"600px\" \/><\/div>\n\t\t\t\t\t\t\t\t\t<div class=\"elementor-tab-title elementor-tab-mobile-title\" aria-selected=\"false\" data-tab=\"7\" role=\"tab\" tabindex=\"-1\" aria-controls=\"elementor-tab-content-1867\" aria-expanded=\"false\">\u00c7erez Politikas\u0131<\/div>\n\t\t\t\t\t<div id=\"elementor-tab-content-1867\" class=\"elementor-tab-content elementor-clearfix\" data-tab=\"7\" role=\"tabpanel\" aria-labelledby=\"elementor-tab-title-1867\" tabindex=\"0\" hidden=\"hidden\"><embed src=\"https:\/\/www.metroelektrik.com.tr\/wp-content\/uploads\/2021\/03\/Cerez-Politikasi.pdf\" type=\"application\/pdf\" width=\"100%\" height=\"600px\" \/><\/div>\n\t\t\t\t\t\t\t<\/div>\n\t\t<\/div>\n\t\t\t\t\t\t<\/div>\n\t\t\t\t<\/div>\n\t\t\t\t<\/div>\n\t\t\t\t<\/div>","protected":false},"excerpt":{"rendered":"<p>KVKK Y\u00f6netimi Fimam\u0131z hakk\u0131nda daha detayl\u0131 bilgiler i\u00e7in a\u015fa\u011f\u0131 taraf\u0131 bulunan belgeleri inceleyebilirsiniz. Ziyaret\u00e7i Ayd\u0131nlatma Metni Kapal\u0131 Sistem Kamera CCTV Ayd\u0131nlatma Metni \u0130\u015f Ba\u015fvuru Formu Al\u0131nan Ki\u015fisel Veri Ayd\u0131nlatma Metni Web Gizlilik Politikas\u0131 \u0130lgili Ki\u015fi Ba\u015fvuru Formu Genel Ayd\u0131nlatma Metni \u00c7erez Politikas\u0131 Ziyaret\u00e7i Ayd\u0131nlatma Metni Kapal\u0131 Sistem Kamera CCTV Ayd\u0131nlatma Metni \u0130\u015f Ba\u015fvuru Formu Al\u0131nan [&hellip;]<\/p>\n","protected":false},"author":1,"featured_media":0,"parent":0,"menu_order":0,"comment_status":"closed","ping_status":"closed","template":"","meta":{"_monsterinsights_skip_tracking":false,"_monsterinsights_sitenote_active":false,"_monsterinsights_sitenote_note":"","_monsterinsights_sitenote_category":0,"footnotes":""},"class_list":["post-2000","page","type-page","status-publish","hentry"],"yoast_head":"<!-- This site is optimized with the Yoast SEO plugin v27.4 - https:\/\/yoast.com\/product\/yoast-seo-wordpress\/ -->\n<title>K.V.K.K - Metro Elektrik<\/title>\n<meta name=\"robots\" content=\"index, follow, max-snippet:-1, max-image-preview:large, max-video-preview:-1\" \/>\n<link rel=\"canonical\" href=\"https:\/\/www.metroelektrik.com.tr\/en\/k-v-k-k\/\" \/>\n<meta property=\"og:locale\" content=\"en_GB\" \/>\n<meta property=\"og:type\" content=\"article\" \/>\n<meta property=\"og:title\" content=\"K.V.K.K - Metro Elektrik\" \/>\n<meta property=\"og:description\" content=\"KVKK Y\u00f6netimi Fimam\u0131z hakk\u0131nda daha detayl\u0131 bilgiler i\u00e7in a\u015fa\u011f\u0131 taraf\u0131 bulunan belgeleri inceleyebilirsiniz. Ziyaret\u00e7i Ayd\u0131nlatma Metni Kapal\u0131 Sistem Kamera CCTV Ayd\u0131nlatma Metni \u0130\u015f Ba\u015fvuru Formu Al\u0131nan Ki\u015fisel Veri Ayd\u0131nlatma Metni Web Gizlilik Politikas\u0131 \u0130lgili Ki\u015fi Ba\u015fvuru Formu Genel Ayd\u0131nlatma Metni \u00c7erez Politikas\u0131 Ziyaret\u00e7i Ayd\u0131nlatma Metni Kapal\u0131 Sistem Kamera CCTV Ayd\u0131nlatma Metni \u0130\u015f Ba\u015fvuru Formu Al\u0131nan [&hellip;]\" \/>\n<meta property=\"og:url\" content=\"https:\/\/www.metroelektrik.com.tr\/en\/k-v-k-k\/\" \/>\n<meta property=\"og:site_name\" content=\"Metro Elektrik\" \/>\n<meta property=\"article:publisher\" content=\"https:\/\/www.facebook.com\/metroelektrikgroup\" \/>\n<meta property=\"article:modified_time\" content=\"2026-03-19T12:05:57+00:00\" \/>\n<meta name=\"twitter:card\" content=\"summary_large_image\" \/>\n<meta name=\"twitter:label1\" content=\"Estimated reading time\" \/>\n\t<meta name=\"twitter:data1\" content=\"1 minute\" \/>\n<script type=\"application\/ld+json\" class=\"yoast-schema-graph\">{\"@context\":\"https:\\\/\\\/schema.org\",\"@graph\":[{\"@type\":\"WebPage\",\"@id\":\"https:\\\/\\\/www.metroelektrik.com.tr\\\/k-v-k-k\\\/\",\"url\":\"https:\\\/\\\/www.metroelektrik.com.tr\\\/k-v-k-k\\\/\",\"name\":\"K.V.K.K - Metro Elektrik\",\"isPartOf\":{\"@id\":\"https:\\\/\\\/www.metroelektrik.com.tr\\\/#website\"},\"datePublished\":\"2021-03-16T13:01:11+00:00\",\"dateModified\":\"2026-03-19T12:05:57+00:00\",\"inLanguage\":\"en-GB\",\"potentialAction\":[{\"@type\":\"ReadAction\",\"target\":[\"https:\\\/\\\/www.metroelektrik.com.tr\\\/k-v-k-k\\\/\"]}]},{\"@type\":\"WebSite\",\"@id\":\"https:\\\/\\\/www.metroelektrik.com.tr\\\/#website\",\"url\":\"https:\\\/\\\/www.metroelektrik.com.tr\\\/\",\"name\":\"Metro Elektrik\",\"description\":\"G\u00fcc\u00fcm\u00fcz Tecr\u00fcbemizdir\",\"publisher\":{\"@id\":\"https:\\\/\\\/www.metroelektrik.com.tr\\\/#organization\"},\"potentialAction\":[{\"@type\":\"SearchAction\",\"target\":{\"@type\":\"EntryPoint\",\"urlTemplate\":\"https:\\\/\\\/www.metroelektrik.com.tr\\\/?s={search_term_string}\"},\"query-input\":{\"@type\":\"PropertyValueSpecification\",\"valueRequired\":true,\"valueName\":\"search_term_string\"}}],\"inLanguage\":\"en-GB\"},{\"@type\":\"Organization\",\"@id\":\"https:\\\/\\\/www.metroelektrik.com.tr\\\/#organization\",\"name\":\"Metro Elektrik\",\"url\":\"https:\\\/\\\/www.metroelektrik.com.tr\\\/\",\"logo\":{\"@type\":\"ImageObject\",\"inLanguage\":\"en-GB\",\"@id\":\"https:\\\/\\\/www.metroelektrik.com.tr\\\/#\\\/schema\\\/logo\\\/image\\\/\",\"url\":\"https:\\\/\\\/www.metroelektrik.com.tr\\\/wp-content\\\/uploads\\\/2024\\\/01\\\/Logo-metro-blck-75.png\",\"contentUrl\":\"https:\\\/\\\/www.metroelektrik.com.tr\\\/wp-content\\\/uploads\\\/2024\\\/01\\\/Logo-metro-blck-75.png\",\"width\":197,\"height\":75,\"caption\":\"Metro Elektrik\"},\"image\":{\"@id\":\"https:\\\/\\\/www.metroelektrik.com.tr\\\/#\\\/schema\\\/logo\\\/image\\\/\"},\"sameAs\":[\"https:\\\/\\\/www.facebook.com\\\/metroelektrikgroup\",\"https:\\\/\\\/www.linkedin.com\\\/company\\\/metroelektrikgroup\\\/\",\"https:\\\/\\\/www.instagram.com\\\/metroelektrikgroup\"]}]}<\/script>\n<!-- \/ Yoast SEO plugin. -->","yoast_head_json":{"title":"K.V.K.K - Metro Elektrik","robots":{"index":"index","follow":"follow","max-snippet":"max-snippet:-1","max-image-preview":"max-image-preview:large","max-video-preview":"max-video-preview:-1"},"canonical":"https:\/\/www.metroelektrik.com.tr\/en\/k-v-k-k\/","og_locale":"en_GB","og_type":"article","og_title":"K.V.K.K - Metro Elektrik","og_description":"KVKK Y\u00f6netimi Fimam\u0131z hakk\u0131nda daha detayl\u0131 bilgiler i\u00e7in a\u015fa\u011f\u0131 taraf\u0131 bulunan belgeleri inceleyebilirsiniz. Ziyaret\u00e7i Ayd\u0131nlatma Metni Kapal\u0131 Sistem Kamera CCTV Ayd\u0131nlatma Metni \u0130\u015f Ba\u015fvuru Formu Al\u0131nan Ki\u015fisel Veri Ayd\u0131nlatma Metni Web Gizlilik Politikas\u0131 \u0130lgili Ki\u015fi Ba\u015fvuru Formu Genel Ayd\u0131nlatma Metni \u00c7erez Politikas\u0131 Ziyaret\u00e7i Ayd\u0131nlatma Metni Kapal\u0131 Sistem Kamera CCTV Ayd\u0131nlatma Metni \u0130\u015f Ba\u015fvuru Formu Al\u0131nan [&hellip;]","og_url":"https:\/\/www.metroelektrik.com.tr\/en\/k-v-k-k\/","og_site_name":"Metro Elektrik","article_publisher":"https:\/\/www.facebook.com\/metroelektrikgroup","article_modified_time":"2026-03-19T12:05:57+00:00","twitter_card":"summary_large_image","twitter_misc":{"Estimated reading time":"1 minute"},"schema":{"@context":"https:\/\/schema.org","@graph":[{"@type":"WebPage","@id":"https:\/\/www.metroelektrik.com.tr\/k-v-k-k\/","url":"https:\/\/www.metroelektrik.com.tr\/k-v-k-k\/","name":"K.V.K.K - Metro Elektrik","isPartOf":{"@id":"https:\/\/www.metroelektrik.com.tr\/#website"},"datePublished":"2021-03-16T13:01:11+00:00","dateModified":"2026-03-19T12:05:57+00:00","inLanguage":"en-GB","potentialAction":[{"@type":"ReadAction","target":["https:\/\/www.metroelektrik.com.tr\/k-v-k-k\/"]}]},{"@type":"WebSite","@id":"https:\/\/www.metroelektrik.com.tr\/#website","url":"https:\/\/www.metroelektrik.com.tr\/","name":"Metro Elektrik","description":"G\u00fcc\u00fcm\u00fcz Tecr\u00fcbemizdir","publisher":{"@id":"https:\/\/www.metroelektrik.com.tr\/#organization"},"potentialAction":[{"@type":"SearchAction","target":{"@type":"EntryPoint","urlTemplate":"https:\/\/www.metroelektrik.com.tr\/?s={search_term_string}"},"query-input":{"@type":"PropertyValueSpecification","valueRequired":true,"valueName":"search_term_string"}}],"inLanguage":"en-GB"},{"@type":"Organization","@id":"https:\/\/www.metroelektrik.com.tr\/#organization","name":"Metro Elektrik","url":"https:\/\/www.metroelektrik.com.tr\/","logo":{"@type":"ImageObject","inLanguage":"en-GB","@id":"https:\/\/www.metroelektrik.com.tr\/#\/schema\/logo\/image\/","url":"https:\/\/www.metroelektrik.com.tr\/wp-content\/uploads\/2024\/01\/Logo-metro-blck-75.png","contentUrl":"https:\/\/www.metroelektrik.com.tr\/wp-content\/uploads\/2024\/01\/Logo-metro-blck-75.png","width":197,"height":75,"caption":"Metro Elektrik"},"image":{"@id":"https:\/\/www.metroelektrik.com.tr\/#\/schema\/logo\/image\/"},"sameAs":["https:\/\/www.facebook.com\/metroelektrikgroup","https:\/\/www.linkedin.com\/company\/metroelektrikgroup\/","https:\/\/www.instagram.com\/metroelektrikgroup"]}]}},"_links":{"self":[{"href":"https:\/\/www.metroelektrik.com.tr\/en\/wp-json\/wp\/v2\/pages\/2000","targetHints":{"allow":["GET"]}}],"collection":[{"href":"https:\/\/www.metroelektrik.com.tr\/en\/wp-json\/wp\/v2\/pages"}],"about":[{"href":"https:\/\/www.metroelektrik.com.tr\/en\/wp-json\/wp\/v2\/types\/page"}],"author":[{"embeddable":true,"href":"https:\/\/www.metroelektrik.com.tr\/en\/wp-json\/wp\/v2\/users\/1"}],"replies":[{"embeddable":true,"href":"https:\/\/www.metroelektrik.com.tr\/en\/wp-json\/wp\/v2\/comments?post=2000"}],"version-history":[{"count":12,"href":"https:\/\/www.metroelektrik.com.tr\/en\/wp-json\/wp\/v2\/pages\/2000\/revisions"}],"predecessor-version":[{"id":10854,"href":"https:\/\/www.metroelektrik.com.tr\/en\/wp-json\/wp\/v2\/pages\/2000\/revisions\/10854"}],"wp:attachment":[{"href":"https:\/\/www.metroelektrik.com.tr\/en\/wp-json\/wp\/v2\/media?parent=2000"}],"curies":[{"name":"wp","href":"https:\/\/api.w.org\/{rel}","templated":true}]}}