{"id":174,"date":"2018-04-21T11:51:42","date_gmt":"2018-04-21T11:51:42","guid":{"rendered":"http:\/\/www.metroelektrik.com.tr\/?page_id=174"},"modified":"2026-03-19T12:00:12","modified_gmt":"2026-03-19T12:00:12","slug":"kalite-belgelerimiz","status":"publish","type":"page","link":"https:\/\/www.metroelektrik.com.tr\/en\/kalite-belgelerimiz\/","title":{"rendered":"Kalite Belgelerimiz"},"content":{"rendered":"\t\t<div data-elementor-type=\"wp-post\" data-elementor-id=\"174\" class=\"elementor elementor-174\">\n\t\t\t\t<div class=\"elementor-element elementor-element-4034c27 e-flex e-con-boxed e-con e-parent\" data-id=\"4034c27\" data-element_type=\"container\" data-e-type=\"container\">\n\t\t\t\t\t<div class=\"e-con-inner\">\n\t\t\t\t<div class=\"elementor-element elementor-element-58b60ec elementor-widget elementor-widget-html\" data-id=\"58b60ec\" data-element_type=\"widget\" data-e-type=\"widget\" data-widget_type=\"html.default\">\n\t\t\t\t<div class=\"elementor-widget-container\">\n\t\t\t\t\t<div style=\"max-width:1000px; margin:0 auto; padding:50px 20px; font-family:Arial,sans-serif;\">\r\n  <h2 style=\"text-align:center; color:#003366; font-size:35px; margin-bottom:40px;\">Kalite Belgelerimiz<\/h2>\r\n\r\n  <div style=\"display:flex; flex-wrap:wrap; gap:30px; justify-content:center;\">\r\n    \r\n    <!-- ISO 9001:2015 -->\r\n    <div style=\"background:#f5f5f5; padding:25px; border-radius:8px; box-shadow:0 4px 12px rgba(0,0,0,0.1); flex:1 1 280px; max-width:300px; text-align:center; transition:transform 0.3s;\">\r\n      <h3 style=\"color:#0073e6; font-size:20px; margin-bottom:15px;\">ISO 9001:2015<\/h3>\r\n      <p style=\"font-size:14px; line-height:1.6; color:#333;\">Kalite Y\u00f6netim Sistemi Belgesi<\/p>\r\n      <a href=\"https:\/\/www.metroelektrik.com.tr\/wp-content\/uploads\/2020\/06\/METRO-ELEKTRIK-ISO-9001.pdf\" target=\"_blank\" \r\n         style=\"display:inline-block; margin-top:15px; padding:10px 20px; background-color:#0073e6; color:#fff; border-radius:5px; text-decoration:none; font-weight:600; transition:background-color 0.3s;\">PDF G\u00f6r\u00fcnt\u00fcle<\/a>\r\n    <\/div>\r\n\r\n    <!-- ISO 14001:2015 -->\r\n    <div style=\"background:#f5f5f5; padding:25px; border-radius:8px; box-shadow:0 4px 12px rgba(0,0,0,0.1); flex:1 1 280px; max-width:300px; text-align:center; transition:transform 0.3s;\">\r\n      <h3 style=\"color:#0073e6; font-size:20px; margin-bottom:15px;\">ISO 14001:2015<\/h3>\r\n      <p style=\"font-size:14px; line-height:1.6; color:#333;\">\u00c7evre Y\u00f6netim Sistemi Belgesi<\/p>\r\n      <a href=\"https:\/\/www.metroelektrik.com.tr\/wp-content\/uploads\/2024\/04\/ISO-140012015-1.pdf\" target=\"_blank\" \r\n         style=\"display:inline-block; margin-top:15px; padding:10px 20px; background-color:#0073e6; color:#fff; border-radius:5px; text-decoration:none; font-weight:600; transition:background-color 0.3s;\">PDF G\u00f6r\u00fcnt\u00fcle<\/a>\r\n    <\/div>\r\n\r\n    <!-- ISO 18001:2007 \/ OHSAS 45001 -->\r\n    <div style=\"background:#f5f5f5; padding:25px; border-radius:8px; box-shadow:0 4px 12px rgba(0,0,0,0.1); flex:1 1 280px; max-width:300px; text-align:center; transition:transform 0.3s;\">\r\n      <h3 style=\"color:#0073e6; font-size:20px; margin-bottom:15px;\">ISO 18001:2007<\/h3>\r\n      <p style=\"font-size:14px; line-height:1.6; color:#333;\">\u0130\u015f Sa\u011fl\u0131\u011f\u0131 ve G\u00fcvenli\u011fi Y\u00f6netim Sistemi Belgesi (OHSAS 18001)<\/p>\r\n      <a href=\"https:\/\/www.metroelektrik.com.tr\/wp-content\/uploads\/2024\/04\/ISO-450012018.pdf\" target=\"_blank\" \r\n         style=\"display:inline-block; margin-top:15px; padding:10px 20px; background-color:#0073e6; color:#fff; border-radius:5px; text-decoration:none; font-weight:600; transition:background-color 0.3s;\">PDF G\u00f6r\u00fcnt\u00fcle<\/a>\r\n    <\/div>\r\n\r\n  <\/div>\r\n<\/div>\r\n\r\n<!-- Hover Efekti ve Responsive -->\r\n<style>\r\n  div[style*=\"transition:transform\"] { cursor:pointer; }\r\n  div[style*=\"transition:transform\"]:hover { transform:translateY(-5px); box-shadow:0 8px 20px rgba(0,0,0,0.15); }\r\n\r\n  @media (max-width:768px){\r\n    div[style*=\"flex:1 1 280px\"] {\r\n      flex:1 1 100% !important;\r\n      max-width:100% !important;\r\n    }\r\n  }\r\n<\/style>\t\t\t\t<\/div>\n\t\t\t\t<\/div>\n\t\t\t\t\t<\/div>\n\t\t\t\t<\/div>\n\t\t\t\t<\/div>\n\t\t","protected":false},"excerpt":{"rendered":"<p>Kalite Belgelerimiz ISO 9001:2015 Kalite Y\u00f6netim Sistemi Belgesi PDF G\u00f6r\u00fcnt\u00fcle ISO 14001:2015 \u00c7evre Y\u00f6netim Sistemi Belgesi PDF G\u00f6r\u00fcnt\u00fcle ISO 18001:2007 \u0130\u015f Sa\u011fl\u0131\u011f\u0131 ve G\u00fcvenli\u011fi Y\u00f6netim Sistemi Belgesi (OHSAS 18001) PDF G\u00f6r\u00fcnt\u00fcle<\/p>","protected":false},"author":1,"featured_media":0,"parent":0,"menu_order":0,"comment_status":"closed","ping_status":"closed","template":"","meta":{"_monsterinsights_skip_tracking":false,"_monsterinsights_sitenote_active":false,"_monsterinsights_sitenote_note":"","_monsterinsights_sitenote_category":0,"footnotes":""},"class_list":["post-174","page","type-page","status-publish","hentry"],"yoast_head":"<!-- This site is optimized with the Yoast SEO plugin v27.4 - https:\/\/yoast.com\/product\/yoast-seo-wordpress\/ -->\n<title>Kalite Belgelerimiz - Metro Elektrik<\/title>\n<meta name=\"robots\" content=\"index, follow, max-snippet:-1, max-image-preview:large, max-video-preview:-1\" \/>\n<link rel=\"canonical\" href=\"https:\/\/www.metroelektrik.com.tr\/en\/kalite-belgelerimiz\/\" \/>\n<meta property=\"og:locale\" content=\"en_GB\" \/>\n<meta property=\"og:type\" content=\"article\" \/>\n<meta property=\"og:title\" content=\"Kalite Belgelerimiz - Metro Elektrik\" \/>\n<meta property=\"og:description\" content=\"Kalite Belgelerimiz ISO 9001:2015 Kalite Y\u00f6netim Sistemi Belgesi PDF G\u00f6r\u00fcnt\u00fcle ISO 14001:2015 \u00c7evre Y\u00f6netim Sistemi Belgesi PDF G\u00f6r\u00fcnt\u00fcle ISO 18001:2007 \u0130\u015f Sa\u011fl\u0131\u011f\u0131 ve G\u00fcvenli\u011fi Y\u00f6netim Sistemi Belgesi (OHSAS 18001) PDF G\u00f6r\u00fcnt\u00fcle\" \/>\n<meta property=\"og:url\" content=\"https:\/\/www.metroelektrik.com.tr\/en\/kalite-belgelerimiz\/\" \/>\n<meta property=\"og:site_name\" content=\"Metro Elektrik\" \/>\n<meta property=\"article:publisher\" content=\"https:\/\/www.facebook.com\/metroelektrikgroup\" \/>\n<meta property=\"article:modified_time\" content=\"2026-03-19T12:00:12+00:00\" \/>\n<meta name=\"twitter:card\" content=\"summary_large_image\" \/>\n<meta name=\"twitter:label1\" content=\"Estimated reading time\" \/>\n\t<meta name=\"twitter:data1\" content=\"1 minute\" \/>\n<script type=\"application\/ld+json\" class=\"yoast-schema-graph\">{\"@context\":\"https:\\\/\\\/schema.org\",\"@graph\":[{\"@type\":\"WebPage\",\"@id\":\"https:\\\/\\\/www.metroelektrik.com.tr\\\/kalite-belgelerimiz\\\/\",\"url\":\"https:\\\/\\\/www.metroelektrik.com.tr\\\/kalite-belgelerimiz\\\/\",\"name\":\"Kalite Belgelerimiz - Metro Elektrik\",\"isPartOf\":{\"@id\":\"https:\\\/\\\/www.metroelektrik.com.tr\\\/#website\"},\"datePublished\":\"2018-04-21T11:51:42+00:00\",\"dateModified\":\"2026-03-19T12:00:12+00:00\",\"inLanguage\":\"en-GB\",\"potentialAction\":[{\"@type\":\"ReadAction\",\"target\":[\"https:\\\/\\\/www.metroelektrik.com.tr\\\/kalite-belgelerimiz\\\/\"]}]},{\"@type\":\"WebSite\",\"@id\":\"https:\\\/\\\/www.metroelektrik.com.tr\\\/#website\",\"url\":\"https:\\\/\\\/www.metroelektrik.com.tr\\\/\",\"name\":\"Metro Elektrik\",\"description\":\"G\u00fcc\u00fcm\u00fcz Tecr\u00fcbemizdir\",\"publisher\":{\"@id\":\"https:\\\/\\\/www.metroelektrik.com.tr\\\/#organization\"},\"potentialAction\":[{\"@type\":\"SearchAction\",\"target\":{\"@type\":\"EntryPoint\",\"urlTemplate\":\"https:\\\/\\\/www.metroelektrik.com.tr\\\/?s={search_term_string}\"},\"query-input\":{\"@type\":\"PropertyValueSpecification\",\"valueRequired\":true,\"valueName\":\"search_term_string\"}}],\"inLanguage\":\"en-GB\"},{\"@type\":\"Organization\",\"@id\":\"https:\\\/\\\/www.metroelektrik.com.tr\\\/#organization\",\"name\":\"Metro Elektrik\",\"url\":\"https:\\\/\\\/www.metroelektrik.com.tr\\\/\",\"logo\":{\"@type\":\"ImageObject\",\"inLanguage\":\"en-GB\",\"@id\":\"https:\\\/\\\/www.metroelektrik.com.tr\\\/#\\\/schema\\\/logo\\\/image\\\/\",\"url\":\"https:\\\/\\\/www.metroelektrik.com.tr\\\/wp-content\\\/uploads\\\/2024\\\/01\\\/Logo-metro-blck-75.png\",\"contentUrl\":\"https:\\\/\\\/www.metroelektrik.com.tr\\\/wp-content\\\/uploads\\\/2024\\\/01\\\/Logo-metro-blck-75.png\",\"width\":197,\"height\":75,\"caption\":\"Metro Elektrik\"},\"image\":{\"@id\":\"https:\\\/\\\/www.metroelektrik.com.tr\\\/#\\\/schema\\\/logo\\\/image\\\/\"},\"sameAs\":[\"https:\\\/\\\/www.facebook.com\\\/metroelektrikgroup\",\"https:\\\/\\\/www.linkedin.com\\\/company\\\/metroelektrikgroup\\\/\",\"https:\\\/\\\/www.instagram.com\\\/metroelektrikgroup\"]}]}<\/script>\n<!-- \/ Yoast SEO plugin. -->","yoast_head_json":{"title":"Kalite Belgelerimiz - Metro Elektrik","robots":{"index":"index","follow":"follow","max-snippet":"max-snippet:-1","max-image-preview":"max-image-preview:large","max-video-preview":"max-video-preview:-1"},"canonical":"https:\/\/www.metroelektrik.com.tr\/en\/kalite-belgelerimiz\/","og_locale":"en_GB","og_type":"article","og_title":"Kalite Belgelerimiz - Metro Elektrik","og_description":"Kalite Belgelerimiz ISO 9001:2015 Kalite Y\u00f6netim Sistemi Belgesi PDF G\u00f6r\u00fcnt\u00fcle ISO 14001:2015 \u00c7evre Y\u00f6netim Sistemi Belgesi PDF G\u00f6r\u00fcnt\u00fcle ISO 18001:2007 \u0130\u015f Sa\u011fl\u0131\u011f\u0131 ve G\u00fcvenli\u011fi Y\u00f6netim Sistemi Belgesi (OHSAS 18001) PDF G\u00f6r\u00fcnt\u00fcle","og_url":"https:\/\/www.metroelektrik.com.tr\/en\/kalite-belgelerimiz\/","og_site_name":"Metro Elektrik","article_publisher":"https:\/\/www.facebook.com\/metroelektrikgroup","article_modified_time":"2026-03-19T12:00:12+00:00","twitter_card":"summary_large_image","twitter_misc":{"Estimated reading time":"1 minute"},"schema":{"@context":"https:\/\/schema.org","@graph":[{"@type":"WebPage","@id":"https:\/\/www.metroelektrik.com.tr\/kalite-belgelerimiz\/","url":"https:\/\/www.metroelektrik.com.tr\/kalite-belgelerimiz\/","name":"Kalite Belgelerimiz - Metro Elektrik","isPartOf":{"@id":"https:\/\/www.metroelektrik.com.tr\/#website"},"datePublished":"2018-04-21T11:51:42+00:00","dateModified":"2026-03-19T12:00:12+00:00","inLanguage":"en-GB","potentialAction":[{"@type":"ReadAction","target":["https:\/\/www.metroelektrik.com.tr\/kalite-belgelerimiz\/"]}]},{"@type":"WebSite","@id":"https:\/\/www.metroelektrik.com.tr\/#website","url":"https:\/\/www.metroelektrik.com.tr\/","name":"Metro Elektrik","description":"G\u00fcc\u00fcm\u00fcz Tecr\u00fcbemizdir","publisher":{"@id":"https:\/\/www.metroelektrik.com.tr\/#organization"},"potentialAction":[{"@type":"SearchAction","target":{"@type":"EntryPoint","urlTemplate":"https:\/\/www.metroelektrik.com.tr\/?s={search_term_string}"},"query-input":{"@type":"PropertyValueSpecification","valueRequired":true,"valueName":"search_term_string"}}],"inLanguage":"en-GB"},{"@type":"Organization","@id":"https:\/\/www.metroelektrik.com.tr\/#organization","name":"Metro Elektrik","url":"https:\/\/www.metroelektrik.com.tr\/","logo":{"@type":"ImageObject","inLanguage":"en-GB","@id":"https:\/\/www.metroelektrik.com.tr\/#\/schema\/logo\/image\/","url":"https:\/\/www.metroelektrik.com.tr\/wp-content\/uploads\/2024\/01\/Logo-metro-blck-75.png","contentUrl":"https:\/\/www.metroelektrik.com.tr\/wp-content\/uploads\/2024\/01\/Logo-metro-blck-75.png","width":197,"height":75,"caption":"Metro Elektrik"},"image":{"@id":"https:\/\/www.metroelektrik.com.tr\/#\/schema\/logo\/image\/"},"sameAs":["https:\/\/www.facebook.com\/metroelektrikgroup","https:\/\/www.linkedin.com\/company\/metroelektrikgroup\/","https:\/\/www.instagram.com\/metroelektrikgroup"]}]}},"_links":{"self":[{"href":"https:\/\/www.metroelektrik.com.tr\/en\/wp-json\/wp\/v2\/pages\/174","targetHints":{"allow":["GET"]}}],"collection":[{"href":"https:\/\/www.metroelektrik.com.tr\/en\/wp-json\/wp\/v2\/pages"}],"about":[{"href":"https:\/\/www.metroelektrik.com.tr\/en\/wp-json\/wp\/v2\/types\/page"}],"author":[{"embeddable":true,"href":"https:\/\/www.metroelektrik.com.tr\/en\/wp-json\/wp\/v2\/users\/1"}],"replies":[{"embeddable":true,"href":"https:\/\/www.metroelektrik.com.tr\/en\/wp-json\/wp\/v2\/comments?post=174"}],"version-history":[{"count":24,"href":"https:\/\/www.metroelektrik.com.tr\/en\/wp-json\/wp\/v2\/pages\/174\/revisions"}],"predecessor-version":[{"id":10853,"href":"https:\/\/www.metroelektrik.com.tr\/en\/wp-json\/wp\/v2\/pages\/174\/revisions\/10853"}],"wp:attachment":[{"href":"https:\/\/www.metroelektrik.com.tr\/en\/wp-json\/wp\/v2\/media?parent=174"}],"curies":[{"name":"wp","href":"https:\/\/api.w.org\/{rel}","templated":true}]}}