{"id":152,"date":"2018-04-21T10:52:43","date_gmt":"2018-04-21T10:52:43","guid":{"rendered":"http:\/\/www.metroelektrik.com.tr\/?page_id=152"},"modified":"2026-03-26T13:59:59","modified_gmt":"2026-03-26T13:59:59","slug":"muhendislik-ve-dizaynhizmetleri","status":"publish","type":"page","link":"https:\/\/www.metroelektrik.com.tr\/en\/muhendislik-ve-dizaynhizmetleri\/","title":{"rendered":"M\u00fchendislik ve Dizayn Hizmetlerimiz"},"content":{"rendered":"<div data-elementor-type=\"wp-post\" data-elementor-id=\"152\" class=\"elementor elementor-152\">\n\t\t\t\t<div class=\"elementor-element elementor-element-5706534 e-flex e-con-boxed e-con e-parent\" data-id=\"5706534\" data-element_type=\"container\" data-e-type=\"container\">\n\t\t\t\t\t<div class=\"e-con-inner\">\n\t\t\t\t<div class=\"elementor-element elementor-element-7e914fe elementor-widget elementor-widget-html\" data-id=\"7e914fe\" data-element_type=\"widget\" data-e-type=\"widget\" data-widget_type=\"html.default\">\n\t\t\t\t<div class=\"elementor-widget-container\">\n\t\t\t\t\t<div style=\"max-width:1200px; margin:0 auto; padding:60px 20px; font-family:Arial, sans-serif;\">\r\n\r\n<style>\r\n\r\n\/* Ba\u015fl\u0131k *\/\r\n.service-title {\r\n    text-align: center;\r\n    font-size: 35px;\r\n    font-weight: 700;\r\n    color: #003366;\r\n    margin-bottom: 20px;\r\n}\r\n\r\n\/* A\u00e7\u0131klama *\/\r\n.service-desc {\r\n    text-align: center;\r\n    max-width: 850px;\r\n    margin: 0 auto 40px;\r\n    font-size: 16px;\r\n    line-height: 1.7;\r\n    color: #444;\r\n}\r\n\r\n\/* SEO ek metin *\/\r\n.service-seo-text {\r\n    max-width: 900px;\r\n    margin: 40px auto;\r\n    font-size: 15px;\r\n    line-height: 1.8;\r\n    color: #333;\r\n}\r\n\r\n\/* Grid *\/\r\n.service-grid {\r\n    display: grid;\r\n    grid-template-columns: repeat(4, 1fr);\r\n    gap: 20px;\r\n}\r\n\r\n\/* Kart *\/\r\n.service-card {\r\n    background: #ffffff;\r\n    padding: 20px 16px;\r\n    border-radius: 8px;\r\n    border: 1px solid #e5e5e5;\r\n    transition: all 0.25s ease;\r\n    position: relative;\r\n}\r\n\r\n\/* Sol \u00e7izgi *\/\r\n.service-card::before {\r\n    content: \"\";\r\n    position: absolute;\r\n    left: 0;\r\n    top: 18px;\r\n    width: 3px;\r\n    height: 18px;\r\n    background: #003366;\r\n    transition: height 0.3s ease;\r\n}\r\n\r\n\/* Hover *\/\r\n.service-card:hover {\r\n    border-color: #ccc;\r\n    box-shadow: 0 6px 20px rgba(0,0,0,0.08);\r\n    transform: translateY(-3px);\r\n}\r\n\r\n.service-card:hover::before {\r\n    height: 60%;\r\n}\r\n\r\n\/* Yaz\u0131 *\/\r\n.service-card h4 {\r\n    font-size: 15px;\r\n    font-weight: 600;\r\n    color: #222;\r\n    margin: 0;\r\n    line-height: 1.6;\r\n    padding-left: 10px;\r\n}\r\n\r\n\/* Responsive *\/\r\n@media (max-width: 1024px) {\r\n    .service-grid {\r\n        grid-template-columns: repeat(2, 1fr);\r\n    }\r\n}\r\n\r\n@media (max-width: 600px) {\r\n    .service-grid {\r\n        grid-template-columns: 1fr;\r\n    }\r\n}\r\n\r\n<\/style>\r\n\r\n<!-- H1 EKLE (SEO i\u00e7in \u00e7ok kritik) -->\r\n<h1 class=\"service-title\">Elektrik Taahh\u00fct, M\u00fchendislik ve Proje Hizmetleri<\/h1>\r\n\r\n<p class=\"service-desc\">\r\n    Metro Elektrik; y\u00fcksek gerilim trafo merkezlerinden enerji nakil hatlar\u0131na, end\u00fcstriyel tesislerden \r\n    yenilenebilir enerji projelerine kadar geni\u015f bir alanda anahtar teslim elektrik taahh\u00fct ve m\u00fchendislik \u00e7\u00f6z\u00fcmleri sunmaktad\u0131r.\r\n<\/p>\r\n\r\n<!-- GRID AYNI KALIYOR -->\r\n<div class=\"service-grid\">\r\n\r\n    <div class=\"service-card\"><h4>Anahtar Teslim OG & YG \u015ealt Tesisleri<\/h4><\/div>\r\n    <div class=\"service-card\"><h4>Enerji Nakil Hatlar\u0131<\/h4><\/div>\r\n    <div class=\"service-card\"><h4>Yenilenebilir Enerji Santralleri<\/h4><\/div>\r\n    <div class=\"service-card\"><h4>End\u00fcstriyel Elektrifikasyon Projeleri<\/h4><\/div>\r\n\r\n    <div class=\"service-card\"><h4>SCADA & Enerji Y\u00f6netimi<\/h4><\/div>\r\n    <div class=\"service-card\"><h4>DCS & PLC Otomasyon Sistemleri<\/h4><\/div>\r\n    <div class=\"service-card\"><h4>Motor Kontrol Merkezleri (MCC)<\/h4><\/div>\r\n    <div class=\"service-card\"><h4>AC \/ DC H\u0131z Kontrol Sistemleri<\/h4><\/div>\r\n\r\n    <div class=\"service-card\"><h4>Ayd\u0131nlatma Sistemleri<\/h4><\/div>\r\n    <div class=\"service-card\"><h4>Paratoner & Topraklama Sistemleri<\/h4><\/div>\r\n    <div class=\"service-card\"><h4>Yang\u0131n Alarm & G\u00fcvenlik Sistemleri<\/h4><\/div>\r\n    <div class=\"service-card\"><h4>Kablolama & Ta\u015f\u0131y\u0131c\u0131 Sistemler<\/h4><\/div>\r\n\r\n    <div class=\"service-card\"><h4>CCTV & Zay\u0131f Ak\u0131m Sistemleri<\/h4><\/div>\r\n    <div class=\"service-card\"><h4>Acil G\u00fc\u00e7 Sistemleri (UPS)<\/h4><\/div>\r\n\r\n<\/div>\r\n\r\n<!-- SEO \u0130\u00c7ER\u0130K BLO\u011eU (AS\u0130L FARK BURADA) -->\r\n<div class=\"service-seo-text\">\r\n\r\n<h2>Elektrik Taahh\u00fct ve M\u00fchendislik Hizmetleri<\/h2>\r\n\r\n<p>\r\nMetro Elektrik, elektrik taahh\u00fct, proje ve m\u00fchendislik alanlar\u0131nda uzmanla\u015fm\u0131\u015f kadrosu ile end\u00fcstriyel ve ticari projelere profesyonel \u00e7\u00f6z\u00fcmler sunmaktad\u0131r. Elektrik proje \u00e7izimi, uygulama, devreye alma ve bak\u0131m s\u00fcre\u00e7lerinde y\u00fcksek kalite standartlar\u0131 ile hizmet vermektedir.\r\n<\/p>\r\n\r\n<h2>Hizmet Kapsam\u0131m\u0131z<\/h2>\r\n\r\n<p>\r\nElektrik taahh\u00fct hizmetlerimiz; enerji nakil hatlar\u0131, trafo merkezleri, otomasyon sistemleri ve zay\u0131f ak\u0131m \u00e7\u00f6z\u00fcmlerini kapsamaktad\u0131r. Projeleriniz i\u00e7in anahtar teslim \u00e7\u00f6z\u00fcmler sunarak s\u00fcre\u00e7lerinizi h\u0131zland\u0131r\u0131yoruz.\r\n<\/p>\r\n\r\n<h2>Neden Metro Elektrik?<\/h2>\r\n\r\n<p>\r\nDeneyimli m\u00fchendis kadromuz, kaliteli malzeme kullan\u0131m\u0131 ve zaman\u0131nda teslim anlay\u0131\u015f\u0131m\u0131z ile elektrik projelerinizde g\u00fcvenilir i\u015f orta\u011f\u0131n\u0131z oluyoruz. Detayl\u0131 bilgi ve teklif almak i\u00e7in bizimle ileti\u015fime ge\u00e7ebilirsiniz.\r\n<\/p>\r\n\r\n<\/div>\r\n\r\n<\/div>\t\t\t\t<\/div>\n\t\t\t\t<\/div>\n\t\t\t\t\t<\/div>\n\t\t\t\t<\/div>\n\t\t\t\t<\/div>","protected":false},"excerpt":{"rendered":"<p>Elektrik Taahh\u00fct, M\u00fchendislik ve Proje Hizmetleri Metro Elektrik; y\u00fcksek gerilim trafo merkezlerinden enerji nakil hatlar\u0131na, end\u00fcstriyel tesislerden yenilenebilir enerji projelerine kadar geni\u015f bir alanda anahtar teslim elektrik taahh\u00fct ve m\u00fchendislik \u00e7\u00f6z\u00fcmleri sunmaktad\u0131r. Anahtar Teslim OG &#038; YG \u015ealt Tesisleri Enerji Nakil Hatlar\u0131 Yenilenebilir Enerji Santralleri End\u00fcstriyel Elektrifikasyon Projeleri SCADA &#038; Enerji Y\u00f6netimi DCS &#038; PLC [&hellip;]<\/p>\n","protected":false},"author":1,"featured_media":0,"parent":0,"menu_order":0,"comment_status":"closed","ping_status":"closed","template":"blank-template.php","meta":{"_monsterinsights_skip_tracking":false,"_monsterinsights_sitenote_active":false,"_monsterinsights_sitenote_note":"","_monsterinsights_sitenote_category":0,"footnotes":""},"class_list":["post-152","page","type-page","status-publish","hentry"],"yoast_head":"<!-- This site is optimized with the Yoast SEO plugin v27.4 - https:\/\/yoast.com\/product\/yoast-seo-wordpress\/ -->\n<title>M\u00fchendislik ve Dizayn Hizmetlerimiz - Metro Elektrik<\/title>\n<meta name=\"description\" content=\"Elektrik taahh\u00fct, m\u00fchendislik ve proje hizmetlerinde uzman ekibimizle end\u00fcstriyel ve ticari projeler i\u00e7in profesyonel \u00e7\u00f6z\u00fcmler sunuyoruz.\" \/>\n<meta name=\"robots\" content=\"index, follow, max-snippet:-1, max-image-preview:large, max-video-preview:-1\" \/>\n<link rel=\"canonical\" href=\"https:\/\/www.metroelektrik.com.tr\/en\/muhendislik-ve-dizaynhizmetleri\/\" \/>\n<meta property=\"og:locale\" content=\"en_GB\" \/>\n<meta property=\"og:type\" content=\"article\" \/>\n<meta property=\"og:title\" content=\"M\u00fchendislik ve Dizayn Hizmetlerimiz - Metro Elektrik\" \/>\n<meta property=\"og:description\" content=\"Elektrik taahh\u00fct, m\u00fchendislik ve proje hizmetlerinde uzman ekibimizle end\u00fcstriyel ve ticari projeler i\u00e7in profesyonel \u00e7\u00f6z\u00fcmler sunuyoruz.\" \/>\n<meta property=\"og:url\" content=\"https:\/\/www.metroelektrik.com.tr\/en\/muhendislik-ve-dizaynhizmetleri\/\" \/>\n<meta property=\"og:site_name\" content=\"Metro Elektrik\" \/>\n<meta property=\"article:publisher\" content=\"https:\/\/www.facebook.com\/metroelektrikgroup\" \/>\n<meta property=\"article:modified_time\" content=\"2026-03-26T13:59:59+00:00\" \/>\n<meta name=\"twitter:card\" content=\"summary_large_image\" \/>\n<meta name=\"twitter:label1\" content=\"Estimated reading time\" \/>\n\t<meta name=\"twitter:data1\" content=\"2 minutes\" \/>\n<script type=\"application\/ld+json\" class=\"yoast-schema-graph\">{\"@context\":\"https:\\\/\\\/schema.org\",\"@graph\":[{\"@type\":\"WebPage\",\"@id\":\"https:\\\/\\\/www.metroelektrik.com.tr\\\/muhendislik-ve-dizaynhizmetleri\\\/\",\"url\":\"https:\\\/\\\/www.metroelektrik.com.tr\\\/muhendislik-ve-dizaynhizmetleri\\\/\",\"name\":\"M\u00fchendislik ve Dizayn Hizmetlerimiz - Metro Elektrik\",\"isPartOf\":{\"@id\":\"https:\\\/\\\/www.metroelektrik.com.tr\\\/#website\"},\"datePublished\":\"2018-04-21T10:52:43+00:00\",\"dateModified\":\"2026-03-26T13:59:59+00:00\",\"description\":\"Elektrik taahh\u00fct, m\u00fchendislik ve proje hizmetlerinde uzman ekibimizle end\u00fcstriyel ve ticari projeler i\u00e7in profesyonel \u00e7\u00f6z\u00fcmler sunuyoruz.\",\"inLanguage\":\"en-GB\",\"potentialAction\":[{\"@type\":\"ReadAction\",\"target\":[\"https:\\\/\\\/www.metroelektrik.com.tr\\\/muhendislik-ve-dizaynhizmetleri\\\/\"]}]},{\"@type\":\"WebSite\",\"@id\":\"https:\\\/\\\/www.metroelektrik.com.tr\\\/#website\",\"url\":\"https:\\\/\\\/www.metroelektrik.com.tr\\\/\",\"name\":\"Metro Elektrik\",\"description\":\"G\u00fcc\u00fcm\u00fcz Tecr\u00fcbemizdir\",\"publisher\":{\"@id\":\"https:\\\/\\\/www.metroelektrik.com.tr\\\/#organization\"},\"potentialAction\":[{\"@type\":\"SearchAction\",\"target\":{\"@type\":\"EntryPoint\",\"urlTemplate\":\"https:\\\/\\\/www.metroelektrik.com.tr\\\/?s={search_term_string}\"},\"query-input\":{\"@type\":\"PropertyValueSpecification\",\"valueRequired\":true,\"valueName\":\"search_term_string\"}}],\"inLanguage\":\"en-GB\"},{\"@type\":\"Organization\",\"@id\":\"https:\\\/\\\/www.metroelektrik.com.tr\\\/#organization\",\"name\":\"Metro Elektrik\",\"url\":\"https:\\\/\\\/www.metroelektrik.com.tr\\\/\",\"logo\":{\"@type\":\"ImageObject\",\"inLanguage\":\"en-GB\",\"@id\":\"https:\\\/\\\/www.metroelektrik.com.tr\\\/#\\\/schema\\\/logo\\\/image\\\/\",\"url\":\"https:\\\/\\\/www.metroelektrik.com.tr\\\/wp-content\\\/uploads\\\/2024\\\/01\\\/Logo-metro-blck-75.png\",\"contentUrl\":\"https:\\\/\\\/www.metroelektrik.com.tr\\\/wp-content\\\/uploads\\\/2024\\\/01\\\/Logo-metro-blck-75.png\",\"width\":197,\"height\":75,\"caption\":\"Metro Elektrik\"},\"image\":{\"@id\":\"https:\\\/\\\/www.metroelektrik.com.tr\\\/#\\\/schema\\\/logo\\\/image\\\/\"},\"sameAs\":[\"https:\\\/\\\/www.facebook.com\\\/metroelektrikgroup\",\"https:\\\/\\\/www.linkedin.com\\\/company\\\/metroelektrikgroup\\\/\",\"https:\\\/\\\/www.instagram.com\\\/metroelektrikgroup\"]}]}<\/script>\n<!-- \/ Yoast SEO plugin. -->","yoast_head_json":{"title":"M\u00fchendislik ve Dizayn Hizmetlerimiz - Metro Elektrik","description":"Elektrik taahh\u00fct, m\u00fchendislik ve proje hizmetlerinde uzman ekibimizle end\u00fcstriyel ve ticari projeler i\u00e7in profesyonel \u00e7\u00f6z\u00fcmler sunuyoruz.","robots":{"index":"index","follow":"follow","max-snippet":"max-snippet:-1","max-image-preview":"max-image-preview:large","max-video-preview":"max-video-preview:-1"},"canonical":"https:\/\/www.metroelektrik.com.tr\/en\/muhendislik-ve-dizaynhizmetleri\/","og_locale":"en_GB","og_type":"article","og_title":"M\u00fchendislik ve Dizayn Hizmetlerimiz - Metro Elektrik","og_description":"Elektrik taahh\u00fct, m\u00fchendislik ve proje hizmetlerinde uzman ekibimizle end\u00fcstriyel ve ticari projeler i\u00e7in profesyonel \u00e7\u00f6z\u00fcmler sunuyoruz.","og_url":"https:\/\/www.metroelektrik.com.tr\/en\/muhendislik-ve-dizaynhizmetleri\/","og_site_name":"Metro Elektrik","article_publisher":"https:\/\/www.facebook.com\/metroelektrikgroup","article_modified_time":"2026-03-26T13:59:59+00:00","twitter_card":"summary_large_image","twitter_misc":{"Estimated reading time":"2 minutes"},"schema":{"@context":"https:\/\/schema.org","@graph":[{"@type":"WebPage","@id":"https:\/\/www.metroelektrik.com.tr\/muhendislik-ve-dizaynhizmetleri\/","url":"https:\/\/www.metroelektrik.com.tr\/muhendislik-ve-dizaynhizmetleri\/","name":"M\u00fchendislik ve Dizayn Hizmetlerimiz - Metro Elektrik","isPartOf":{"@id":"https:\/\/www.metroelektrik.com.tr\/#website"},"datePublished":"2018-04-21T10:52:43+00:00","dateModified":"2026-03-26T13:59:59+00:00","description":"Elektrik taahh\u00fct, m\u00fchendislik ve proje hizmetlerinde uzman ekibimizle end\u00fcstriyel ve ticari projeler i\u00e7in profesyonel \u00e7\u00f6z\u00fcmler sunuyoruz.","inLanguage":"en-GB","potentialAction":[{"@type":"ReadAction","target":["https:\/\/www.metroelektrik.com.tr\/muhendislik-ve-dizaynhizmetleri\/"]}]},{"@type":"WebSite","@id":"https:\/\/www.metroelektrik.com.tr\/#website","url":"https:\/\/www.metroelektrik.com.tr\/","name":"Metro Elektrik","description":"G\u00fcc\u00fcm\u00fcz Tecr\u00fcbemizdir","publisher":{"@id":"https:\/\/www.metroelektrik.com.tr\/#organization"},"potentialAction":[{"@type":"SearchAction","target":{"@type":"EntryPoint","urlTemplate":"https:\/\/www.metroelektrik.com.tr\/?s={search_term_string}"},"query-input":{"@type":"PropertyValueSpecification","valueRequired":true,"valueName":"search_term_string"}}],"inLanguage":"en-GB"},{"@type":"Organization","@id":"https:\/\/www.metroelektrik.com.tr\/#organization","name":"Metro Elektrik","url":"https:\/\/www.metroelektrik.com.tr\/","logo":{"@type":"ImageObject","inLanguage":"en-GB","@id":"https:\/\/www.metroelektrik.com.tr\/#\/schema\/logo\/image\/","url":"https:\/\/www.metroelektrik.com.tr\/wp-content\/uploads\/2024\/01\/Logo-metro-blck-75.png","contentUrl":"https:\/\/www.metroelektrik.com.tr\/wp-content\/uploads\/2024\/01\/Logo-metro-blck-75.png","width":197,"height":75,"caption":"Metro Elektrik"},"image":{"@id":"https:\/\/www.metroelektrik.com.tr\/#\/schema\/logo\/image\/"},"sameAs":["https:\/\/www.facebook.com\/metroelektrikgroup","https:\/\/www.linkedin.com\/company\/metroelektrikgroup\/","https:\/\/www.instagram.com\/metroelektrikgroup"]}]}},"_links":{"self":[{"href":"https:\/\/www.metroelektrik.com.tr\/en\/wp-json\/wp\/v2\/pages\/152","targetHints":{"allow":["GET"]}}],"collection":[{"href":"https:\/\/www.metroelektrik.com.tr\/en\/wp-json\/wp\/v2\/pages"}],"about":[{"href":"https:\/\/www.metroelektrik.com.tr\/en\/wp-json\/wp\/v2\/types\/page"}],"author":[{"embeddable":true,"href":"https:\/\/www.metroelektrik.com.tr\/en\/wp-json\/wp\/v2\/users\/1"}],"replies":[{"embeddable":true,"href":"https:\/\/www.metroelektrik.com.tr\/en\/wp-json\/wp\/v2\/comments?post=152"}],"version-history":[{"count":64,"href":"https:\/\/www.metroelektrik.com.tr\/en\/wp-json\/wp\/v2\/pages\/152\/revisions"}],"predecessor-version":[{"id":11675,"href":"https:\/\/www.metroelektrik.com.tr\/en\/wp-json\/wp\/v2\/pages\/152\/revisions\/11675"}],"wp:attachment":[{"href":"https:\/\/www.metroelektrik.com.tr\/en\/wp-json\/wp\/v2\/media?parent=152"}],"curies":[{"name":"wp","href":"https:\/\/api.w.org\/{rel}","templated":true}]}}