{"id":11632,"date":"2026-03-25T09:41:24","date_gmt":"2026-03-25T09:41:24","guid":{"rendered":"https:\/\/www.metroelektrik.com.tr\/?page_id=11632"},"modified":"2026-03-30T09:07:15","modified_gmt":"2026-03-30T09:07:15","slug":"fiyat-listeleri","status":"publish","type":"page","link":"https:\/\/www.metroelektrik.com.tr\/en\/fiyat-listeleri\/","title":{"rendered":"Fiyat Listeleri"},"content":{"rendered":"<div data-elementor-type=\"wp-page\" data-elementor-id=\"11632\" class=\"elementor elementor-11632\">\n\t\t\t\t<div class=\"elementor-element elementor-element-9bf89cb e-flex e-con-boxed e-con e-parent\" data-id=\"9bf89cb\" data-element_type=\"container\" data-e-type=\"container\">\n\t\t\t\t\t<div class=\"e-con-inner\">\n\t\t\t\t<div class=\"elementor-element elementor-element-b1206f7 elementor-widget elementor-widget-html\" data-id=\"b1206f7\" data-element_type=\"widget\" data-e-type=\"widget\" data-widget_type=\"html.default\">\n\t\t\t\t<div class=\"elementor-widget-container\">\n\t\t\t\t\t<!DOCTYPE html>\r\n<html lang=\"tr\">\r\n<head>\r\n<meta charset=\"UTF-8\">\r\n<meta name=\"viewport\" content=\"width=device-width, initial-scale=1.0\">\r\n<title>Fiyat Listeleri<\/title>\r\n<style>\r\nbody {\r\n  margin: 0;\r\n  font-family: Arial, sans-serif;\r\n  background: #f5f7fa;\r\n}\r\n\r\n.container {\r\n  max-width: 1200px;\r\n  margin: auto;\r\n  padding: 40px 20px;\r\n}\r\n\r\n.title {\r\n  text-align: center;\r\n  margin-bottom: 40px;\r\n}\r\n\r\n.title h1 {\r\n  font-size: 32px;\r\n  color: #1a1a1a;\r\n}\r\n\r\n.grid {\r\n  display: grid;\r\n  grid-template-columns: repeat(4, 1fr); \/* Desktop: 4 s\u00fctun *\/\r\n  gap: 20px;\r\n}\r\n\r\n.card {\r\n  background: white;\r\n  border-radius: 12px;\r\n  padding: 20px;\r\n  box-shadow: 0 4px 12px rgba(0,0,0,0.08);\r\n  transition: 0.3s;\r\n  display: flex;\r\n  flex-direction: column;\r\n  justify-content: space-between;\r\n}\r\n\r\n.card:hover {\r\n  transform: translateY(-5px);\r\n}\r\n\r\n.card img {\r\n  width: 100%;\r\n  height: 120px;\r\n  object-fit: contain;\r\n  margin-bottom: 15px;\r\n}\r\n\r\n.card h3 {\r\n  font-size: 18px;\r\n  margin-bottom: 15px;\r\n}\r\n\r\n.btn {\r\n  text-align: center;\r\n  padding: 10px;\r\n  border-radius: 6px;\r\n  background: #0056b3;\r\n  color: white;\r\n  text-decoration: none;\r\n  font-weight: bold;\r\n}\r\n\r\n.btn:hover {\r\n  background: #003d80;\r\n}\r\n\r\n\/* Responsive ayarlar *\/\r\n@media (max-width: 992px) {\r\n  .grid {\r\n    grid-template-columns: repeat(3, 1fr);\r\n  }\r\n}\r\n\r\n@media (max-width: 768px) {\r\n  .grid {\r\n    grid-template-columns: repeat(2, 1fr);\r\n  }\r\n}\r\n\r\n@media (max-width: 480px) {\r\n  .grid {\r\n    grid-template-columns: 1fr;\r\n  }\r\n\r\n  .card img {\r\n    height: 100px;\r\n  }\r\n\r\n  .title h1 {\r\n    font-size: 24px;\r\n  }\r\n}\r\n<\/style>\r\n<\/head>\r\n<body>\r\n<div class=\"container\">\r\n  <div class=\"title\">\r\n    <h1>Fiyat Listeleri<\/h1>\r\n  <\/div>\r\n  <div class=\"grid\">\r\n\r\n    <div class=\"card\">\r\n      <img decoding=\"async\" src=\"https:\/\/www.metroelektrik.com.tr\/wp-content\/uploads\/2024\/08\/ABB_logo.svg.png\" alt=\"ABB\">\r\n      <h3>ABB Fiyat Listesi<\/h3>\r\n      <a class=\"btn\" href=\"https:\/\/www.metroelektrik.com.tr\/wp-content\/uploads\/2026\/03\/ABB-Elektrifikasyon-Fiyat-Listesi-Subat-2026.pdf\" target=\"_blank\">G\u00f6r\u00fcnt\u00fcle<\/a>\r\n    <\/div>\r\n\r\n    <div class=\"card\">\r\n      <img decoding=\"async\" src=\"https:\/\/www.metroelektrik.com.tr\/wp-content\/uploads\/2024\/08\/ABB_logo.svg.png\" alt=\"ABB Drive\">\r\n      <h3>ABB Drive Fiyat Listesi<\/h3>\r\n      <a class=\"btn\" href=\"https:\/\/www.metroelektrik.com.tr\/wp-content\/uploads\/2025\/08\/ABB-Otomasyon-Fiyat-Listesi-2025-Mart.pdf\" target=\"_blank\">G\u00f6r\u00fcnt\u00fcle<\/a>\r\n    <\/div>\r\n\r\n    <div class=\"card\">\r\n      <img decoding=\"async\" src=\"https:\/\/www.metroelektrik.com.tr\/wp-content\/uploads\/2018\/04\/frako-logo.png\" alt=\"Frako\">\r\n      <h3>Frako Fiyat Listesi<\/h3>\r\n      <a class=\"btn\" href=\"https:\/\/www.metroelektrik.com.tr\/wp-content\/uploads\/2024\/01\/FRAKO-AA__USTOS-2015-FA_A\u00b0YAT-LA_A\u00b0STESA_A\u00b0-SON_compressed-sA\u00b1kA\u00b1A_tA\u00b1rA\u00b1ldA\u00b1.pdf\" target=\"_blank\">G\u00f6r\u00fcnt\u00fcle<\/a>\r\n    <\/div>\r\n\r\n    <div class=\"card\">\r\n      <img decoding=\"async\" src=\"https:\/\/www.metroelektrik.com.tr\/wp-content\/uploads\/2024\/03\/Chint.jpg\" alt=\"Chint\">\r\n      <h3>Chint Fiyat Listesi<\/h3>\r\n      <a class=\"btn\" href=\"https:\/\/www.metroelektrik.com.tr\/wp-content\/uploads\/2026\/03\/Chint-Salt-Urunleri-Fiyat-Listesi-2026-Subat.pdf\" target=\"_blank\">G\u00f6r\u00fcnt\u00fcle<\/a>\r\n    <\/div>\r\n\r\n    <div class=\"card\">\r\n      <img decoding=\"async\" src=\"https:\/\/www.metroelektrik.com.tr\/wp-content\/uploads\/2026\/03\/Siemens_AG_logo.svg\" alt=\"Siemens\">\r\n      <h3>Siemens Fiyat Listesi<\/h3>\r\n      <a class=\"btn\" href=\"https:\/\/www.metroelektrik.com.tr\/wp-content\/uploads\/2026\/01\/SS_FL_2025_06_10-Salt-Fiyat-Listesi-_-.pdf\" target=\"_blank\">G\u00f6r\u00fcnt\u00fcle<\/a>\r\n    <\/div>\r\n\r\n    <div class=\"card\">\r\n      <img decoding=\"async\" src=\"https:\/\/www.metroelektrik.com.tr\/wp-content\/uploads\/2024\/08\/weg-2.png\" alt=\"Weg\">\r\n      <h3>Weg \u015ealt Fiyat Listesi<\/h3>\r\n      <a class=\"btn\" href=\"https:\/\/www.metroelektrik.com.tr\/wp-content\/uploads\/2026\/03\/WEG-Salt-ve-Kontrol-Teknolojileri-Fiyat-Listesi-03.2026.pdf\" target=\"_blank\">G\u00f6r\u00fcnt\u00fcle<\/a>\r\n    <\/div>\r\n\r\n    <div class=\"card\">\r\n      <img decoding=\"async\" src=\"https:\/\/www.metroelektrik.com.tr\/wp-content\/uploads\/2024\/08\/weg-2.png\" alt=\"Weg Drive\">\r\n      <h3>Weg Drive Fiyat Listesi<\/h3>\r\n      <a class=\"btn\" href=\"https:\/\/www.metroelektrik.com.tr\/wp-content\/uploads\/2026\/03\/WEG-Endustriyel-Otomasyon-Sistemleri-Fiyat-Listesi-03.2026.pdf\" target=\"_blank\">G\u00f6r\u00fcnt\u00fcle<\/a>\r\n    <\/div>\r\n\r\n    <div class=\"card\">\r\n      <img decoding=\"async\" src=\"https:\/\/www.metroelektrik.com.tr\/wp-content\/uploads\/2024\/08\/Phoenix_Contact_Logo.svg-1024x289-1.png\" alt=\"Phoenix Contact\">\r\n      <h3>Phoenix Contact Fiyat Listesi<\/h3>\r\n      <a class=\"btn\" href=\"https:\/\/www.metroelektrik.com.tr\/wp-content\/uploads\/2026\/01\/PxCTR-Fiyat-Listesi-Ocak2026.v0.pdf\" target=\"_blank\">G\u00f6r\u00fcnt\u00fcle<\/a>\r\n    <\/div>\r\n\r\n    <div class=\"card\">\r\n      <img decoding=\"async\" src=\"https:\/\/www.metroelektrik.com.tr\/wp-content\/uploads\/2024\/08\/socomec-1.png\" alt=\"Socomec\">\r\n      <h3>Socomec Fiyat Listesi<\/h3>\r\n      <a class=\"btn\" href=\"https:\/\/www.metroelektrik.com.tr\/wp-content\/uploads\/2025\/09\/SocomecFL2023.pdf\" target=\"_blank\">G\u00f6r\u00fcnt\u00fcle<\/a>\r\n    <\/div>\r\n\r\n    <div class=\"card\">\r\n      <img decoding=\"async\" src=\"https:\/\/www.metroelektrik.com.tr\/wp-content\/uploads\/2024\/03\/entes-bayiliklerimiz.jpg\" alt=\"Entes\">\r\n      <h3>Entes Fiyat Listesi<\/h3>\r\n      <a class=\"btn\" href=\"https:\/\/www.metroelektrik.com.tr\/wp-content\/uploads\/2026\/01\/entes_fiyat_listesi_ocak_2026-697068dd17dae.pdf\" target=\"_blank\">G\u00f6r\u00fcnt\u00fcle<\/a>\r\n    <\/div>\r\n\r\n    <div class=\"card\">\r\n      <img decoding=\"async\" src=\"https:\/\/www.metroelektrik.com.tr\/wp-content\/uploads\/2024\/09\/kardes-elektrik1.png\" alt=\"Karde\u015f Elektrik\">\r\n      <h3>Karde\u015f Elektrik Fiyat Listesi<\/h3>\r\n      <a class=\"btn\" href=\"https:\/\/www.metroelektrik.com.tr\/wp-content\/uploads\/2026\/03\/Kardes-Elektrik-Ocak-2026-Fiyat-Listesi.pdf\" target=\"_blank\">G\u00f6r\u00fcnt\u00fcle<\/a>\r\n    <\/div>\r\n\r\n  <\/div>\r\n<\/div>\r\n<\/body>\r\n<\/html>\t\t\t\t<\/div>\n\t\t\t\t<\/div>\n\t\t\t\t\t<\/div>\n\t\t\t\t<\/div>\n\t\t\t\t<section class=\"elementor-section elementor-top-section elementor-element elementor-element-7212091 elementor-section-boxed elementor-section-height-default elementor-section-height-default\" data-id=\"7212091\" data-element_type=\"section\" data-e-type=\"section\" data-settings=\"{&quot;background_background&quot;:&quot;classic&quot;}\">\n\t\t\t\t\t\t<div class=\"elementor-container elementor-column-gap-default\">\n\t\t\t\t\t<div class=\"elementor-column elementor-col-100 elementor-top-column elementor-element elementor-element-4094fda\" data-id=\"4094fda\" data-element_type=\"column\" data-e-type=\"column\">\n\t\t\t<div class=\"elementor-widget-wrap elementor-element-populated\">\n\t\t\t\t\t\t<section class=\"elementor-section elementor-inner-section elementor-element elementor-element-1560da7 elementor-section-boxed elementor-section-height-default elementor-section-height-default\" data-id=\"1560da7\" data-element_type=\"section\" data-e-type=\"section\">\n\t\t\t\t\t\t<div class=\"elementor-container elementor-column-gap-default\">\n\t\t\t\t\t<div class=\"elementor-column elementor-col-50 elementor-inner-column elementor-element elementor-element-b2d03fc\" data-id=\"b2d03fc\" data-element_type=\"column\" data-e-type=\"column\">\n\t\t\t<div class=\"elementor-widget-wrap elementor-element-populated\">\n\t\t\t\t\t\t<div class=\"elementor-element elementor-element-6d550f5 elementor-widget elementor-widget-restly_title\" data-id=\"6d550f5\" data-element_type=\"widget\" data-e-type=\"widget\" data-widget_type=\"restly_title.default\">\n\t\t\t\t<div class=\"elementor-widget-container\">\n\t\t\t\t\t        <div class=\"restly-section-title-wrapper\">\r\n            <div class=\"restly-section-title\">\r\n                                \r\n                <h2 class=\"restly-section-title\">En g\u00fcncel haberler, ve kampanyalardan haberdar olmak i\u00e7in e-b\u00fcltenimize abone olun.<\/h2> \r\n            <\/div>\r\n        <\/div>\r\n        \t\t\t\t<\/div>\n\t\t\t\t<\/div>\n\t\t\t\t\t<\/div>\n\t\t<\/div>\n\t\t\t\t<div class=\"elementor-column elementor-col-50 elementor-inner-column elementor-element elementor-element-26ba0f6\" data-id=\"26ba0f6\" data-element_type=\"column\" data-e-type=\"column\">\n\t\t\t<div class=\"elementor-widget-wrap elementor-element-populated\">\n\t\t\t\t\t\t<div class=\"elementor-element elementor-element-c8d42f5 elementor-widget elementor-widget-restly_subscribe\" data-id=\"c8d42f5\" data-element_type=\"widget\" data-e-type=\"widget\" data-widget_type=\"restly_subscribe.default\">\n\t\t\t\t<div class=\"elementor-widget-container\">\n\t\t\t\t\t        <div class=\"restly-subscribe-wrapper\">\r\n            <div class=\"restly-subscribe-innter\">\r\n            <script>(function() {\n\twindow.mc4wp = window.mc4wp || {\n\t\tlisteners: [],\n\t\tforms: {\n\t\t\ton: function(evt, cb) {\n\t\t\t\twindow.mc4wp.listeners.push(\n\t\t\t\t\t{\n\t\t\t\t\t\tevent   : evt,\n\t\t\t\t\t\tcallback: cb\n\t\t\t\t\t}\n\t\t\t\t);\n\t\t\t}\n\t\t}\n\t}\n})();\n<\/script><!-- Mailchimp for WordPress v4.12.2 - https:\/\/wordpress.org\/plugins\/mailchimp-for-wp\/ --><form id=\"mc4wp-form-1\" class=\"mc4wp-form mc4wp-form-11246\" method=\"post\" data-id=\"11246\" data-name=\"test\" action=\"\" ><div class=\"mc4wp-form-fields\"><div class=\"mc4wp-form-fields\">\r\n  <input type=\"email\" name=\"EMAIL\" placeholder=\"Mail adresinizi yaz\u0131n\" required=\"\">\r\n  <button value=\"submit\">Abone Ol<\/button>\r\n<\/div><\/div><label style=\"display: none !important;\">Leave this field empty if you're human: <input type=\"text\" name=\"_mc4wp_honeypot\" value=\"\" tabindex=\"-1\" autocomplete=\"off\" \/><\/label><input type=\"hidden\" name=\"_mc4wp_timestamp\" value=\"1776870338\" \/><input type=\"hidden\" name=\"_mc4wp_form_id\" value=\"11246\" \/><input type=\"hidden\" name=\"_mc4wp_form_element_id\" value=\"mc4wp-form-1\" \/><div class=\"mc4wp-response\"><\/div><input type=\"hidden\" name=\"trp-form-language\" value=\"en\"\/><\/form><!-- \/ Mailchimp for WordPress Plugin -->            <\/div>\r\n        <\/div>\r\n        \t\t\t\t<\/div>\n\t\t\t\t<\/div>\n\t\t\t\t\t<\/div>\n\t\t<\/div>\n\t\t\t\t\t<\/div>\n\t\t<\/section>\n\t\t\t\t\t<\/div>\n\t\t<\/div>\n\t\t\t\t\t<\/div>\n\t\t<\/section>\n\t\t\t\t<\/div>","protected":false},"excerpt":{"rendered":"<p>Fiyat Listeleri Fiyat Listeleri ABB Fiyat Listesi G\u00f6r\u00fcnt\u00fcle ABB Drive Fiyat Listesi G\u00f6r\u00fcnt\u00fcle Frako Fiyat Listesi G\u00f6r\u00fcnt\u00fcle Chint Fiyat Listesi G\u00f6r\u00fcnt\u00fcle Siemens Fiyat Listesi G\u00f6r\u00fcnt\u00fcle Weg \u015ealt Fiyat Listesi G\u00f6r\u00fcnt\u00fcle Weg Drive Fiyat Listesi G\u00f6r\u00fcnt\u00fcle Phoenix Contact Fiyat Listesi G\u00f6r\u00fcnt\u00fcle Socomec Fiyat Listesi G\u00f6r\u00fcnt\u00fcle Entes Fiyat Listesi G\u00f6r\u00fcnt\u00fcle Karde\u015f Elektrik Fiyat Listesi G\u00f6r\u00fcnt\u00fcle En g\u00fcncel [&hellip;]<\/p>\n","protected":false},"author":7,"featured_media":0,"parent":0,"menu_order":0,"comment_status":"closed","ping_status":"closed","template":"","meta":{"_monsterinsights_skip_tracking":false,"_monsterinsights_sitenote_active":false,"_monsterinsights_sitenote_note":"","_monsterinsights_sitenote_category":0,"footnotes":""},"class_list":["post-11632","page","type-page","status-publish","hentry"],"yoast_head":"<!-- This site is optimized with the Yoast SEO plugin v27.4 - https:\/\/yoast.com\/product\/yoast-seo-wordpress\/ -->\n<title>Fiyat Listeleri - Metro Elektrik<\/title>\n<meta name=\"description\" content=\"Elektrik malzemeleri fiyat listesi, g\u00fcncel \u00fcr\u00fcn fiyatlar\u0131 ve detaylar i\u00e7in Metro Elektrik\u2019i ziyaret edin. Hemen teklif al\u0131n.\" \/>\n<meta name=\"robots\" content=\"index, follow, max-snippet:-1, max-image-preview:large, max-video-preview:-1\" \/>\n<link rel=\"canonical\" href=\"https:\/\/www.metroelektrik.com.tr\/en\/fiyat-listeleri\/\" \/>\n<meta property=\"og:locale\" content=\"en_GB\" \/>\n<meta property=\"og:type\" content=\"article\" \/>\n<meta property=\"og:title\" content=\"Fiyat Listeleri - Metro Elektrik\" \/>\n<meta property=\"og:description\" content=\"Elektrik malzemeleri fiyat listesi, g\u00fcncel \u00fcr\u00fcn fiyatlar\u0131 ve detaylar i\u00e7in Metro Elektrik\u2019i ziyaret edin. Hemen teklif al\u0131n.\" \/>\n<meta property=\"og:url\" content=\"https:\/\/www.metroelektrik.com.tr\/en\/fiyat-listeleri\/\" \/>\n<meta property=\"og:site_name\" content=\"Metro Elektrik\" \/>\n<meta property=\"article:publisher\" content=\"https:\/\/www.facebook.com\/metroelektrikgroup\" \/>\n<meta property=\"article:modified_time\" content=\"2026-03-30T09:07:15+00:00\" \/>\n<meta property=\"og:image\" content=\"https:\/\/www.metroelektrik.com.tr\/wp-content\/uploads\/2024\/08\/ABB_logo.svg.png\" \/>\n<meta name=\"twitter:card\" content=\"summary_large_image\" \/>\n<meta name=\"twitter:label1\" content=\"Estimated reading time\" \/>\n\t<meta name=\"twitter:data1\" content=\"3 minutes\" \/>\n<script type=\"application\/ld+json\" class=\"yoast-schema-graph\">{\"@context\":\"https:\\\/\\\/schema.org\",\"@graph\":[{\"@type\":\"WebPage\",\"@id\":\"https:\\\/\\\/www.metroelektrik.com.tr\\\/fiyat-listeleri\\\/\",\"url\":\"https:\\\/\\\/www.metroelektrik.com.tr\\\/fiyat-listeleri\\\/\",\"name\":\"Fiyat Listeleri - Metro Elektrik\",\"isPartOf\":{\"@id\":\"https:\\\/\\\/www.metroelektrik.com.tr\\\/#website\"},\"primaryImageOfPage\":{\"@id\":\"https:\\\/\\\/www.metroelektrik.com.tr\\\/fiyat-listeleri\\\/#primaryimage\"},\"image\":{\"@id\":\"https:\\\/\\\/www.metroelektrik.com.tr\\\/fiyat-listeleri\\\/#primaryimage\"},\"thumbnailUrl\":\"https:\\\/\\\/www.metroelektrik.com.tr\\\/wp-content\\\/uploads\\\/2024\\\/08\\\/ABB_logo.svg.png\",\"datePublished\":\"2026-03-25T09:41:24+00:00\",\"dateModified\":\"2026-03-30T09:07:15+00:00\",\"description\":\"Elektrik malzemeleri fiyat listesi, g\u00fcncel \u00fcr\u00fcn fiyatlar\u0131 ve detaylar i\u00e7in Metro Elektrik\u2019i ziyaret edin. Hemen teklif al\u0131n.\",\"inLanguage\":\"en-GB\",\"potentialAction\":[{\"@type\":\"ReadAction\",\"target\":[\"https:\\\/\\\/www.metroelektrik.com.tr\\\/fiyat-listeleri\\\/\"]}]},{\"@type\":\"ImageObject\",\"inLanguage\":\"en-GB\",\"@id\":\"https:\\\/\\\/www.metroelektrik.com.tr\\\/fiyat-listeleri\\\/#primaryimage\",\"url\":\"https:\\\/\\\/www.metroelektrik.com.tr\\\/wp-content\\\/uploads\\\/2024\\\/08\\\/ABB_logo.svg.png\",\"contentUrl\":\"https:\\\/\\\/www.metroelektrik.com.tr\\\/wp-content\\\/uploads\\\/2024\\\/08\\\/ABB_logo.svg.png\"},{\"@type\":\"WebSite\",\"@id\":\"https:\\\/\\\/www.metroelektrik.com.tr\\\/#website\",\"url\":\"https:\\\/\\\/www.metroelektrik.com.tr\\\/\",\"name\":\"Metro Elektrik\",\"description\":\"G\u00fcc\u00fcm\u00fcz Tecr\u00fcbemizdir\",\"publisher\":{\"@id\":\"https:\\\/\\\/www.metroelektrik.com.tr\\\/#organization\"},\"potentialAction\":[{\"@type\":\"SearchAction\",\"target\":{\"@type\":\"EntryPoint\",\"urlTemplate\":\"https:\\\/\\\/www.metroelektrik.com.tr\\\/?s={search_term_string}\"},\"query-input\":{\"@type\":\"PropertyValueSpecification\",\"valueRequired\":true,\"valueName\":\"search_term_string\"}}],\"inLanguage\":\"en-GB\"},{\"@type\":\"Organization\",\"@id\":\"https:\\\/\\\/www.metroelektrik.com.tr\\\/#organization\",\"name\":\"Metro Elektrik\",\"url\":\"https:\\\/\\\/www.metroelektrik.com.tr\\\/\",\"logo\":{\"@type\":\"ImageObject\",\"inLanguage\":\"en-GB\",\"@id\":\"https:\\\/\\\/www.metroelektrik.com.tr\\\/#\\\/schema\\\/logo\\\/image\\\/\",\"url\":\"https:\\\/\\\/www.metroelektrik.com.tr\\\/wp-content\\\/uploads\\\/2024\\\/01\\\/Logo-metro-blck-75.png\",\"contentUrl\":\"https:\\\/\\\/www.metroelektrik.com.tr\\\/wp-content\\\/uploads\\\/2024\\\/01\\\/Logo-metro-blck-75.png\",\"width\":197,\"height\":75,\"caption\":\"Metro Elektrik\"},\"image\":{\"@id\":\"https:\\\/\\\/www.metroelektrik.com.tr\\\/#\\\/schema\\\/logo\\\/image\\\/\"},\"sameAs\":[\"https:\\\/\\\/www.facebook.com\\\/metroelektrikgroup\",\"https:\\\/\\\/www.linkedin.com\\\/company\\\/metroelektrikgroup\\\/\",\"https:\\\/\\\/www.instagram.com\\\/metroelektrikgroup\"]}]}<\/script>\n<!-- \/ Yoast SEO plugin. -->","yoast_head_json":{"title":"Fiyat Listeleri - Metro Elektrik","description":"Elektrik malzemeleri fiyat listesi, g\u00fcncel \u00fcr\u00fcn fiyatlar\u0131 ve detaylar i\u00e7in Metro Elektrik\u2019i ziyaret edin. Hemen teklif al\u0131n.","robots":{"index":"index","follow":"follow","max-snippet":"max-snippet:-1","max-image-preview":"max-image-preview:large","max-video-preview":"max-video-preview:-1"},"canonical":"https:\/\/www.metroelektrik.com.tr\/en\/fiyat-listeleri\/","og_locale":"en_GB","og_type":"article","og_title":"Fiyat Listeleri - Metro Elektrik","og_description":"Elektrik malzemeleri fiyat listesi, g\u00fcncel \u00fcr\u00fcn fiyatlar\u0131 ve detaylar i\u00e7in Metro Elektrik\u2019i ziyaret edin. Hemen teklif al\u0131n.","og_url":"https:\/\/www.metroelektrik.com.tr\/en\/fiyat-listeleri\/","og_site_name":"Metro Elektrik","article_publisher":"https:\/\/www.facebook.com\/metroelektrikgroup","article_modified_time":"2026-03-30T09:07:15+00:00","og_image":[{"url":"https:\/\/www.metroelektrik.com.tr\/wp-content\/uploads\/2024\/08\/ABB_logo.svg.png","type":"","width":"","height":""}],"twitter_card":"summary_large_image","twitter_misc":{"Estimated reading time":"3 minutes"},"schema":{"@context":"https:\/\/schema.org","@graph":[{"@type":"WebPage","@id":"https:\/\/www.metroelektrik.com.tr\/fiyat-listeleri\/","url":"https:\/\/www.metroelektrik.com.tr\/fiyat-listeleri\/","name":"Fiyat Listeleri - Metro Elektrik","isPartOf":{"@id":"https:\/\/www.metroelektrik.com.tr\/#website"},"primaryImageOfPage":{"@id":"https:\/\/www.metroelektrik.com.tr\/fiyat-listeleri\/#primaryimage"},"image":{"@id":"https:\/\/www.metroelektrik.com.tr\/fiyat-listeleri\/#primaryimage"},"thumbnailUrl":"https:\/\/www.metroelektrik.com.tr\/wp-content\/uploads\/2024\/08\/ABB_logo.svg.png","datePublished":"2026-03-25T09:41:24+00:00","dateModified":"2026-03-30T09:07:15+00:00","description":"Elektrik malzemeleri fiyat listesi, g\u00fcncel \u00fcr\u00fcn fiyatlar\u0131 ve detaylar i\u00e7in Metro Elektrik\u2019i ziyaret edin. Hemen teklif al\u0131n.","inLanguage":"en-GB","potentialAction":[{"@type":"ReadAction","target":["https:\/\/www.metroelektrik.com.tr\/fiyat-listeleri\/"]}]},{"@type":"ImageObject","inLanguage":"en-GB","@id":"https:\/\/www.metroelektrik.com.tr\/fiyat-listeleri\/#primaryimage","url":"https:\/\/www.metroelektrik.com.tr\/wp-content\/uploads\/2024\/08\/ABB_logo.svg.png","contentUrl":"https:\/\/www.metroelektrik.com.tr\/wp-content\/uploads\/2024\/08\/ABB_logo.svg.png"},{"@type":"WebSite","@id":"https:\/\/www.metroelektrik.com.tr\/#website","url":"https:\/\/www.metroelektrik.com.tr\/","name":"Metro Elektrik","description":"G\u00fcc\u00fcm\u00fcz Tecr\u00fcbemizdir","publisher":{"@id":"https:\/\/www.metroelektrik.com.tr\/#organization"},"potentialAction":[{"@type":"SearchAction","target":{"@type":"EntryPoint","urlTemplate":"https:\/\/www.metroelektrik.com.tr\/?s={search_term_string}"},"query-input":{"@type":"PropertyValueSpecification","valueRequired":true,"valueName":"search_term_string"}}],"inLanguage":"en-GB"},{"@type":"Organization","@id":"https:\/\/www.metroelektrik.com.tr\/#organization","name":"Metro Elektrik","url":"https:\/\/www.metroelektrik.com.tr\/","logo":{"@type":"ImageObject","inLanguage":"en-GB","@id":"https:\/\/www.metroelektrik.com.tr\/#\/schema\/logo\/image\/","url":"https:\/\/www.metroelektrik.com.tr\/wp-content\/uploads\/2024\/01\/Logo-metro-blck-75.png","contentUrl":"https:\/\/www.metroelektrik.com.tr\/wp-content\/uploads\/2024\/01\/Logo-metro-blck-75.png","width":197,"height":75,"caption":"Metro Elektrik"},"image":{"@id":"https:\/\/www.metroelektrik.com.tr\/#\/schema\/logo\/image\/"},"sameAs":["https:\/\/www.facebook.com\/metroelektrikgroup","https:\/\/www.linkedin.com\/company\/metroelektrikgroup\/","https:\/\/www.instagram.com\/metroelektrikgroup"]}]}},"_links":{"self":[{"href":"https:\/\/www.metroelektrik.com.tr\/en\/wp-json\/wp\/v2\/pages\/11632","targetHints":{"allow":["GET"]}}],"collection":[{"href":"https:\/\/www.metroelektrik.com.tr\/en\/wp-json\/wp\/v2\/pages"}],"about":[{"href":"https:\/\/www.metroelektrik.com.tr\/en\/wp-json\/wp\/v2\/types\/page"}],"author":[{"embeddable":true,"href":"https:\/\/www.metroelektrik.com.tr\/en\/wp-json\/wp\/v2\/users\/7"}],"replies":[{"embeddable":true,"href":"https:\/\/www.metroelektrik.com.tr\/en\/wp-json\/wp\/v2\/comments?post=11632"}],"version-history":[{"count":18,"href":"https:\/\/www.metroelektrik.com.tr\/en\/wp-json\/wp\/v2\/pages\/11632\/revisions"}],"predecessor-version":[{"id":11686,"href":"https:\/\/www.metroelektrik.com.tr\/en\/wp-json\/wp\/v2\/pages\/11632\/revisions\/11686"}],"wp:attachment":[{"href":"https:\/\/www.metroelektrik.com.tr\/en\/wp-json\/wp\/v2\/media?parent=11632"}],"curies":[{"name":"wp","href":"https:\/\/api.w.org\/{rel}","templated":true}]}}